{"id":1647,"date":"2021-03-23T16:24:20","date_gmt":"2021-03-23T16:24:20","guid":{"rendered":"http:\/\/miligram20.miligram.pt\/terminos-y-condiciones\/"},"modified":"2026-03-20T12:13:13","modified_gmt":"2026-03-20T12:13:13","slug":"terminos-y-condiciones","status":"publish","type":"page","link":"https:\/\/verdeaguanatureza.com\/es\/terminos-y-condiciones\/","title":{"rendered":"T\u00e9rminos Y Condiciones"},"content":{"rendered":"<p><strong>Condiciones de Reserva para Ni\u00f1os:<\/strong><\/p>\n<p>Los ni\u00f1os est\u00e1n sujetos al pago de una tarifa por noche, que puede variar seg\u00fan la edad del ni\u00f1o o el tipo de cama seleccionada. Los ni\u00f1os mayores de 12 a\u00f1os pagan la tarifa de adulto. El importe exacto se confirmar\u00e1 en el momento de la reserva.<\/p>\n<p><strong>Pol\u00edtica de confirmaci\u00f3n de reserva:<\/strong><\/p>\n<p>&#8211; El pago del 50% del valor total de la estancia ser\u00e1 efectuado en el momento en el que se realice la reserva;<br \/>\n&#8211; El pago del 50% restante deber\u00e1 realizarse 7 d\u00edas antes del check-in, en el caso que no se realice se <a href=\"#cancelation\">cancelar\u00e1 la reserva<\/a><\/p>\n<p>Los pagos referentes a la reserva de su estancia se realizaran por el siguiente medio:<\/p>\n<p>Transferencia bancaria ( solicitamos que env\u00eden el justificante de la transferencia a trav\u00e9s de e-mail para poder asociar dicha operaci\u00f3n a su reserva)<\/p>\n<ul>\n<li>Nombre: Verde \u00c1gua (Joana Gouveia)<\/li>\n<li>IBAN:PT50 0007 0000 00527528002 23<\/li>\n<li>BIC \/ SWIFT: BESCPTPL<\/li>\n<\/ul>\n<p>Nota:<br \/>\nEl pago y el env\u00edo del respectivo justificante deber\u00e1n ser efectuados en las 24 horas siguientes a la confirmaci\u00f3n de su reserva, en caso contrario su reserva ser\u00e1 cancelada.<br \/>\nCuando el pago total de la estad\u00eda est\u00e9 realizado, podr\u00e1 solicitarnos la factura correspondiente con los datos que desee.<br \/>\nTodos los gastos y consumiciones extras que realice durante su estancia (no contemplados en el momento de su reserva) deber\u00e1n ser abonados en el momento de Check- out, y en efectivo. Ahora bien, como garant\u00eda de pago, ser\u00e1 necesaria la entrega de una tarjeta de cr\u00e9dito o una cauci\u00f3n de 100 euros en efectivo, en el momento del Check-in.<\/p>\n<p><strong>Pol\u00edtica de cancelaci\u00f3n de su reserva:<\/strong><\/p>\n<p>\u2013 Cancelaciones hasta 30 d\u00edas antes del check-in: cargo de 1 noche.<br \/>\n\u2013 Cancelaciones entre 30 y 7 d\u00edas antes del check-in: 50% del monto total de la reserva.<br \/>\n\u2013 Las cancelaciones de \u00faltima hora y salidas anticipadas llevar\u00e1n consigo la p\u00e9rdida total del valor pagado.<br \/>\nLa solicitud de cancelaci\u00f3n deber\u00e1 ser enviado a trav\u00e9s del siguiente correo electr\u00f3nico: geral@verdeaguanatureza.com<\/p>\n<p><strong>Pol\u00edtica de funcionamiento<\/strong><\/p>\n<p>Check-in\/ Check-out<br \/>\nHorario de Check-in: entre las 16:00h y las 20:00h.<br \/>\nHorario de Check-out: entre las 9:00h y las 11:00h.<\/p>\n<p><strong>Pertenencias de los hu\u00e9spedes.<\/strong><\/p>\n<p>Solicitamos a nuestros hu\u00e9spedes que mantengan las puertas de sus habitaciones cerradas con llave, siempre que se encuentren fuera de la misma, o cuando est\u00e9n descansando, siendo estos los \u00fanicos responsables de la p\u00e9rdida de sus pertenencias o de cualquier objeto propiedad del alojamiento que se encuentre en su habitaci\u00f3n.<\/p>\n<p><strong>Fumar.<\/strong><\/p>\n<p>Est\u00e1 prohibido fumar en todos los espacios cerrados de Verde Agua.<br \/>\n\u00danicamente est\u00e1 permitido fumar en las \u00e1reas exteriores debidamente se\u00f1aladas y donde se encuentran los ceniceros. Rogamos que respeten la naturaleza y no tiren las colillas al suelo, GRACIAS!<\/p>\n<p><strong>Animales de estimaci\u00f3n.<\/strong><\/p>\n<p>En Verde Agua viven muchos animales, de diferentes especies, algunos dom\u00e9sticos, como perros, caballo, gallinas y otros salvajes, como zorro, gineta, puerco esp\u00edn, entre otras especies, y la convivencia de todos ellos y la libertad que les est\u00e1 permitida puede verse desestabilizada con la presencia de animales no residentes. Por ello, no aceptamos animales de estimaci\u00f3n y esperamos que entiendan nuestro motivo y preocupaci\u00f3n.<\/p>\n<p><strong>Animales de campo y espacios agr\u00edcolas.<\/strong><\/p>\n<p>Verde Agua es una finca de producci\u00f3n agr\u00edcola y ganadera, con espacios delimitados y vallados, por lo que rogamos lo siguiente:<br \/>\nNo entrar en los espacios debidamente vallados donde se encuentran los animales para as\u00ed evitar que se escapen y proteger la integridad f\u00edsica de los hu\u00e9spedes;<\/p>\n<p>Siempre que entren en los espacios agr\u00edcolas con port\u00f3n, como la huerta, el morangal, o el esparragal, rogamos que cierren el mismo para proteger la entrada de los animales y proteger as\u00ed las cosechas.<\/p>\n<p><strong>Animales salvajes- Prot\u00e9jase y prot\u00e9jalos.<\/strong><\/p>\n<p>La finca Verde Agua posee una superficie de m\u00e1s de 5 hect\u00e1reas de floresta al margen del Rio Duero, esta \u00e1rea no est\u00e1 vallada, para permitir que los animales salvajes, como zorros, ginetas, jabal\u00eds y otras especies circulen libremente por la floresta contribuyendo de esta forma al equilibrio del ecosistema.<\/p>\n<p>La circulaci\u00f3n por los caminos de la floresta deber\u00e1 realizarse de d\u00eda. La mayor\u00eda de los animales salvajes son nocturnos, por lo que no aconsejamos paseos nocturnos por la floresta.<br \/>\nAnimales como el erizo y el sapo que nos ayudan a controlar las plagas, pasean por el espacio agr\u00edcola, particularmente por la noche, por lo que rogamos que al entrar y salir de la finca con su veh\u00edculo circulen despacio y poniendo especial atenci\u00f3n a la carretera.<\/p>\n<p>No dude en contactarnos\u2026<\/p>\n<p>Es muy importante para nosotros tener todo preparado antes de su llegada ya que deseamos que su estancia sea especial y memorable.<\/p>\n<p>Para cualquier informaci\u00f3n sobre otras actividades o peticiones especiales, rogamos que se pongan en contacto con nosotros a trav\u00e9s del siguiente e-mail: <a href=\"mailto:geral@verdeaguanatureza.com\">geral@verdeaguanatureza.com<\/a><\/p>\n<p>Estos t\u00e9rminos y condiciones ser\u00e1n aceptados autom\u00e1ticamente una vez efectuada su reserva.<\/p>\n<p>Nos reservamos el derecho de alterar los t\u00e9rminos y condiciones en cualquier momento.<\/p>\n","protected":false},"excerpt":{"rendered":"<p>Condiciones de Reserva para Ni\u00f1os: Los ni\u00f1os est\u00e1n sujetos al pago de una tarifa por noche, que puede variar seg\u00fan la edad del ni\u00f1o o el tipo de cama seleccionada. Los ni\u00f1os mayores de 12 a\u00f1os pagan la tarifa de adulto. El importe exacto se confirmar\u00e1 en el momento de la reserva. Pol\u00edtica de confirmaci\u00f3n [&hellip;]<\/p>\n","protected":false},"author":1,"featured_media":0,"parent":0,"menu_order":0,"comment_status":"closed","ping_status":"closed","template":"","meta":{"footnotes":""},"class_list":["post-1647","page","type-page","status-publish","hentry"],"yoast_head":"<!-- This site is optimized with the Yoast SEO plugin v27.5 - https:\/\/yoast.com\/product\/yoast-seo-wordpress\/ -->\n<title>T\u00e9rminos Y Condiciones - Verde \u00c1gua Natureza<\/title>\n<meta name=\"robots\" content=\"index, follow, max-snippet:-1, max-image-preview:large, max-video-preview:-1\" \/>\n<link rel=\"canonical\" href=\"https:\/\/verdeaguanatureza.com\/es\/terminos-y-condiciones\/\" \/>\n<meta property=\"og:locale\" content=\"es_ES\" \/>\n<meta property=\"og:type\" content=\"article\" \/>\n<meta property=\"og:title\" content=\"T\u00e9rminos Y Condiciones - Verde \u00c1gua Natureza\" \/>\n<meta property=\"og:description\" content=\"Condiciones de Reserva para Ni\u00f1os: Los ni\u00f1os est\u00e1n sujetos al pago de una tarifa por noche, que puede variar seg\u00fan la edad del ni\u00f1o o el tipo de cama seleccionada. Los ni\u00f1os mayores de 12 a\u00f1os pagan la tarifa de adulto. El importe exacto se confirmar\u00e1 en el momento de la reserva. Pol\u00edtica de confirmaci\u00f3n [&hellip;]\" \/>\n<meta property=\"og:url\" content=\"https:\/\/verdeaguanatureza.com\/es\/terminos-y-condiciones\/\" \/>\n<meta property=\"og:site_name\" content=\"Verde \u00c1gua Natureza\" \/>\n<meta property=\"article:publisher\" content=\"https:\/\/www.facebook.com\/verdeaguanatureza-112147207229298\" \/>\n<meta property=\"article:modified_time\" content=\"2026-03-20T12:13:13+00:00\" \/>\n<meta name=\"twitter:card\" content=\"summary_large_image\" \/>\n<meta name=\"twitter:label1\" content=\"Tiempo de lectura\" \/>\n\t<meta name=\"twitter:data1\" content=\"4 minutos\" \/>\n<script type=\"application\/ld+json\" class=\"yoast-schema-graph\">{\"@context\":\"https:\\\/\\\/schema.org\",\"@graph\":[{\"@type\":\"WebPage\",\"@id\":\"https:\\\/\\\/verdeaguanatureza.com\\\/es\\\/terminos-y-condiciones\\\/\",\"url\":\"https:\\\/\\\/verdeaguanatureza.com\\\/es\\\/terminos-y-condiciones\\\/\",\"name\":\"T\u00e9rminos Y Condiciones - Verde \u00c1gua Natureza\",\"isPartOf\":{\"@id\":\"https:\\\/\\\/verdeaguanatureza.com\\\/es\\\/#website\"},\"datePublished\":\"2021-03-23T16:24:20+00:00\",\"dateModified\":\"2026-03-20T12:13:13+00:00\",\"breadcrumb\":{\"@id\":\"https:\\\/\\\/verdeaguanatureza.com\\\/es\\\/terminos-y-condiciones\\\/#breadcrumb\"},\"inLanguage\":\"es\",\"potentialAction\":[{\"@type\":\"ReadAction\",\"target\":[\"https:\\\/\\\/verdeaguanatureza.com\\\/es\\\/terminos-y-condiciones\\\/\"]}]},{\"@type\":\"BreadcrumbList\",\"@id\":\"https:\\\/\\\/verdeaguanatureza.com\\\/es\\\/terminos-y-condiciones\\\/#breadcrumb\",\"itemListElement\":[{\"@type\":\"ListItem\",\"position\":1,\"name\":\"Home\",\"item\":\"https:\\\/\\\/verdeaguanatureza.com\\\/es\\\/\"},{\"@type\":\"ListItem\",\"position\":2,\"name\":\"T\u00e9rminos Y Condiciones\"}]},{\"@type\":\"WebSite\",\"@id\":\"https:\\\/\\\/verdeaguanatureza.com\\\/es\\\/#website\",\"url\":\"https:\\\/\\\/verdeaguanatureza.com\\\/es\\\/\",\"name\":\"Verde \u00c1gua\",\"description\":\"Agricultura Biol\u00f3gica | Agroturismo\",\"publisher\":{\"@id\":\"https:\\\/\\\/verdeaguanatureza.com\\\/es\\\/#organization\"},\"potentialAction\":[{\"@type\":\"SearchAction\",\"target\":{\"@type\":\"EntryPoint\",\"urlTemplate\":\"https:\\\/\\\/verdeaguanatureza.com\\\/es\\\/?s={search_term_string}\"},\"query-input\":{\"@type\":\"PropertyValueSpecification\",\"valueRequired\":true,\"valueName\":\"search_term_string\"}}],\"inLanguage\":\"es\"},{\"@type\":\"Organization\",\"@id\":\"https:\\\/\\\/verdeaguanatureza.com\\\/es\\\/#organization\",\"name\":\"Verde \u00c1gua Natureza\",\"url\":\"https:\\\/\\\/verdeaguanatureza.com\\\/es\\\/\",\"logo\":{\"@type\":\"ImageObject\",\"inLanguage\":\"es\",\"@id\":\"https:\\\/\\\/verdeaguanatureza.com\\\/es\\\/#\\\/schema\\\/logo\\\/image\\\/\",\"url\":\"https:\\\/\\\/verdeaguanatureza.com\\\/wp-content\\\/uploads\\\/2021\\\/01\\\/verde-agua-logo.svg\",\"contentUrl\":\"https:\\\/\\\/verdeaguanatureza.com\\\/wp-content\\\/uploads\\\/2021\\\/01\\\/verde-agua-logo.svg\",\"width\":1,\"height\":1,\"caption\":\"Verde \u00c1gua Natureza\"},\"image\":{\"@id\":\"https:\\\/\\\/verdeaguanatureza.com\\\/es\\\/#\\\/schema\\\/logo\\\/image\\\/\"},\"sameAs\":[\"https:\\\/\\\/www.facebook.com\\\/verdeaguanatureza-112147207229298\",\"https:\\\/\\\/www.instagram.com\\\/verdeaguanatureza\\\/\"]}]}<\/script>\n<!-- \/ Yoast SEO plugin. -->","yoast_head_json":{"title":"T\u00e9rminos Y Condiciones - Verde \u00c1gua Natureza","robots":{"index":"index","follow":"follow","max-snippet":"max-snippet:-1","max-image-preview":"max-image-preview:large","max-video-preview":"max-video-preview:-1"},"canonical":"https:\/\/verdeaguanatureza.com\/es\/terminos-y-condiciones\/","og_locale":"es_ES","og_type":"article","og_title":"T\u00e9rminos Y Condiciones - Verde \u00c1gua Natureza","og_description":"Condiciones de Reserva para Ni\u00f1os: Los ni\u00f1os est\u00e1n sujetos al pago de una tarifa por noche, que puede variar seg\u00fan la edad del ni\u00f1o o el tipo de cama seleccionada. Los ni\u00f1os mayores de 12 a\u00f1os pagan la tarifa de adulto. El importe exacto se confirmar\u00e1 en el momento de la reserva. Pol\u00edtica de confirmaci\u00f3n [&hellip;]","og_url":"https:\/\/verdeaguanatureza.com\/es\/terminos-y-condiciones\/","og_site_name":"Verde \u00c1gua Natureza","article_publisher":"https:\/\/www.facebook.com\/verdeaguanatureza-112147207229298","article_modified_time":"2026-03-20T12:13:13+00:00","twitter_card":"summary_large_image","twitter_misc":{"Tiempo de lectura":"4 minutos"},"schema":{"@context":"https:\/\/schema.org","@graph":[{"@type":"WebPage","@id":"https:\/\/verdeaguanatureza.com\/es\/terminos-y-condiciones\/","url":"https:\/\/verdeaguanatureza.com\/es\/terminos-y-condiciones\/","name":"T\u00e9rminos Y Condiciones - Verde \u00c1gua Natureza","isPartOf":{"@id":"https:\/\/verdeaguanatureza.com\/es\/#website"},"datePublished":"2021-03-23T16:24:20+00:00","dateModified":"2026-03-20T12:13:13+00:00","breadcrumb":{"@id":"https:\/\/verdeaguanatureza.com\/es\/terminos-y-condiciones\/#breadcrumb"},"inLanguage":"es","potentialAction":[{"@type":"ReadAction","target":["https:\/\/verdeaguanatureza.com\/es\/terminos-y-condiciones\/"]}]},{"@type":"BreadcrumbList","@id":"https:\/\/verdeaguanatureza.com\/es\/terminos-y-condiciones\/#breadcrumb","itemListElement":[{"@type":"ListItem","position":1,"name":"Home","item":"https:\/\/verdeaguanatureza.com\/es\/"},{"@type":"ListItem","position":2,"name":"T\u00e9rminos Y Condiciones"}]},{"@type":"WebSite","@id":"https:\/\/verdeaguanatureza.com\/es\/#website","url":"https:\/\/verdeaguanatureza.com\/es\/","name":"Verde \u00c1gua","description":"Agricultura Biol\u00f3gica | Agroturismo","publisher":{"@id":"https:\/\/verdeaguanatureza.com\/es\/#organization"},"potentialAction":[{"@type":"SearchAction","target":{"@type":"EntryPoint","urlTemplate":"https:\/\/verdeaguanatureza.com\/es\/?s={search_term_string}"},"query-input":{"@type":"PropertyValueSpecification","valueRequired":true,"valueName":"search_term_string"}}],"inLanguage":"es"},{"@type":"Organization","@id":"https:\/\/verdeaguanatureza.com\/es\/#organization","name":"Verde \u00c1gua Natureza","url":"https:\/\/verdeaguanatureza.com\/es\/","logo":{"@type":"ImageObject","inLanguage":"es","@id":"https:\/\/verdeaguanatureza.com\/es\/#\/schema\/logo\/image\/","url":"https:\/\/verdeaguanatureza.com\/wp-content\/uploads\/2021\/01\/verde-agua-logo.svg","contentUrl":"https:\/\/verdeaguanatureza.com\/wp-content\/uploads\/2021\/01\/verde-agua-logo.svg","width":1,"height":1,"caption":"Verde \u00c1gua Natureza"},"image":{"@id":"https:\/\/verdeaguanatureza.com\/es\/#\/schema\/logo\/image\/"},"sameAs":["https:\/\/www.facebook.com\/verdeaguanatureza-112147207229298","https:\/\/www.instagram.com\/verdeaguanatureza\/"]}]}},"_links":{"self":[{"href":"https:\/\/verdeaguanatureza.com\/es\/wp-json\/wp\/v2\/pages\/1647","targetHints":{"allow":["GET"]}}],"collection":[{"href":"https:\/\/verdeaguanatureza.com\/es\/wp-json\/wp\/v2\/pages"}],"about":[{"href":"https:\/\/verdeaguanatureza.com\/es\/wp-json\/wp\/v2\/types\/page"}],"author":[{"embeddable":true,"href":"https:\/\/verdeaguanatureza.com\/es\/wp-json\/wp\/v2\/users\/1"}],"replies":[{"embeddable":true,"href":"https:\/\/verdeaguanatureza.com\/es\/wp-json\/wp\/v2\/comments?post=1647"}],"version-history":[{"count":23,"href":"https:\/\/verdeaguanatureza.com\/es\/wp-json\/wp\/v2\/pages\/1647\/revisions"}],"predecessor-version":[{"id":2706,"href":"https:\/\/verdeaguanatureza.com\/es\/wp-json\/wp\/v2\/pages\/1647\/revisions\/2706"}],"wp:attachment":[{"href":"https:\/\/verdeaguanatureza.com\/es\/wp-json\/wp\/v2\/media?parent=1647"}],"curies":[{"name":"wp","href":"https:\/\/api.w.org\/{rel}","templated":true}]}}