{"id":1677,"date":"2021-03-23T18:04:22","date_gmt":"2021-03-23T18:04:22","guid":{"rendered":"http:\/\/miligram20.miligram.pt\/suite-palheiro\/"},"modified":"2026-03-25T16:55:08","modified_gmt":"2026-03-25T16:55:08","slug":"suite-palheiro","status":"publish","type":"page","link":"https:\/\/verdeaguanatureza.com\/es\/alojamiento\/suites\/suite-palheiro\/","title":{"rendered":"Suite Palheiro"},"content":{"rendered":"\t\t<div data-elementor-type=\"wp-page\" data-elementor-id=\"1677\" class=\"elementor elementor-1677 elementor-553\" data-elementor-post-type=\"page\">\n\t\t\t\t\t\t<section class=\"elementor-section elementor-top-section elementor-element elementor-element-76c714e0 elementor-section-boxed elementor-section-height-default elementor-section-height-default\" data-id=\"76c714e0\" data-element_type=\"section\" data-e-type=\"section\">\n\t\t\t\t\t\t<div class=\"elementor-container elementor-column-gap-no\">\n\t\t\t\t\t<div class=\"elementor-column elementor-col-100 elementor-top-column elementor-element elementor-element-797ded19\" data-id=\"797ded19\" data-element_type=\"column\" data-e-type=\"column\">\n\t\t\t<div class=\"elementor-widget-wrap elementor-element-populated\">\n\t\t\t\t\t\t<section class=\"elementor-section elementor-inner-section elementor-element elementor-element-4d9c854 elementor-section-full_width elementor-section-height-default elementor-section-height-default\" data-id=\"4d9c854\" data-element_type=\"section\" data-e-type=\"section\">\n\t\t\t\t\t\t<div class=\"elementor-container elementor-column-gap-no\">\n\t\t\t\t\t<div class=\"elementor-column elementor-col-100 elementor-inner-column elementor-element elementor-element-4db969d8\" data-id=\"4db969d8\" data-element_type=\"column\" data-e-type=\"column\">\n\t\t\t<div class=\"elementor-widget-wrap elementor-element-populated\">\n\t\t\t\t\t\t<div class=\"elementor-element elementor-element-2555bcc9 animated-slow elementor-widget__width-auto elementor-invisible elementor-widget elementor-widget-heading\" data-id=\"2555bcc9\" data-element_type=\"widget\" data-e-type=\"widget\" data-settings=\"{&quot;_animation&quot;:&quot;fadeIn&quot;}\" data-widget_type=\"heading.default\">\n\t\t\t\t<div class=\"elementor-widget-container\">\n\t\t\t\t\t<h2 class=\"elementor-heading-title elementor-size-xxl\">Suite <span>Palheiro<\/span><\/h2>\t\t\t\t<\/div>\n\t\t\t\t<\/div>\n\t\t\t\t<div class=\"elementor-element elementor-element-27cb082 elementor-widget elementor-widget-image\" data-id=\"27cb082\" data-element_type=\"widget\" data-e-type=\"widget\" data-widget_type=\"image.default\">\n\t\t\t\t<div class=\"elementor-widget-container\">\n\t\t\t\t\t\t\t\t\t\t\t\t\t\t\t<img fetchpriority=\"high\" decoding=\"async\" width=\"1588\" height=\"1192\" src=\"https:\/\/verdeaguanatureza.com\/wp-content\/uploads\/2026\/03\/palheiro1.jpg\" class=\"attachment-full size-full wp-image-2851\" alt=\"\" srcset=\"https:\/\/verdeaguanatureza.com\/wp-content\/uploads\/2026\/03\/palheiro1.jpg 1588w, https:\/\/verdeaguanatureza.com\/wp-content\/uploads\/2026\/03\/palheiro1-300x225.jpg 300w, https:\/\/verdeaguanatureza.com\/wp-content\/uploads\/2026\/03\/palheiro1-1024x769.jpg 1024w, https:\/\/verdeaguanatureza.com\/wp-content\/uploads\/2026\/03\/palheiro1-768x576.jpg 768w, https:\/\/verdeaguanatureza.com\/wp-content\/uploads\/2026\/03\/palheiro1-1536x1153.jpg 1536w\" sizes=\"(max-width: 1588px) 100vw, 1588px\" \/>\t\t\t\t\t\t\t\t\t\t\t\t\t\t\t<\/div>\n\t\t\t\t<\/div>\n\t\t\t\t\t<\/div>\n\t\t<\/div>\n\t\t\t\t\t<\/div>\n\t\t<\/section>\n\t\t\t\t<section class=\"elementor-section elementor-inner-section elementor-element elementor-element-2a8b2970 elementor-section-full_width elementor-section-height-default elementor-section-height-default\" data-id=\"2a8b2970\" data-element_type=\"section\" data-e-type=\"section\">\n\t\t\t\t\t\t<div class=\"elementor-container elementor-column-gap-no\">\n\t\t\t\t\t<div class=\"elementor-column elementor-col-50 elementor-inner-column elementor-element elementor-element-2f285331\" data-id=\"2f285331\" data-element_type=\"column\" data-e-type=\"column\">\n\t\t\t<div class=\"elementor-widget-wrap elementor-element-populated\">\n\t\t\t\t\t\t<div class=\"elementor-element elementor-element-40fbe69a elementor-widget elementor-widget-text-editor\" data-id=\"40fbe69a\" data-element_type=\"widget\" data-e-type=\"widget\" data-widget_type=\"text-editor.default\">\n\t\t\t\t<div class=\"elementor-widget-container\">\n\t\t\t\t\t\t\t\t\t<ul>\n<li>Primer piso con vista para la granja y las monta\u00f1as<\/li>\n<li>Cuna de bebe bajo petici\u00f3n<\/li>\n<li>Cama Matrimonio (160\u00d7200)<\/li>\n<li>Sof\u00e1 cama (se puede transformar en dos camas de 80\u00d7200)<\/li>\n<\/ul>\n\t\t\t\t\t\t\t\t<\/div>\n\t\t\t\t<\/div>\n\t\t\t\t\t<\/div>\n\t\t<\/div>\n\t\t\t\t<div class=\"elementor-column elementor-col-50 elementor-inner-column elementor-element elementor-element-35e755a7\" data-id=\"35e755a7\" data-element_type=\"column\" data-e-type=\"column\">\n\t\t\t<div class=\"elementor-widget-wrap elementor-element-populated\">\n\t\t\t\t\t\t<div class=\"elementor-element elementor-element-6326beac elementor-widget elementor-widget-text-editor\" data-id=\"6326beac\" data-element_type=\"widget\" data-e-type=\"widget\" data-widget_type=\"text-editor.default\">\n\t\t\t\t<div class=\"elementor-widget-container\">\n\t\t\t\t\t\t\t\t\t<ul>\r\n \t<li>Ba\u00f1o privado<\/li>\r\n \t<li>Productos de higiene org\u00e1nicos<\/li>\r\n \t<li>Aire condicionado<\/li>\r\n \t<li>Wi-fi<\/li>\r\n<\/ul>\t\t\t\t\t\t\t\t<\/div>\n\t\t\t\t<\/div>\n\t\t\t\t\t<\/div>\n\t\t<\/div>\n\t\t\t\t\t<\/div>\n\t\t<\/section>\n\t\t\t\t<section class=\"elementor-section elementor-inner-section elementor-element elementor-element-25645dc7 elementor-section-full_width elementor-section-height-default elementor-section-height-default\" data-id=\"25645dc7\" data-element_type=\"section\" data-e-type=\"section\">\n\t\t\t\t\t\t<div class=\"elementor-container elementor-column-gap-no\">\n\t\t\t\t\t<div class=\"elementor-column elementor-col-100 elementor-inner-column elementor-element elementor-element-2e3fb7da\" data-id=\"2e3fb7da\" data-element_type=\"column\" data-e-type=\"column\">\n\t\t\t<div class=\"elementor-widget-wrap\">\n\t\t\t\t\t\t\t<\/div>\n\t\t<\/div>\n\t\t\t\t\t<\/div>\n\t\t<\/section>\n\t\t\t\t<section class=\"elementor-section elementor-inner-section elementor-element elementor-element-bf4341a elementor-section-full_width elementor-section-height-default elementor-section-height-default\" data-id=\"bf4341a\" data-element_type=\"section\" data-e-type=\"section\">\n\t\t\t\t\t\t<div class=\"elementor-container elementor-column-gap-default\">\n\t\t\t\t\t<div class=\"elementor-column elementor-col-100 elementor-inner-column elementor-element elementor-element-6317ee79\" data-id=\"6317ee79\" data-element_type=\"column\" data-e-type=\"column\">\n\t\t\t<div class=\"elementor-widget-wrap elementor-element-populated\">\n\t\t\t\t\t\t<div class=\"elementor-element elementor-element-1fbb3185 animated-slow elementor-widget__width-auto elementor-invisible elementor-widget elementor-widget-heading\" data-id=\"1fbb3185\" data-element_type=\"widget\" data-e-type=\"widget\" data-settings=\"{&quot;_animation&quot;:&quot;fadeIn&quot;}\" data-widget_type=\"heading.default\">\n\t\t\t\t<div class=\"elementor-widget-container\">\n\t\t\t\t\t<h2 class=\"elementor-heading-title elementor-size-xxl\">Todas nuestras suites <span>tienen<\/span><\/h2>\t\t\t\t<\/div>\n\t\t\t\t<\/div>\n\t\t\t\t\t<\/div>\n\t\t<\/div>\n\t\t\t\t\t<\/div>\n\t\t<\/section>\n\t\t\t\t<div class=\"elementor-element elementor-element-48ddf3ba elementor-widget elementor-widget-gallery\" data-id=\"48ddf3ba\" data-element_type=\"widget\" data-e-type=\"widget\" data-settings=\"{&quot;columns&quot;:3,&quot;gap&quot;:{&quot;unit&quot;:&quot;px&quot;,&quot;size&quot;:20,&quot;sizes&quot;:[]},&quot;aspect_ratio&quot;:&quot;4:3&quot;,&quot;lazyload&quot;:&quot;yes&quot;,&quot;gallery_layout&quot;:&quot;grid&quot;,&quot;columns_tablet&quot;:2,&quot;columns_mobile&quot;:1,&quot;gap_tablet&quot;:{&quot;unit&quot;:&quot;px&quot;,&quot;size&quot;:10,&quot;sizes&quot;:[]},&quot;gap_mobile&quot;:{&quot;unit&quot;:&quot;px&quot;,&quot;size&quot;:10,&quot;sizes&quot;:[]},&quot;link_to&quot;:&quot;file&quot;,&quot;overlay_background&quot;:&quot;yes&quot;,&quot;content_hover_animation&quot;:&quot;fade-in&quot;}\" data-widget_type=\"gallery.default\">\n\t\t\t\t<div class=\"elementor-widget-container\">\n\t\t\t\t\t\t\t<div class=\"elementor-gallery__container\">\n\t\t\t\t\t\t\t<a class=\"e-gallery-item elementor-gallery-item elementor-animated-content\" href=\"https:\/\/verdeaguanatureza.com\/wp-content\/uploads\/2026\/03\/palheiro-3.jpg\" data-elementor-open-lightbox=\"yes\" data-elementor-lightbox-slideshow=\"48ddf3ba\" data-elementor-lightbox-title=\"palheiro-3\" data-e-action-hash=\"#elementor-action%3Aaction%3Dlightbox%26settings%3DeyJpZCI6Mjg1MiwidXJsIjoiaHR0cHM6XC9cL3ZlcmRlYWd1YW5hdHVyZXphLmNvbVwvd3AtY29udGVudFwvdXBsb2Fkc1wvMjAyNlwvMDNcL3BhbGhlaXJvLTMuanBnIiwic2xpZGVzaG93IjoiNDhkZGYzYmEifQ%3D%3D\">\n\t\t\t\t\t<div class=\"e-gallery-image elementor-gallery-item__image\" data-thumbnail=\"https:\/\/verdeaguanatureza.com\/wp-content\/uploads\/2026\/03\/palheiro-3-768x576.jpg\" data-width=\"768\" data-height=\"576\" aria-label=\"\" role=\"img\" ><\/div>\n\t\t\t\t\t\t\t\t\t\t\t<div class=\"elementor-gallery-item__overlay\"><\/div>\n\t\t\t\t\t\t\t\t\t\t\t\t\t\t<\/a>\n\t\t\t\t\t\t\t<a class=\"e-gallery-item elementor-gallery-item elementor-animated-content\" href=\"https:\/\/verdeaguanatureza.com\/wp-content\/uploads\/2026\/03\/palheiro2.jpg\" data-elementor-open-lightbox=\"yes\" data-elementor-lightbox-slideshow=\"48ddf3ba\" data-elementor-lightbox-title=\"palheiro2\" data-e-action-hash=\"#elementor-action%3Aaction%3Dlightbox%26settings%3DeyJpZCI6Mjg1MywidXJsIjoiaHR0cHM6XC9cL3ZlcmRlYWd1YW5hdHVyZXphLmNvbVwvd3AtY29udGVudFwvdXBsb2Fkc1wvMjAyNlwvMDNcL3BhbGhlaXJvMi5qcGciLCJzbGlkZXNob3ciOiI0OGRkZjNiYSJ9\">\n\t\t\t\t\t<div class=\"e-gallery-image elementor-gallery-item__image\" data-thumbnail=\"https:\/\/verdeaguanatureza.com\/wp-content\/uploads\/2026\/03\/palheiro2-768x576.jpg\" data-width=\"768\" data-height=\"576\" aria-label=\"\" role=\"img\" ><\/div>\n\t\t\t\t\t\t\t\t\t\t\t<div class=\"elementor-gallery-item__overlay\"><\/div>\n\t\t\t\t\t\t\t\t\t\t\t\t\t\t<\/a>\n\t\t\t\t\t\t\t<a class=\"e-gallery-item elementor-gallery-item elementor-animated-content\" href=\"https:\/\/verdeaguanatureza.com\/wp-content\/uploads\/2026\/03\/palheiro1.jpg\" data-elementor-open-lightbox=\"yes\" data-elementor-lightbox-slideshow=\"48ddf3ba\" data-elementor-lightbox-title=\"palheiro1\" data-e-action-hash=\"#elementor-action%3Aaction%3Dlightbox%26settings%3DeyJpZCI6Mjg1MSwidXJsIjoiaHR0cHM6XC9cL3ZlcmRlYWd1YW5hdHVyZXphLmNvbVwvd3AtY29udGVudFwvdXBsb2Fkc1wvMjAyNlwvMDNcL3BhbGhlaXJvMS5qcGciLCJzbGlkZXNob3ciOiI0OGRkZjNiYSJ9\">\n\t\t\t\t\t<div class=\"e-gallery-image elementor-gallery-item__image\" data-thumbnail=\"https:\/\/verdeaguanatureza.com\/wp-content\/uploads\/2026\/03\/palheiro1-768x576.jpg\" data-width=\"768\" data-height=\"576\" aria-label=\"\" role=\"img\" ><\/div>\n\t\t\t\t\t\t\t\t\t\t\t<div class=\"elementor-gallery-item__overlay\"><\/div>\n\t\t\t\t\t\t\t\t\t\t\t\t\t\t<\/a>\n\t\t\t\t\t\t\t<a class=\"e-gallery-item elementor-gallery-item elementor-animated-content\" href=\"https:\/\/verdeaguanatureza.com\/wp-content\/uploads\/2021\/02\/bosque-room-02.jpg\" data-elementor-open-lightbox=\"yes\" data-elementor-lightbox-slideshow=\"48ddf3ba\" data-elementor-lightbox-title=\"palheiro-room-02\" data-e-action-hash=\"#elementor-action%3Aaction%3Dlightbox%26settings%3DeyJpZCI6OTUwLCJ1cmwiOiJodHRwczpcL1wvdmVyZGVhZ3VhbmF0dXJlemEuY29tXC93cC1jb250ZW50XC91cGxvYWRzXC8yMDIxXC8wMlwvYm9zcXVlLXJvb20tMDIuanBnIiwic2xpZGVzaG93IjoiNDhkZGYzYmEifQ%3D%3D\">\n\t\t\t\t\t<div class=\"e-gallery-image elementor-gallery-item__image\" data-thumbnail=\"https:\/\/verdeaguanatureza.com\/wp-content\/uploads\/2021\/02\/bosque-room-02-768x1152.jpg\" data-width=\"768\" data-height=\"1152\" aria-label=\"\" role=\"img\" ><\/div>\n\t\t\t\t\t\t\t\t\t\t\t<div class=\"elementor-gallery-item__overlay\"><\/div>\n\t\t\t\t\t\t\t\t\t\t\t\t\t\t<\/a>\n\t\t\t\t\t\t\t<a class=\"e-gallery-item elementor-gallery-item elementor-animated-content\" href=\"https:\/\/verdeaguanatureza.com\/wp-content\/uploads\/2021\/02\/bosque-room-03.jpg\" data-elementor-open-lightbox=\"yes\" data-elementor-lightbox-slideshow=\"48ddf3ba\" data-elementor-lightbox-title=\"palheiro-room-03\" data-e-action-hash=\"#elementor-action%3Aaction%3Dlightbox%26settings%3DeyJpZCI6OTU0LCJ1cmwiOiJodHRwczpcL1wvdmVyZGVhZ3VhbmF0dXJlemEuY29tXC93cC1jb250ZW50XC91cGxvYWRzXC8yMDIxXC8wMlwvYm9zcXVlLXJvb20tMDMuanBnIiwic2xpZGVzaG93IjoiNDhkZGYzYmEifQ%3D%3D\">\n\t\t\t\t\t<div class=\"e-gallery-image elementor-gallery-item__image\" data-thumbnail=\"https:\/\/verdeaguanatureza.com\/wp-content\/uploads\/2021\/02\/bosque-room-03-768x1152.jpg\" data-width=\"768\" data-height=\"1152\" aria-label=\"\" role=\"img\" ><\/div>\n\t\t\t\t\t\t\t\t\t\t\t<div class=\"elementor-gallery-item__overlay\"><\/div>\n\t\t\t\t\t\t\t\t\t\t\t\t\t\t<\/a>\n\t\t\t\t\t<\/div>\n\t\t\t\t\t<\/div>\n\t\t\t\t<\/div>\n\t\t\t\t<section class=\"elementor-section elementor-inner-section elementor-element elementor-element-55eecb4 elementor-section-full_width elementor-section-height-default elementor-section-height-default\" data-id=\"55eecb4\" data-element_type=\"section\" data-e-type=\"section\">\n\t\t\t\t\t\t<div class=\"elementor-container elementor-column-gap-default\">\n\t\t\t\t\t<div class=\"elementor-column elementor-col-50 elementor-inner-column elementor-element elementor-element-11daf19\" data-id=\"11daf19\" data-element_type=\"column\" data-e-type=\"column\">\n\t\t\t<div class=\"elementor-widget-wrap elementor-element-populated\">\n\t\t\t\t\t\t<div class=\"elementor-element elementor-element-083e85f elementor-icon-list--layout-traditional elementor-list-item-link-full_width elementor-widget elementor-widget-icon-list\" data-id=\"083e85f\" data-element_type=\"widget\" data-e-type=\"widget\" data-widget_type=\"icon-list.default\">\n\t\t\t\t<div class=\"elementor-widget-container\">\n\t\t\t\t\t\t\t<ul class=\"elementor-icon-list-items\">\n\t\t\t\t\t\t\t<li class=\"elementor-icon-list-item\">\n\t\t\t\t\t\t\t\t\t\t\t<span class=\"elementor-icon-list-icon\">\n\t\t\t\t\t\t\t<i aria-hidden=\"true\" class=\"fas fa-bed\"><\/i>\t\t\t\t\t\t<\/span>\n\t\t\t\t\t\t\t\t\t\t<span class=\"elementor-icon-list-text\">Las s\u00e1banas y toallas se cambian cada cinco d\u00edas o bajo pedido y mediante pago adicional.<\/span>\n\t\t\t\t\t\t\t\t\t<\/li>\n\t\t\t\t\t\t<\/ul>\n\t\t\t\t\t\t<\/div>\n\t\t\t\t<\/div>\n\t\t\t\t\t<\/div>\n\t\t<\/div>\n\t\t\t\t<div class=\"elementor-column elementor-col-50 elementor-inner-column elementor-element elementor-element-89d4fcc\" data-id=\"89d4fcc\" data-element_type=\"column\" data-e-type=\"column\">\n\t\t\t<div class=\"elementor-widget-wrap elementor-element-populated\">\n\t\t\t\t\t\t<div class=\"elementor-element elementor-element-9e175e3 elementor-icon-list--layout-traditional elementor-list-item-link-full_width elementor-widget elementor-widget-icon-list\" data-id=\"9e175e3\" data-element_type=\"widget\" data-e-type=\"widget\" data-widget_type=\"icon-list.default\">\n\t\t\t\t<div class=\"elementor-widget-container\">\n\t\t\t\t\t\t\t<ul class=\"elementor-icon-list-items\">\n\t\t\t\t\t\t\t<li class=\"elementor-icon-list-item\">\n\t\t\t\t\t\t\t\t\t\t\t<span class=\"elementor-icon-list-icon\">\n\t\t\t\t\t\t\t<i aria-hidden=\"true\" class=\"far fa-sun\"><\/i>\t\t\t\t\t\t<\/span>\n\t\t\t\t\t\t\t\t\t\t<span class=\"elementor-icon-list-text\">Secador de pelo disponible.<\/span>\n\t\t\t\t\t\t\t\t\t<\/li>\n\t\t\t\t\t\t<\/ul>\n\t\t\t\t\t\t<\/div>\n\t\t\t\t<\/div>\n\t\t\t\t\t<\/div>\n\t\t<\/div>\n\t\t\t\t\t<\/div>\n\t\t<\/section>\n\t\t\t\t\t<\/div>\n\t\t<\/div>\n\t\t\t\t\t<\/div>\n\t\t<\/section>\n\t\t\t\t<\/div>\n\t\t","protected":false},"excerpt":{"rendered":"<p>Suite Palheiro Primer piso con vista para la granja y las monta\u00f1as Cuna de bebe bajo petici\u00f3n Cama Matrimonio (160\u00d7200) Sof\u00e1 cama (se puede transformar en dos camas de 80\u00d7200) Ba\u00f1o privado Productos de higiene org\u00e1nicos Aire condicionado Wi-fi Todas nuestras suites tienen Las s\u00e1banas y toallas se cambian cada cinco d\u00edas o bajo pedido [&hellip;]<\/p>\n","protected":false},"author":1,"featured_media":0,"parent":1687,"menu_order":0,"comment_status":"closed","ping_status":"closed","template":"","meta":{"footnotes":""},"class_list":["post-1677","page","type-page","status-publish","hentry"],"yoast_head":"<!-- This site is optimized with the Yoast SEO plugin v27.5 - https:\/\/yoast.com\/product\/yoast-seo-wordpress\/ -->\n<title>Suite Palheiro - Verde \u00c1gua Natureza<\/title>\n<meta name=\"robots\" content=\"index, follow, max-snippet:-1, max-image-preview:large, max-video-preview:-1\" \/>\n<link rel=\"canonical\" href=\"https:\/\/verdeaguanatureza.com\/es\/alojamiento\/suites\/suite-palheiro\/\" \/>\n<meta property=\"og:locale\" content=\"es_ES\" \/>\n<meta property=\"og:type\" content=\"article\" \/>\n<meta property=\"og:title\" content=\"Suite Palheiro - Verde \u00c1gua Natureza\" \/>\n<meta property=\"og:description\" content=\"Suite Palheiro Primer piso con vista para la granja y las monta\u00f1as Cuna de bebe bajo petici\u00f3n Cama Matrimonio (160\u00d7200) Sof\u00e1 cama (se puede transformar en dos camas de 80\u00d7200) Ba\u00f1o privado Productos de higiene org\u00e1nicos Aire condicionado Wi-fi Todas nuestras suites tienen Las s\u00e1banas y toallas se cambian cada cinco d\u00edas o bajo pedido [&hellip;]\" \/>\n<meta property=\"og:url\" content=\"https:\/\/verdeaguanatureza.com\/es\/alojamiento\/suites\/suite-palheiro\/\" \/>\n<meta property=\"og:site_name\" content=\"Verde \u00c1gua Natureza\" \/>\n<meta property=\"article:publisher\" content=\"https:\/\/www.facebook.com\/verdeaguanatureza-112147207229298\" \/>\n<meta property=\"article:modified_time\" content=\"2026-03-25T16:55:08+00:00\" \/>\n<meta property=\"og:image\" content=\"https:\/\/verdeaguanatureza.com\/wp-content\/uploads\/2026\/03\/palheiro1.jpg\" \/>\n\t<meta property=\"og:image:width\" content=\"1588\" \/>\n\t<meta property=\"og:image:height\" content=\"1192\" \/>\n\t<meta property=\"og:image:type\" content=\"image\/jpeg\" \/>\n<meta name=\"twitter:card\" content=\"summary_large_image\" \/>\n<script type=\"application\/ld+json\" class=\"yoast-schema-graph\">{\"@context\":\"https:\\\/\\\/schema.org\",\"@graph\":[{\"@type\":\"WebPage\",\"@id\":\"https:\\\/\\\/verdeaguanatureza.com\\\/es\\\/alojamiento\\\/suites\\\/suite-palheiro\\\/\",\"url\":\"https:\\\/\\\/verdeaguanatureza.com\\\/es\\\/alojamiento\\\/suites\\\/suite-palheiro\\\/\",\"name\":\"Suite Palheiro - Verde \u00c1gua Natureza\",\"isPartOf\":{\"@id\":\"https:\\\/\\\/verdeaguanatureza.com\\\/es\\\/#website\"},\"primaryImageOfPage\":{\"@id\":\"https:\\\/\\\/verdeaguanatureza.com\\\/es\\\/alojamiento\\\/suites\\\/suite-palheiro\\\/#primaryimage\"},\"image\":{\"@id\":\"https:\\\/\\\/verdeaguanatureza.com\\\/es\\\/alojamiento\\\/suites\\\/suite-palheiro\\\/#primaryimage\"},\"thumbnailUrl\":\"https:\\\/\\\/verdeaguanatureza.com\\\/wp-content\\\/uploads\\\/2026\\\/03\\\/palheiro1.jpg\",\"datePublished\":\"2021-03-23T18:04:22+00:00\",\"dateModified\":\"2026-03-25T16:55:08+00:00\",\"breadcrumb\":{\"@id\":\"https:\\\/\\\/verdeaguanatureza.com\\\/es\\\/alojamiento\\\/suites\\\/suite-palheiro\\\/#breadcrumb\"},\"inLanguage\":\"es\",\"potentialAction\":[{\"@type\":\"ReadAction\",\"target\":[\"https:\\\/\\\/verdeaguanatureza.com\\\/es\\\/alojamiento\\\/suites\\\/suite-palheiro\\\/\"]}]},{\"@type\":\"ImageObject\",\"inLanguage\":\"es\",\"@id\":\"https:\\\/\\\/verdeaguanatureza.com\\\/es\\\/alojamiento\\\/suites\\\/suite-palheiro\\\/#primaryimage\",\"url\":\"https:\\\/\\\/verdeaguanatureza.com\\\/wp-content\\\/uploads\\\/2026\\\/03\\\/palheiro1.jpg\",\"contentUrl\":\"https:\\\/\\\/verdeaguanatureza.com\\\/wp-content\\\/uploads\\\/2026\\\/03\\\/palheiro1.jpg\"},{\"@type\":\"BreadcrumbList\",\"@id\":\"https:\\\/\\\/verdeaguanatureza.com\\\/es\\\/alojamiento\\\/suites\\\/suite-palheiro\\\/#breadcrumb\",\"itemListElement\":[{\"@type\":\"ListItem\",\"position\":1,\"name\":\"Home\",\"item\":\"https:\\\/\\\/verdeaguanatureza.com\\\/es\\\/\"},{\"@type\":\"ListItem\",\"position\":2,\"name\":\"Alojamiento\",\"item\":\"https:\\\/\\\/verdeaguanatureza.com\\\/es\\\/alojamiento\\\/\"},{\"@type\":\"ListItem\",\"position\":3,\"name\":\"Suites\",\"item\":\"https:\\\/\\\/verdeaguanatureza.com\\\/es\\\/accomodation\\\/rooms\\\/\"},{\"@type\":\"ListItem\",\"position\":4,\"name\":\"Suite Palheiro\"}]},{\"@type\":\"WebSite\",\"@id\":\"https:\\\/\\\/verdeaguanatureza.com\\\/es\\\/#website\",\"url\":\"https:\\\/\\\/verdeaguanatureza.com\\\/es\\\/\",\"name\":\"Verde \u00c1gua\",\"description\":\"Agricultura Biol\u00f3gica | Agroturismo\",\"publisher\":{\"@id\":\"https:\\\/\\\/verdeaguanatureza.com\\\/es\\\/#organization\"},\"potentialAction\":[{\"@type\":\"SearchAction\",\"target\":{\"@type\":\"EntryPoint\",\"urlTemplate\":\"https:\\\/\\\/verdeaguanatureza.com\\\/es\\\/?s={search_term_string}\"},\"query-input\":{\"@type\":\"PropertyValueSpecification\",\"valueRequired\":true,\"valueName\":\"search_term_string\"}}],\"inLanguage\":\"es\"},{\"@type\":\"Organization\",\"@id\":\"https:\\\/\\\/verdeaguanatureza.com\\\/es\\\/#organization\",\"name\":\"Verde \u00c1gua Natureza\",\"url\":\"https:\\\/\\\/verdeaguanatureza.com\\\/es\\\/\",\"logo\":{\"@type\":\"ImageObject\",\"inLanguage\":\"es\",\"@id\":\"https:\\\/\\\/verdeaguanatureza.com\\\/es\\\/#\\\/schema\\\/logo\\\/image\\\/\",\"url\":\"https:\\\/\\\/verdeaguanatureza.com\\\/wp-content\\\/uploads\\\/2021\\\/01\\\/verde-agua-logo.svg\",\"contentUrl\":\"https:\\\/\\\/verdeaguanatureza.com\\\/wp-content\\\/uploads\\\/2021\\\/01\\\/verde-agua-logo.svg\",\"width\":1,\"height\":1,\"caption\":\"Verde \u00c1gua Natureza\"},\"image\":{\"@id\":\"https:\\\/\\\/verdeaguanatureza.com\\\/es\\\/#\\\/schema\\\/logo\\\/image\\\/\"},\"sameAs\":[\"https:\\\/\\\/www.facebook.com\\\/verdeaguanatureza-112147207229298\",\"https:\\\/\\\/www.instagram.com\\\/verdeaguanatureza\\\/\"]}]}<\/script>\n<!-- \/ Yoast SEO plugin. -->","yoast_head_json":{"title":"Suite Palheiro - Verde \u00c1gua Natureza","robots":{"index":"index","follow":"follow","max-snippet":"max-snippet:-1","max-image-preview":"max-image-preview:large","max-video-preview":"max-video-preview:-1"},"canonical":"https:\/\/verdeaguanatureza.com\/es\/alojamiento\/suites\/suite-palheiro\/","og_locale":"es_ES","og_type":"article","og_title":"Suite Palheiro - Verde \u00c1gua Natureza","og_description":"Suite Palheiro Primer piso con vista para la granja y las monta\u00f1as Cuna de bebe bajo petici\u00f3n Cama Matrimonio (160\u00d7200) Sof\u00e1 cama (se puede transformar en dos camas de 80\u00d7200) Ba\u00f1o privado Productos de higiene org\u00e1nicos Aire condicionado Wi-fi Todas nuestras suites tienen Las s\u00e1banas y toallas se cambian cada cinco d\u00edas o bajo pedido [&hellip;]","og_url":"https:\/\/verdeaguanatureza.com\/es\/alojamiento\/suites\/suite-palheiro\/","og_site_name":"Verde \u00c1gua Natureza","article_publisher":"https:\/\/www.facebook.com\/verdeaguanatureza-112147207229298","article_modified_time":"2026-03-25T16:55:08+00:00","og_image":[{"width":1588,"height":1192,"url":"https:\/\/verdeaguanatureza.com\/wp-content\/uploads\/2026\/03\/palheiro1.jpg","type":"image\/jpeg"}],"twitter_card":"summary_large_image","schema":{"@context":"https:\/\/schema.org","@graph":[{"@type":"WebPage","@id":"https:\/\/verdeaguanatureza.com\/es\/alojamiento\/suites\/suite-palheiro\/","url":"https:\/\/verdeaguanatureza.com\/es\/alojamiento\/suites\/suite-palheiro\/","name":"Suite Palheiro - Verde \u00c1gua Natureza","isPartOf":{"@id":"https:\/\/verdeaguanatureza.com\/es\/#website"},"primaryImageOfPage":{"@id":"https:\/\/verdeaguanatureza.com\/es\/alojamiento\/suites\/suite-palheiro\/#primaryimage"},"image":{"@id":"https:\/\/verdeaguanatureza.com\/es\/alojamiento\/suites\/suite-palheiro\/#primaryimage"},"thumbnailUrl":"https:\/\/verdeaguanatureza.com\/wp-content\/uploads\/2026\/03\/palheiro1.jpg","datePublished":"2021-03-23T18:04:22+00:00","dateModified":"2026-03-25T16:55:08+00:00","breadcrumb":{"@id":"https:\/\/verdeaguanatureza.com\/es\/alojamiento\/suites\/suite-palheiro\/#breadcrumb"},"inLanguage":"es","potentialAction":[{"@type":"ReadAction","target":["https:\/\/verdeaguanatureza.com\/es\/alojamiento\/suites\/suite-palheiro\/"]}]},{"@type":"ImageObject","inLanguage":"es","@id":"https:\/\/verdeaguanatureza.com\/es\/alojamiento\/suites\/suite-palheiro\/#primaryimage","url":"https:\/\/verdeaguanatureza.com\/wp-content\/uploads\/2026\/03\/palheiro1.jpg","contentUrl":"https:\/\/verdeaguanatureza.com\/wp-content\/uploads\/2026\/03\/palheiro1.jpg"},{"@type":"BreadcrumbList","@id":"https:\/\/verdeaguanatureza.com\/es\/alojamiento\/suites\/suite-palheiro\/#breadcrumb","itemListElement":[{"@type":"ListItem","position":1,"name":"Home","item":"https:\/\/verdeaguanatureza.com\/es\/"},{"@type":"ListItem","position":2,"name":"Alojamiento","item":"https:\/\/verdeaguanatureza.com\/es\/alojamiento\/"},{"@type":"ListItem","position":3,"name":"Suites","item":"https:\/\/verdeaguanatureza.com\/es\/accomodation\/rooms\/"},{"@type":"ListItem","position":4,"name":"Suite Palheiro"}]},{"@type":"WebSite","@id":"https:\/\/verdeaguanatureza.com\/es\/#website","url":"https:\/\/verdeaguanatureza.com\/es\/","name":"Verde \u00c1gua","description":"Agricultura Biol\u00f3gica | Agroturismo","publisher":{"@id":"https:\/\/verdeaguanatureza.com\/es\/#organization"},"potentialAction":[{"@type":"SearchAction","target":{"@type":"EntryPoint","urlTemplate":"https:\/\/verdeaguanatureza.com\/es\/?s={search_term_string}"},"query-input":{"@type":"PropertyValueSpecification","valueRequired":true,"valueName":"search_term_string"}}],"inLanguage":"es"},{"@type":"Organization","@id":"https:\/\/verdeaguanatureza.com\/es\/#organization","name":"Verde \u00c1gua Natureza","url":"https:\/\/verdeaguanatureza.com\/es\/","logo":{"@type":"ImageObject","inLanguage":"es","@id":"https:\/\/verdeaguanatureza.com\/es\/#\/schema\/logo\/image\/","url":"https:\/\/verdeaguanatureza.com\/wp-content\/uploads\/2021\/01\/verde-agua-logo.svg","contentUrl":"https:\/\/verdeaguanatureza.com\/wp-content\/uploads\/2021\/01\/verde-agua-logo.svg","width":1,"height":1,"caption":"Verde \u00c1gua Natureza"},"image":{"@id":"https:\/\/verdeaguanatureza.com\/es\/#\/schema\/logo\/image\/"},"sameAs":["https:\/\/www.facebook.com\/verdeaguanatureza-112147207229298","https:\/\/www.instagram.com\/verdeaguanatureza\/"]}]}},"_links":{"self":[{"href":"https:\/\/verdeaguanatureza.com\/es\/wp-json\/wp\/v2\/pages\/1677","targetHints":{"allow":["GET"]}}],"collection":[{"href":"https:\/\/verdeaguanatureza.com\/es\/wp-json\/wp\/v2\/pages"}],"about":[{"href":"https:\/\/verdeaguanatureza.com\/es\/wp-json\/wp\/v2\/types\/page"}],"author":[{"embeddable":true,"href":"https:\/\/verdeaguanatureza.com\/es\/wp-json\/wp\/v2\/users\/1"}],"replies":[{"embeddable":true,"href":"https:\/\/verdeaguanatureza.com\/es\/wp-json\/wp\/v2\/comments?post=1677"}],"version-history":[{"count":12,"href":"https:\/\/verdeaguanatureza.com\/es\/wp-json\/wp\/v2\/pages\/1677\/revisions"}],"predecessor-version":[{"id":2855,"href":"https:\/\/verdeaguanatureza.com\/es\/wp-json\/wp\/v2\/pages\/1677\/revisions\/2855"}],"up":[{"embeddable":true,"href":"https:\/\/verdeaguanatureza.com\/es\/wp-json\/wp\/v2\/pages\/1687"}],"wp:attachment":[{"href":"https:\/\/verdeaguanatureza.com\/es\/wp-json\/wp\/v2\/media?parent=1677"}],"curies":[{"name":"wp","href":"https:\/\/api.w.org\/{rel}","templated":true}]}}