{"id":1689,"date":"2021-03-23T18:09:34","date_gmt":"2021-03-23T18:09:34","guid":{"rendered":"http:\/\/miligram20.miligram.pt\/alojamiento\/"},"modified":"2026-01-15T14:46:02","modified_gmt":"2026-01-15T14:46:02","slug":"alojamiento","status":"publish","type":"page","link":"https:\/\/verdeaguanatureza.com\/es\/alojamiento\/","title":{"rendered":"Alojamiento"},"content":{"rendered":"\t\t<div data-elementor-type=\"wp-page\" data-elementor-id=\"1689\" class=\"elementor elementor-1689 elementor-328\" data-elementor-post-type=\"page\">\n\t\t\t\t\t\t<section class=\"elementor-section elementor-top-section elementor-element elementor-element-855345a elementor-section-boxed elementor-section-height-default elementor-section-height-default\" data-id=\"855345a\" data-element_type=\"section\" data-e-type=\"section\">\n\t\t\t\t\t\t<div class=\"elementor-container elementor-column-gap-default\">\n\t\t\t\t\t<div class=\"elementor-column elementor-col-100 elementor-top-column elementor-element elementor-element-20af62b\" data-id=\"20af62b\" data-element_type=\"column\" data-e-type=\"column\">\n\t\t\t<div class=\"elementor-widget-wrap elementor-element-populated\">\n\t\t\t\t\t\t<div class=\"elementor-element elementor-element-4ab1e09 elementor-widget elementor-widget-text-editor\" data-id=\"4ab1e09\" data-element_type=\"widget\" data-e-type=\"widget\" data-widget_type=\"text-editor.default\">\n\t\t\t\t<div class=\"elementor-widget-container\">\n\t\t\t\t\t\t\t\t\t<p>Estamos abiertos desde la semana anterior a Pascua (marzo\/abril) hasta finales de octubre.<br \/>Ofrecemos <strong>dos modalidades de alquiler.<\/strong><\/p><p><strong>Alquiler de la casa completa<\/strong>, con capacidad para 12 adultos y 5 ni\u00f1os.<br \/>La propiedad est\u00e1 compuesta por tres edificios dispuestos alrededor de un patio central, donde se encuentra un horno de le\u00f1a:<\/p><ul><li>un edificio principal con sal\u00f3n y cocina de concepto abierto, 3 dormitorios y 3 ba\u00f1os;<\/li><li>un segundo edificio con 3 dormitorios, todos con ba\u00f1o privado;<\/li><li>y un tercer edificio con cocina totalmente equipada y una sala de estar.<\/li><\/ul><p>En el exterior, hemos creado una agradable zona de comedor al aire libre con barbacoa, perfecta para compartir momentos especiales.<\/p><p>\u00a0Durante la temporada baja, tambi\u00e9n ofrecemos el <strong>alquiler parcial<\/strong>, limitado al edificio principal, con capacidad para 6 adultos y 3 ni\u00f1os.<\/p><p>\u00a0<\/p><p>Todas las habitaciones est\u00e1n equipadas con aire acondicionado, y los hu\u00e9spedes tienen acceso a Wi-Fi, piscina, aparcamiento privado, ropa de cama y toallas, champ\u00fa y gel de ducha, secador de pelo, lavadora, as\u00ed como trona y cuna (bajo petici\u00f3n) para beb\u00e9s.<\/p><p>Vivimos en otra casa dentro de la finca, totalmente independiente de la zona de hu\u00e9spedes. Nuestros perros y nuestra gata pueden acercarse a saludar \u2014 son muy amistosos y forman parte del d\u00eda a d\u00eda de la finca. Como tenemos muchos animales viviendo en libertad, no se admiten otras mascotas.<\/p><p>Para reservas, por favor env\u00ede un correo electr\u00f3nico a geral@verdeaguanatureza.com.<\/p>\t\t\t\t\t\t\t\t<\/div>\n\t\t\t\t<\/div>\n\t\t\t\t\t<\/div>\n\t\t<\/div>\n\t\t\t\t\t<\/div>\n\t\t<\/section>\n\t\t\t\t<\/div>\n\t\t","protected":false},"excerpt":{"rendered":"<p>Estamos abiertos desde la semana anterior a Pascua (marzo\/abril) hasta finales de octubre.Ofrecemos dos modalidades de alquiler. Alquiler de la casa completa, con capacidad para 12 adultos y 5 ni\u00f1os.La propiedad est\u00e1 compuesta por tres edificios dispuestos alrededor de un patio central, donde se encuentra un horno de le\u00f1a: un edificio principal con sal\u00f3n y [&hellip;]<\/p>\n","protected":false},"author":1,"featured_media":0,"parent":0,"menu_order":0,"comment_status":"closed","ping_status":"closed","template":"","meta":{"footnotes":""},"class_list":["post-1689","page","type-page","status-publish","hentry"],"yoast_head":"<!-- This site is optimized with the Yoast SEO plugin v27.4 - https:\/\/yoast.com\/product\/yoast-seo-wordpress\/ -->\n<title>Alojamiento - Verde \u00c1gua Natureza<\/title>\n<meta name=\"robots\" content=\"index, follow, max-snippet:-1, max-image-preview:large, max-video-preview:-1\" \/>\n<link rel=\"canonical\" href=\"https:\/\/verdeaguanatureza.com\/es\/alojamiento\/\" \/>\n<meta property=\"og:locale\" content=\"es_ES\" \/>\n<meta property=\"og:type\" content=\"article\" \/>\n<meta property=\"og:title\" content=\"Alojamiento - Verde \u00c1gua Natureza\" \/>\n<meta property=\"og:description\" content=\"Estamos abiertos desde la semana anterior a Pascua (marzo\/abril) hasta finales de octubre.Ofrecemos dos modalidades de alquiler. Alquiler de la casa completa, con capacidad para 12 adultos y 5 ni\u00f1os.La propiedad est\u00e1 compuesta por tres edificios dispuestos alrededor de un patio central, donde se encuentra un horno de le\u00f1a: un edificio principal con sal\u00f3n y [&hellip;]\" \/>\n<meta property=\"og:url\" content=\"https:\/\/verdeaguanatureza.com\/es\/alojamiento\/\" \/>\n<meta property=\"og:site_name\" content=\"Verde \u00c1gua Natureza\" \/>\n<meta property=\"article:publisher\" content=\"https:\/\/www.facebook.com\/verdeaguanatureza-112147207229298\" \/>\n<meta property=\"article:modified_time\" content=\"2026-01-15T14:46:02+00:00\" \/>\n<meta name=\"twitter:card\" content=\"summary_large_image\" \/>\n<meta name=\"twitter:label1\" content=\"Tiempo de lectura\" \/>\n\t<meta name=\"twitter:data1\" content=\"1 minuto\" \/>\n<script type=\"application\/ld+json\" class=\"yoast-schema-graph\">{\"@context\":\"https:\\\/\\\/schema.org\",\"@graph\":[{\"@type\":\"WebPage\",\"@id\":\"https:\\\/\\\/verdeaguanatureza.com\\\/es\\\/alojamiento\\\/\",\"url\":\"https:\\\/\\\/verdeaguanatureza.com\\\/es\\\/alojamiento\\\/\",\"name\":\"Alojamiento - Verde \u00c1gua Natureza\",\"isPartOf\":{\"@id\":\"https:\\\/\\\/verdeaguanatureza.com\\\/es\\\/#website\"},\"datePublished\":\"2021-03-23T18:09:34+00:00\",\"dateModified\":\"2026-01-15T14:46:02+00:00\",\"breadcrumb\":{\"@id\":\"https:\\\/\\\/verdeaguanatureza.com\\\/es\\\/alojamiento\\\/#breadcrumb\"},\"inLanguage\":\"es\",\"potentialAction\":[{\"@type\":\"ReadAction\",\"target\":[\"https:\\\/\\\/verdeaguanatureza.com\\\/es\\\/alojamiento\\\/\"]}]},{\"@type\":\"BreadcrumbList\",\"@id\":\"https:\\\/\\\/verdeaguanatureza.com\\\/es\\\/alojamiento\\\/#breadcrumb\",\"itemListElement\":[{\"@type\":\"ListItem\",\"position\":1,\"name\":\"Home\",\"item\":\"https:\\\/\\\/verdeaguanatureza.com\\\/es\\\/\"},{\"@type\":\"ListItem\",\"position\":2,\"name\":\"Alojamiento\"}]},{\"@type\":\"WebSite\",\"@id\":\"https:\\\/\\\/verdeaguanatureza.com\\\/es\\\/#website\",\"url\":\"https:\\\/\\\/verdeaguanatureza.com\\\/es\\\/\",\"name\":\"Verde \u00c1gua\",\"description\":\"Agricultura Biol\u00f3gica | Agroturismo\",\"publisher\":{\"@id\":\"https:\\\/\\\/verdeaguanatureza.com\\\/es\\\/#organization\"},\"potentialAction\":[{\"@type\":\"SearchAction\",\"target\":{\"@type\":\"EntryPoint\",\"urlTemplate\":\"https:\\\/\\\/verdeaguanatureza.com\\\/es\\\/?s={search_term_string}\"},\"query-input\":{\"@type\":\"PropertyValueSpecification\",\"valueRequired\":true,\"valueName\":\"search_term_string\"}}],\"inLanguage\":\"es\"},{\"@type\":\"Organization\",\"@id\":\"https:\\\/\\\/verdeaguanatureza.com\\\/es\\\/#organization\",\"name\":\"Verde \u00c1gua Natureza\",\"url\":\"https:\\\/\\\/verdeaguanatureza.com\\\/es\\\/\",\"logo\":{\"@type\":\"ImageObject\",\"inLanguage\":\"es\",\"@id\":\"https:\\\/\\\/verdeaguanatureza.com\\\/es\\\/#\\\/schema\\\/logo\\\/image\\\/\",\"url\":\"https:\\\/\\\/verdeaguanatureza.com\\\/wp-content\\\/uploads\\\/2021\\\/01\\\/verde-agua-logo.svg\",\"contentUrl\":\"https:\\\/\\\/verdeaguanatureza.com\\\/wp-content\\\/uploads\\\/2021\\\/01\\\/verde-agua-logo.svg\",\"width\":1,\"height\":1,\"caption\":\"Verde \u00c1gua Natureza\"},\"image\":{\"@id\":\"https:\\\/\\\/verdeaguanatureza.com\\\/es\\\/#\\\/schema\\\/logo\\\/image\\\/\"},\"sameAs\":[\"https:\\\/\\\/www.facebook.com\\\/verdeaguanatureza-112147207229298\",\"https:\\\/\\\/www.instagram.com\\\/verdeaguanatureza\\\/\"]}]}<\/script>\n<!-- \/ Yoast SEO plugin. -->","yoast_head_json":{"title":"Alojamiento - Verde \u00c1gua Natureza","robots":{"index":"index","follow":"follow","max-snippet":"max-snippet:-1","max-image-preview":"max-image-preview:large","max-video-preview":"max-video-preview:-1"},"canonical":"https:\/\/verdeaguanatureza.com\/es\/alojamiento\/","og_locale":"es_ES","og_type":"article","og_title":"Alojamiento - Verde \u00c1gua Natureza","og_description":"Estamos abiertos desde la semana anterior a Pascua (marzo\/abril) hasta finales de octubre.Ofrecemos dos modalidades de alquiler. Alquiler de la casa completa, con capacidad para 12 adultos y 5 ni\u00f1os.La propiedad est\u00e1 compuesta por tres edificios dispuestos alrededor de un patio central, donde se encuentra un horno de le\u00f1a: un edificio principal con sal\u00f3n y [&hellip;]","og_url":"https:\/\/verdeaguanatureza.com\/es\/alojamiento\/","og_site_name":"Verde \u00c1gua Natureza","article_publisher":"https:\/\/www.facebook.com\/verdeaguanatureza-112147207229298","article_modified_time":"2026-01-15T14:46:02+00:00","twitter_card":"summary_large_image","twitter_misc":{"Tiempo de lectura":"1 minuto"},"schema":{"@context":"https:\/\/schema.org","@graph":[{"@type":"WebPage","@id":"https:\/\/verdeaguanatureza.com\/es\/alojamiento\/","url":"https:\/\/verdeaguanatureza.com\/es\/alojamiento\/","name":"Alojamiento - Verde \u00c1gua Natureza","isPartOf":{"@id":"https:\/\/verdeaguanatureza.com\/es\/#website"},"datePublished":"2021-03-23T18:09:34+00:00","dateModified":"2026-01-15T14:46:02+00:00","breadcrumb":{"@id":"https:\/\/verdeaguanatureza.com\/es\/alojamiento\/#breadcrumb"},"inLanguage":"es","potentialAction":[{"@type":"ReadAction","target":["https:\/\/verdeaguanatureza.com\/es\/alojamiento\/"]}]},{"@type":"BreadcrumbList","@id":"https:\/\/verdeaguanatureza.com\/es\/alojamiento\/#breadcrumb","itemListElement":[{"@type":"ListItem","position":1,"name":"Home","item":"https:\/\/verdeaguanatureza.com\/es\/"},{"@type":"ListItem","position":2,"name":"Alojamiento"}]},{"@type":"WebSite","@id":"https:\/\/verdeaguanatureza.com\/es\/#website","url":"https:\/\/verdeaguanatureza.com\/es\/","name":"Verde \u00c1gua","description":"Agricultura Biol\u00f3gica | Agroturismo","publisher":{"@id":"https:\/\/verdeaguanatureza.com\/es\/#organization"},"potentialAction":[{"@type":"SearchAction","target":{"@type":"EntryPoint","urlTemplate":"https:\/\/verdeaguanatureza.com\/es\/?s={search_term_string}"},"query-input":{"@type":"PropertyValueSpecification","valueRequired":true,"valueName":"search_term_string"}}],"inLanguage":"es"},{"@type":"Organization","@id":"https:\/\/verdeaguanatureza.com\/es\/#organization","name":"Verde \u00c1gua Natureza","url":"https:\/\/verdeaguanatureza.com\/es\/","logo":{"@type":"ImageObject","inLanguage":"es","@id":"https:\/\/verdeaguanatureza.com\/es\/#\/schema\/logo\/image\/","url":"https:\/\/verdeaguanatureza.com\/wp-content\/uploads\/2021\/01\/verde-agua-logo.svg","contentUrl":"https:\/\/verdeaguanatureza.com\/wp-content\/uploads\/2021\/01\/verde-agua-logo.svg","width":1,"height":1,"caption":"Verde \u00c1gua Natureza"},"image":{"@id":"https:\/\/verdeaguanatureza.com\/es\/#\/schema\/logo\/image\/"},"sameAs":["https:\/\/www.facebook.com\/verdeaguanatureza-112147207229298","https:\/\/www.instagram.com\/verdeaguanatureza\/"]}]}},"_links":{"self":[{"href":"https:\/\/verdeaguanatureza.com\/es\/wp-json\/wp\/v2\/pages\/1689","targetHints":{"allow":["GET"]}}],"collection":[{"href":"https:\/\/verdeaguanatureza.com\/es\/wp-json\/wp\/v2\/pages"}],"about":[{"href":"https:\/\/verdeaguanatureza.com\/es\/wp-json\/wp\/v2\/types\/page"}],"author":[{"embeddable":true,"href":"https:\/\/verdeaguanatureza.com\/es\/wp-json\/wp\/v2\/users\/1"}],"replies":[{"embeddable":true,"href":"https:\/\/verdeaguanatureza.com\/es\/wp-json\/wp\/v2\/comments?post=1689"}],"version-history":[{"count":4,"href":"https:\/\/verdeaguanatureza.com\/es\/wp-json\/wp\/v2\/pages\/1689\/revisions"}],"predecessor-version":[{"id":2380,"href":"https:\/\/verdeaguanatureza.com\/es\/wp-json\/wp\/v2\/pages\/1689\/revisions\/2380"}],"wp:attachment":[{"href":"https:\/\/verdeaguanatureza.com\/es\/wp-json\/wp\/v2\/media?parent=1689"}],"curies":[{"name":"wp","href":"https:\/\/api.w.org\/{rel}","templated":true}]}}