{"id":1697,"date":"2021-03-23T18:23:58","date_gmt":"2021-03-23T18:23:58","guid":{"rendered":"http:\/\/miligram20.miligram.pt\/experiencias\/"},"modified":"2026-03-20T11:36:49","modified_gmt":"2026-03-20T11:36:49","slug":"experiencias-2","status":"publish","type":"page","link":"https:\/\/verdeaguanatureza.com\/es\/experiencias-2\/","title":{"rendered":"Alrededores"},"content":{"rendered":"\t\t<div data-elementor-type=\"wp-page\" data-elementor-id=\"1697\" class=\"elementor elementor-1697 elementor-34\" data-elementor-post-type=\"page\">\n\t\t\t\t\t\t<section class=\"elementor-section elementor-top-section elementor-element elementor-element-7875cc6b elementor-section-full_width elementor-section-height-default elementor-section-height-default\" data-id=\"7875cc6b\" data-element_type=\"section\" data-e-type=\"section\">\n\t\t\t\t\t\t<div class=\"elementor-container elementor-column-gap-no\">\n\t\t\t\t\t<div class=\"elementor-column elementor-col-100 elementor-top-column elementor-element elementor-element-3436dae7\" data-id=\"3436dae7\" data-element_type=\"column\" data-e-type=\"column\">\n\t\t\t<div class=\"elementor-widget-wrap elementor-element-populated\">\n\t\t\t\t\t\t<section class=\"elementor-section elementor-inner-section elementor-element elementor-element-de06d9e elementor-reverse-mobile elementor-section-boxed elementor-section-height-default elementor-section-height-default\" data-id=\"de06d9e\" data-element_type=\"section\" data-e-type=\"section\">\n\t\t\t\t\t\t<div class=\"elementor-container elementor-column-gap-wide\">\n\t\t\t\t\t<div class=\"elementor-column elementor-col-50 elementor-inner-column elementor-element elementor-element-9b50b8b\" data-id=\"9b50b8b\" data-element_type=\"column\" data-e-type=\"column\">\n\t\t\t<div class=\"elementor-widget-wrap elementor-element-populated\">\n\t\t\t\t\t\t<div class=\"elementor-element elementor-element-c94abe4 elementor-widget elementor-widget-image\" data-id=\"c94abe4\" data-element_type=\"widget\" data-e-type=\"widget\" data-widget_type=\"image.default\">\n\t\t\t\t<div class=\"elementor-widget-container\">\n\t\t\t\t\t\t\t\t\t\t\t\t\t\t\t<img fetchpriority=\"high\" decoding=\"async\" width=\"800\" height=\"800\" src=\"https:\/\/verdeaguanatureza.com\/wp-content\/uploads\/2021\/03\/cascamourilhe-10-min-casa.jpg\" class=\"attachment-large size-large wp-image-1235\" alt=\"\" srcset=\"https:\/\/verdeaguanatureza.com\/wp-content\/uploads\/2021\/03\/cascamourilhe-10-min-casa.jpg 1000w, https:\/\/verdeaguanatureza.com\/wp-content\/uploads\/2021\/03\/cascamourilhe-10-min-casa-300x300.jpg 300w, https:\/\/verdeaguanatureza.com\/wp-content\/uploads\/2021\/03\/cascamourilhe-10-min-casa-150x150.jpg 150w, https:\/\/verdeaguanatureza.com\/wp-content\/uploads\/2021\/03\/cascamourilhe-10-min-casa-768x768.jpg 768w\" sizes=\"(max-width: 800px) 100vw, 800px\" \/>\t\t\t\t\t\t\t\t\t\t\t\t\t\t\t<\/div>\n\t\t\t\t<\/div>\n\t\t\t\t\t<\/div>\n\t\t<\/div>\n\t\t\t\t<div class=\"elementor-column elementor-col-50 elementor-inner-column elementor-element elementor-element-c65b5e2\" data-id=\"c65b5e2\" data-element_type=\"column\" data-e-type=\"column\">\n\t\t\t<div class=\"elementor-widget-wrap elementor-element-populated\">\n\t\t\t\t\t\t<div class=\"elementor-element elementor-element-9afd07d elementor-widget__width-auto animated-slow elementor-invisible elementor-widget elementor-widget-heading\" data-id=\"9afd07d\" data-element_type=\"widget\" data-e-type=\"widget\" data-settings=\"{&quot;_animation&quot;:&quot;fadeIn&quot;}\" data-widget_type=\"heading.default\">\n\t\t\t\t<div class=\"elementor-widget-container\">\n\t\t\t\t\t<h2 class=\"elementor-heading-title elementor-size-xxl\">Alrededores<\/h2>\t\t\t\t<\/div>\n\t\t\t\t<\/div>\n\t\t\t\t<div class=\"elementor-element elementor-element-1e4ccfd elementor-widget elementor-widget-text-editor\" data-id=\"1e4ccfd\" data-element_type=\"widget\" data-e-type=\"widget\" data-widget_type=\"text-editor.default\">\n\t\t\t\t<div class=\"elementor-widget-container\">\n\t\t\t\t\t\t\t\t\t<p>Estamos localizados en el territorio de las Monta\u00f1as M\u00e1gicas, en el norte de Portugal, conocido por su extraordinario valor natural y certificado como un destino tur\u00edstico sostenible desde Noviembre del 2013. Es un destino de excelencia para los amantes de la naturaleza y para aquellos que disfrutan de actividades deportivas y aventureras.<\/p>\n<p>Para aquellos que prefieran visitar su patrimonio cultural, podr\u00e1n visitar los puentes y caminos de la \u00e9poca de los Romanos, iglesias, aldeas t\u00edpicas de \u00abXisto\u00bb y minas hist\u00f3ricas.<\/p>\n\t\t\t\t\t\t\t\t<\/div>\n\t\t\t\t<\/div>\n\t\t\t\t\t<\/div>\n\t\t<\/div>\n\t\t\t\t\t<\/div>\n\t\t<\/section>\n\t\t\t\t<section class=\"elementor-section elementor-inner-section elementor-element elementor-element-d568eca elementor-section-boxed elementor-section-height-default elementor-section-height-default\" data-id=\"d568eca\" data-element_type=\"section\" data-e-type=\"section\">\n\t\t\t\t\t\t<div class=\"elementor-container elementor-column-gap-default\">\n\t\t\t\t\t<div class=\"elementor-column elementor-col-33 elementor-inner-column elementor-element elementor-element-c760491\" data-id=\"c760491\" data-element_type=\"column\" data-e-type=\"column\">\n\t\t\t<div class=\"elementor-widget-wrap elementor-element-populated\">\n\t\t\t\t\t\t<div class=\"elementor-element elementor-element-5b06009 elementor-position-top elementor-widget elementor-widget-image-box\" data-id=\"5b06009\" data-element_type=\"widget\" data-e-type=\"widget\" data-widget_type=\"image-box.default\">\n\t\t\t\t<div class=\"elementor-widget-container\">\n\t\t\t\t\t<div class=\"elementor-image-box-wrapper\"><figure class=\"elementor-image-box-img\"><img decoding=\"async\" width=\"2560\" height=\"1707\" src=\"https:\/\/verdeaguanatureza.com\/wp-content\/uploads\/2021\/03\/ashim-d-silva-UjxL9x0nwQ8-unsplash-scaled.jpg\" class=\"attachment-full size-full wp-image-1211\" alt=\"\" srcset=\"https:\/\/verdeaguanatureza.com\/wp-content\/uploads\/2021\/03\/ashim-d-silva-UjxL9x0nwQ8-unsplash-scaled.jpg 2560w, https:\/\/verdeaguanatureza.com\/wp-content\/uploads\/2021\/03\/ashim-d-silva-UjxL9x0nwQ8-unsplash-300x200.jpg 300w, https:\/\/verdeaguanatureza.com\/wp-content\/uploads\/2021\/03\/ashim-d-silva-UjxL9x0nwQ8-unsplash-1024x683.jpg 1024w, https:\/\/verdeaguanatureza.com\/wp-content\/uploads\/2021\/03\/ashim-d-silva-UjxL9x0nwQ8-unsplash-768x512.jpg 768w, https:\/\/verdeaguanatureza.com\/wp-content\/uploads\/2021\/03\/ashim-d-silva-UjxL9x0nwQ8-unsplash-1536x1024.jpg 1536w, https:\/\/verdeaguanatureza.com\/wp-content\/uploads\/2021\/03\/ashim-d-silva-UjxL9x0nwQ8-unsplash-2048x1365.jpg 2048w\" sizes=\"(max-width: 2560px) 100vw, 2560px\" \/><\/figure><div class=\"elementor-image-box-content\"><h5 class=\"elementor-image-box-title\">Trekking<\/h5><p class=\"elementor-image-box-description\">#Bestan\u00e7a Valley<br>#Montanhas M\u00e1gicas<br>#Paiva Walkways<br>#516 Arouca Bridge<\/p><\/div><\/div>\t\t\t\t<\/div>\n\t\t\t\t<\/div>\n\t\t\t\t\t<\/div>\n\t\t<\/div>\n\t\t\t\t<div class=\"elementor-column elementor-col-33 elementor-inner-column elementor-element elementor-element-1e14e90\" data-id=\"1e14e90\" data-element_type=\"column\" data-e-type=\"column\">\n\t\t\t<div class=\"elementor-widget-wrap elementor-element-populated\">\n\t\t\t\t\t\t<div class=\"elementor-element elementor-element-0148928 elementor-position-top elementor-widget elementor-widget-image-box\" data-id=\"0148928\" data-element_type=\"widget\" data-e-type=\"widget\" data-widget_type=\"image-box.default\">\n\t\t\t\t<div class=\"elementor-widget-container\">\n\t\t\t\t\t<div class=\"elementor-image-box-wrapper\"><figure class=\"elementor-image-box-img\"><img decoding=\"async\" width=\"960\" height=\"640\" src=\"https:\/\/verdeaguanatureza.com\/wp-content\/uploads\/2021\/03\/wakeboard-2.jpg\" class=\"attachment-full size-full wp-image-1207\" alt=\"\" srcset=\"https:\/\/verdeaguanatureza.com\/wp-content\/uploads\/2021\/03\/wakeboard-2.jpg 960w, https:\/\/verdeaguanatureza.com\/wp-content\/uploads\/2021\/03\/wakeboard-2-300x200.jpg 300w, https:\/\/verdeaguanatureza.com\/wp-content\/uploads\/2021\/03\/wakeboard-2-768x512.jpg 768w\" sizes=\"(max-width: 960px) 100vw, 960px\" \/><\/figure><div class=\"elementor-image-box-content\"><h5 class=\"elementor-image-box-title\">Actividades Na\u00faticas<\/h5><p class=\"elementor-image-box-description\">Stand up paddle &bull; Kayak &bull; Wake-board and ski &bull;  Boat trips &bull;  Rafting<br>#Paiva river<br>#Bestan\u00e7a river<br>#Douro river<br>#Frades river<br><\/p><\/div><\/div>\t\t\t\t<\/div>\n\t\t\t\t<\/div>\n\t\t\t\t\t<\/div>\n\t\t<\/div>\n\t\t\t\t<div class=\"elementor-column elementor-col-33 elementor-inner-column elementor-element elementor-element-fd7399c\" data-id=\"fd7399c\" data-element_type=\"column\" data-e-type=\"column\">\n\t\t\t<div class=\"elementor-widget-wrap elementor-element-populated\">\n\t\t\t\t\t\t<div class=\"elementor-element elementor-element-2dba29a elementor-position-top elementor-widget elementor-widget-image-box\" data-id=\"2dba29a\" data-element_type=\"widget\" data-e-type=\"widget\" data-widget_type=\"image-box.default\">\n\t\t\t\t<div class=\"elementor-widget-container\">\n\t\t\t\t\t<div class=\"elementor-image-box-wrapper\"><figure class=\"elementor-image-box-img\"><img loading=\"lazy\" decoding=\"async\" width=\"2560\" height=\"1705\" src=\"https:\/\/verdeaguanatureza.com\/wp-content\/uploads\/2021\/03\/daniil-silantev-3jSjXAxYiAw-unsplash-scaled.jpg\" class=\"attachment-full size-full wp-image-1204\" alt=\"\" srcset=\"https:\/\/verdeaguanatureza.com\/wp-content\/uploads\/2021\/03\/daniil-silantev-3jSjXAxYiAw-unsplash-scaled.jpg 2560w, https:\/\/verdeaguanatureza.com\/wp-content\/uploads\/2021\/03\/daniil-silantev-3jSjXAxYiAw-unsplash-300x200.jpg 300w, https:\/\/verdeaguanatureza.com\/wp-content\/uploads\/2021\/03\/daniil-silantev-3jSjXAxYiAw-unsplash-1024x682.jpg 1024w, https:\/\/verdeaguanatureza.com\/wp-content\/uploads\/2021\/03\/daniil-silantev-3jSjXAxYiAw-unsplash-768x511.jpg 768w, https:\/\/verdeaguanatureza.com\/wp-content\/uploads\/2021\/03\/daniil-silantev-3jSjXAxYiAw-unsplash-1536x1023.jpg 1536w, https:\/\/verdeaguanatureza.com\/wp-content\/uploads\/2021\/03\/daniil-silantev-3jSjXAxYiAw-unsplash-2048x1364.jpg 2048w\" sizes=\"(max-width: 2560px) 100vw, 2560px\" \/><\/figure><div class=\"elementor-image-box-content\"><h5 class=\"elementor-image-box-title\">Paseos en Jeep<\/h5><p class=\"elementor-image-box-description\">#Paiva<br>#Montemuro<\/p><\/div><\/div>\t\t\t\t<\/div>\n\t\t\t\t<\/div>\n\t\t\t\t\t<\/div>\n\t\t<\/div>\n\t\t\t\t\t<\/div>\n\t\t<\/section>\n\t\t\t\t<section class=\"elementor-section elementor-inner-section elementor-element elementor-element-e57e6c9 elementor-section-boxed elementor-section-height-default elementor-section-height-default\" data-id=\"e57e6c9\" data-element_type=\"section\" data-e-type=\"section\">\n\t\t\t\t\t\t<div class=\"elementor-container elementor-column-gap-wide\">\n\t\t\t\t\t<div class=\"elementor-column elementor-col-100 elementor-inner-column elementor-element elementor-element-641aa91\" data-id=\"641aa91\" data-element_type=\"column\" data-e-type=\"column\" data-settings=\"{&quot;motion_fx_motion_fx_scrolling&quot;:&quot;yes&quot;,&quot;motion_fx_devices&quot;:[&quot;desktop&quot;,&quot;tablet&quot;]}\">\n\t\t\t<div class=\"elementor-widget-wrap elementor-element-populated\">\n\t\t\t\t\t\t<div class=\"elementor-element elementor-element-c0df2e2 elementor-widget elementor-widget-text-editor\" data-id=\"c0df2e2\" data-element_type=\"widget\" data-e-type=\"widget\" data-widget_type=\"text-editor.default\">\n\t\t\t\t<div class=\"elementor-widget-container\">\n\t\t\t\t\t\t\t\t\t<p>\u00a1Trabajamos con varios operadores tur\u00edsticos y tendremos todo el placer de ayudarte a organizar tus aventuras!<br \/>\u00a1Si quieres comenzar a buscar que hacer, usa las palabras claves!<\/p>\n\t\t\t\t\t\t\t\t<\/div>\n\t\t\t\t<\/div>\n\t\t\t\t\t<\/div>\n\t\t<\/div>\n\t\t\t\t\t<\/div>\n\t\t<\/section>\n\t\t\t\t\t<\/div>\n\t\t<\/div>\n\t\t\t\t\t<\/div>\n\t\t<\/section>\n\t\t\t\t<\/div>\n\t\t","protected":false},"excerpt":{"rendered":"<p>Alrededores Estamos localizados en el territorio de las Monta\u00f1as M\u00e1gicas, en el norte de Portugal, conocido por su extraordinario valor natural y certificado como un destino tur\u00edstico sostenible desde Noviembre del 2013. Es un destino de excelencia para los amantes de la naturaleza y para aquellos que disfrutan de actividades deportivas y aventureras. Para aquellos [&hellip;]<\/p>\n","protected":false},"author":1,"featured_media":0,"parent":0,"menu_order":0,"comment_status":"closed","ping_status":"closed","template":"","meta":{"footnotes":""},"class_list":["post-1697","page","type-page","status-publish","hentry"],"yoast_head":"<!-- This site is optimized with the Yoast SEO plugin v27.5 - https:\/\/yoast.com\/product\/yoast-seo-wordpress\/ -->\n<title>Alrededores - Verde \u00c1gua Natureza<\/title>\n<meta name=\"robots\" content=\"index, follow, max-snippet:-1, max-image-preview:large, max-video-preview:-1\" \/>\n<link rel=\"canonical\" href=\"https:\/\/verdeaguanatureza.com\/es\/experiencias-2\/\" \/>\n<meta property=\"og:locale\" content=\"es_ES\" \/>\n<meta property=\"og:type\" content=\"article\" \/>\n<meta property=\"og:title\" content=\"Alrededores - Verde \u00c1gua Natureza\" \/>\n<meta property=\"og:description\" content=\"Alrededores Estamos localizados en el territorio de las Monta\u00f1as M\u00e1gicas, en el norte de Portugal, conocido por su extraordinario valor natural y certificado como un destino tur\u00edstico sostenible desde Noviembre del 2013. Es un destino de excelencia para los amantes de la naturaleza y para aquellos que disfrutan de actividades deportivas y aventureras. Para aquellos [&hellip;]\" \/>\n<meta property=\"og:url\" content=\"https:\/\/verdeaguanatureza.com\/es\/experiencias-2\/\" \/>\n<meta property=\"og:site_name\" content=\"Verde \u00c1gua Natureza\" \/>\n<meta property=\"article:publisher\" content=\"https:\/\/www.facebook.com\/verdeaguanatureza-112147207229298\" \/>\n<meta property=\"article:modified_time\" content=\"2026-03-20T11:36:49+00:00\" \/>\n<meta property=\"og:image\" content=\"https:\/\/verdeaguanatureza.com\/wp-content\/uploads\/2021\/03\/cascamourilhe-10-min-casa.jpg\" \/>\n\t<meta property=\"og:image:width\" content=\"1000\" \/>\n\t<meta property=\"og:image:height\" content=\"1000\" \/>\n\t<meta property=\"og:image:type\" content=\"image\/jpeg\" \/>\n<meta name=\"twitter:card\" content=\"summary_large_image\" \/>\n<meta name=\"twitter:label1\" content=\"Tiempo de lectura\" \/>\n\t<meta name=\"twitter:data1\" content=\"1 minuto\" \/>\n<script type=\"application\/ld+json\" class=\"yoast-schema-graph\">{\"@context\":\"https:\\\/\\\/schema.org\",\"@graph\":[{\"@type\":\"WebPage\",\"@id\":\"https:\\\/\\\/verdeaguanatureza.com\\\/es\\\/experiencias-2\\\/\",\"url\":\"https:\\\/\\\/verdeaguanatureza.com\\\/es\\\/experiencias-2\\\/\",\"name\":\"Alrededores - Verde \u00c1gua Natureza\",\"isPartOf\":{\"@id\":\"https:\\\/\\\/verdeaguanatureza.com\\\/es\\\/#website\"},\"primaryImageOfPage\":{\"@id\":\"https:\\\/\\\/verdeaguanatureza.com\\\/es\\\/experiencias-2\\\/#primaryimage\"},\"image\":{\"@id\":\"https:\\\/\\\/verdeaguanatureza.com\\\/es\\\/experiencias-2\\\/#primaryimage\"},\"thumbnailUrl\":\"https:\\\/\\\/verdeaguanatureza.com\\\/wp-content\\\/uploads\\\/2021\\\/03\\\/cascamourilhe-10-min-casa.jpg\",\"datePublished\":\"2021-03-23T18:23:58+00:00\",\"dateModified\":\"2026-03-20T11:36:49+00:00\",\"breadcrumb\":{\"@id\":\"https:\\\/\\\/verdeaguanatureza.com\\\/es\\\/experiencias-2\\\/#breadcrumb\"},\"inLanguage\":\"es\",\"potentialAction\":[{\"@type\":\"ReadAction\",\"target\":[\"https:\\\/\\\/verdeaguanatureza.com\\\/es\\\/experiencias-2\\\/\"]}]},{\"@type\":\"ImageObject\",\"inLanguage\":\"es\",\"@id\":\"https:\\\/\\\/verdeaguanatureza.com\\\/es\\\/experiencias-2\\\/#primaryimage\",\"url\":\"https:\\\/\\\/verdeaguanatureza.com\\\/wp-content\\\/uploads\\\/2021\\\/03\\\/cascamourilhe-10-min-casa.jpg\",\"contentUrl\":\"https:\\\/\\\/verdeaguanatureza.com\\\/wp-content\\\/uploads\\\/2021\\\/03\\\/cascamourilhe-10-min-casa.jpg\"},{\"@type\":\"BreadcrumbList\",\"@id\":\"https:\\\/\\\/verdeaguanatureza.com\\\/es\\\/experiencias-2\\\/#breadcrumb\",\"itemListElement\":[{\"@type\":\"ListItem\",\"position\":1,\"name\":\"Home\",\"item\":\"https:\\\/\\\/verdeaguanatureza.com\\\/es\\\/\"},{\"@type\":\"ListItem\",\"position\":2,\"name\":\"Alrededores\"}]},{\"@type\":\"WebSite\",\"@id\":\"https:\\\/\\\/verdeaguanatureza.com\\\/es\\\/#website\",\"url\":\"https:\\\/\\\/verdeaguanatureza.com\\\/es\\\/\",\"name\":\"Verde \u00c1gua\",\"description\":\"Agricultura Biol\u00f3gica | Agroturismo\",\"publisher\":{\"@id\":\"https:\\\/\\\/verdeaguanatureza.com\\\/es\\\/#organization\"},\"potentialAction\":[{\"@type\":\"SearchAction\",\"target\":{\"@type\":\"EntryPoint\",\"urlTemplate\":\"https:\\\/\\\/verdeaguanatureza.com\\\/es\\\/?s={search_term_string}\"},\"query-input\":{\"@type\":\"PropertyValueSpecification\",\"valueRequired\":true,\"valueName\":\"search_term_string\"}}],\"inLanguage\":\"es\"},{\"@type\":\"Organization\",\"@id\":\"https:\\\/\\\/verdeaguanatureza.com\\\/es\\\/#organization\",\"name\":\"Verde \u00c1gua Natureza\",\"url\":\"https:\\\/\\\/verdeaguanatureza.com\\\/es\\\/\",\"logo\":{\"@type\":\"ImageObject\",\"inLanguage\":\"es\",\"@id\":\"https:\\\/\\\/verdeaguanatureza.com\\\/es\\\/#\\\/schema\\\/logo\\\/image\\\/\",\"url\":\"https:\\\/\\\/verdeaguanatureza.com\\\/wp-content\\\/uploads\\\/2021\\\/01\\\/verde-agua-logo.svg\",\"contentUrl\":\"https:\\\/\\\/verdeaguanatureza.com\\\/wp-content\\\/uploads\\\/2021\\\/01\\\/verde-agua-logo.svg\",\"width\":1,\"height\":1,\"caption\":\"Verde \u00c1gua Natureza\"},\"image\":{\"@id\":\"https:\\\/\\\/verdeaguanatureza.com\\\/es\\\/#\\\/schema\\\/logo\\\/image\\\/\"},\"sameAs\":[\"https:\\\/\\\/www.facebook.com\\\/verdeaguanatureza-112147207229298\",\"https:\\\/\\\/www.instagram.com\\\/verdeaguanatureza\\\/\"]}]}<\/script>\n<!-- \/ Yoast SEO plugin. -->","yoast_head_json":{"title":"Alrededores - Verde \u00c1gua Natureza","robots":{"index":"index","follow":"follow","max-snippet":"max-snippet:-1","max-image-preview":"max-image-preview:large","max-video-preview":"max-video-preview:-1"},"canonical":"https:\/\/verdeaguanatureza.com\/es\/experiencias-2\/","og_locale":"es_ES","og_type":"article","og_title":"Alrededores - Verde \u00c1gua Natureza","og_description":"Alrededores Estamos localizados en el territorio de las Monta\u00f1as M\u00e1gicas, en el norte de Portugal, conocido por su extraordinario valor natural y certificado como un destino tur\u00edstico sostenible desde Noviembre del 2013. Es un destino de excelencia para los amantes de la naturaleza y para aquellos que disfrutan de actividades deportivas y aventureras. Para aquellos [&hellip;]","og_url":"https:\/\/verdeaguanatureza.com\/es\/experiencias-2\/","og_site_name":"Verde \u00c1gua Natureza","article_publisher":"https:\/\/www.facebook.com\/verdeaguanatureza-112147207229298","article_modified_time":"2026-03-20T11:36:49+00:00","og_image":[{"width":1000,"height":1000,"url":"https:\/\/verdeaguanatureza.com\/wp-content\/uploads\/2021\/03\/cascamourilhe-10-min-casa.jpg","type":"image\/jpeg"}],"twitter_card":"summary_large_image","twitter_misc":{"Tiempo de lectura":"1 minuto"},"schema":{"@context":"https:\/\/schema.org","@graph":[{"@type":"WebPage","@id":"https:\/\/verdeaguanatureza.com\/es\/experiencias-2\/","url":"https:\/\/verdeaguanatureza.com\/es\/experiencias-2\/","name":"Alrededores - Verde \u00c1gua Natureza","isPartOf":{"@id":"https:\/\/verdeaguanatureza.com\/es\/#website"},"primaryImageOfPage":{"@id":"https:\/\/verdeaguanatureza.com\/es\/experiencias-2\/#primaryimage"},"image":{"@id":"https:\/\/verdeaguanatureza.com\/es\/experiencias-2\/#primaryimage"},"thumbnailUrl":"https:\/\/verdeaguanatureza.com\/wp-content\/uploads\/2021\/03\/cascamourilhe-10-min-casa.jpg","datePublished":"2021-03-23T18:23:58+00:00","dateModified":"2026-03-20T11:36:49+00:00","breadcrumb":{"@id":"https:\/\/verdeaguanatureza.com\/es\/experiencias-2\/#breadcrumb"},"inLanguage":"es","potentialAction":[{"@type":"ReadAction","target":["https:\/\/verdeaguanatureza.com\/es\/experiencias-2\/"]}]},{"@type":"ImageObject","inLanguage":"es","@id":"https:\/\/verdeaguanatureza.com\/es\/experiencias-2\/#primaryimage","url":"https:\/\/verdeaguanatureza.com\/wp-content\/uploads\/2021\/03\/cascamourilhe-10-min-casa.jpg","contentUrl":"https:\/\/verdeaguanatureza.com\/wp-content\/uploads\/2021\/03\/cascamourilhe-10-min-casa.jpg"},{"@type":"BreadcrumbList","@id":"https:\/\/verdeaguanatureza.com\/es\/experiencias-2\/#breadcrumb","itemListElement":[{"@type":"ListItem","position":1,"name":"Home","item":"https:\/\/verdeaguanatureza.com\/es\/"},{"@type":"ListItem","position":2,"name":"Alrededores"}]},{"@type":"WebSite","@id":"https:\/\/verdeaguanatureza.com\/es\/#website","url":"https:\/\/verdeaguanatureza.com\/es\/","name":"Verde \u00c1gua","description":"Agricultura Biol\u00f3gica | Agroturismo","publisher":{"@id":"https:\/\/verdeaguanatureza.com\/es\/#organization"},"potentialAction":[{"@type":"SearchAction","target":{"@type":"EntryPoint","urlTemplate":"https:\/\/verdeaguanatureza.com\/es\/?s={search_term_string}"},"query-input":{"@type":"PropertyValueSpecification","valueRequired":true,"valueName":"search_term_string"}}],"inLanguage":"es"},{"@type":"Organization","@id":"https:\/\/verdeaguanatureza.com\/es\/#organization","name":"Verde \u00c1gua Natureza","url":"https:\/\/verdeaguanatureza.com\/es\/","logo":{"@type":"ImageObject","inLanguage":"es","@id":"https:\/\/verdeaguanatureza.com\/es\/#\/schema\/logo\/image\/","url":"https:\/\/verdeaguanatureza.com\/wp-content\/uploads\/2021\/01\/verde-agua-logo.svg","contentUrl":"https:\/\/verdeaguanatureza.com\/wp-content\/uploads\/2021\/01\/verde-agua-logo.svg","width":1,"height":1,"caption":"Verde \u00c1gua Natureza"},"image":{"@id":"https:\/\/verdeaguanatureza.com\/es\/#\/schema\/logo\/image\/"},"sameAs":["https:\/\/www.facebook.com\/verdeaguanatureza-112147207229298","https:\/\/www.instagram.com\/verdeaguanatureza\/"]}]}},"_links":{"self":[{"href":"https:\/\/verdeaguanatureza.com\/es\/wp-json\/wp\/v2\/pages\/1697","targetHints":{"allow":["GET"]}}],"collection":[{"href":"https:\/\/verdeaguanatureza.com\/es\/wp-json\/wp\/v2\/pages"}],"about":[{"href":"https:\/\/verdeaguanatureza.com\/es\/wp-json\/wp\/v2\/types\/page"}],"author":[{"embeddable":true,"href":"https:\/\/verdeaguanatureza.com\/es\/wp-json\/wp\/v2\/users\/1"}],"replies":[{"embeddable":true,"href":"https:\/\/verdeaguanatureza.com\/es\/wp-json\/wp\/v2\/comments?post=1697"}],"version-history":[{"count":18,"href":"https:\/\/verdeaguanatureza.com\/es\/wp-json\/wp\/v2\/pages\/1697\/revisions"}],"predecessor-version":[{"id":2676,"href":"https:\/\/verdeaguanatureza.com\/es\/wp-json\/wp\/v2\/pages\/1697\/revisions\/2676"}],"wp:attachment":[{"href":"https:\/\/verdeaguanatureza.com\/es\/wp-json\/wp\/v2\/media?parent=1697"}],"curies":[{"name":"wp","href":"https:\/\/api.w.org\/{rel}","templated":true}]}}