{"id":1711,"date":"2021-03-24T10:20:00","date_gmt":"2021-03-24T10:20:00","guid":{"rendered":"http:\/\/miligram20.miligram.pt\/politica-de-cookies\/"},"modified":"2021-03-24T10:25:49","modified_gmt":"2021-03-24T10:25:49","slug":"politica-de-cookies","status":"publish","type":"page","link":"https:\/\/verdeaguanatureza.com\/es\/politica-de-cookies\/","title":{"rendered":"Pol\u00edtica de cookies"},"content":{"rendered":"\t\t<div data-elementor-type=\"wp-page\" data-elementor-id=\"1711\" class=\"elementor elementor-1711 elementor-796\" data-elementor-post-type=\"page\">\n\t\t\t\t\t\t<section class=\"elementor-section elementor-top-section elementor-element elementor-element-6f55c40 elementor-section-boxed elementor-section-height-default elementor-section-height-default\" data-id=\"6f55c40\" data-element_type=\"section\" data-e-type=\"section\">\n\t\t\t\t\t\t<div class=\"elementor-container elementor-column-gap-default\">\n\t\t\t\t\t<div class=\"elementor-column elementor-col-100 elementor-top-column elementor-element elementor-element-32f80aa\" data-id=\"32f80aa\" data-element_type=\"column\" data-e-type=\"column\">\n\t\t\t<div class=\"elementor-widget-wrap elementor-element-populated\">\n\t\t\t\t\t\t<div class=\"elementor-element elementor-element-4533f17f animated-slow elementor-widget__width-auto elementor-invisible elementor-widget elementor-widget-heading\" data-id=\"4533f17f\" data-element_type=\"widget\" data-e-type=\"widget\" data-settings=\"{&quot;_animation&quot;:&quot;fadeIn&quot;}\" data-widget_type=\"heading.default\">\n\t\t\t\t<div class=\"elementor-widget-container\">\n\t\t\t\t\t<h2 class=\"elementor-heading-title elementor-size-xxl\">Pol\u00edtica de cookies<\/h2>\t\t\t\t<\/div>\n\t\t\t\t<\/div>\n\t\t\t\t<div class=\"elementor-element elementor-element-9d91a59 elementor-widget elementor-widget-text-editor\" data-id=\"9d91a59\" data-element_type=\"widget\" data-e-type=\"widget\" data-widget_type=\"text-editor.default\">\n\t\t\t\t<div class=\"elementor-widget-container\">\n\t\t\t\t\t\t\t\t\t<p class=\"p1\">VERDE AGUA utiliza cookies y otras tecnolog\u00edas de rastreo semejantes, para poder diferenciarse de otros usuarios cuando utiliza la p\u00e1gina web. Estas tecnolog\u00edas nos ayudan a proporcionarle una excelente experiencia siempre que navegue en nuestra p\u00e1gina web.<\/p>\t\t\t\t\t\t\t\t<\/div>\n\t\t\t\t<\/div>\n\t\t\t\t<div class=\"elementor-element elementor-element-4749c84 elementor-widget elementor-widget-text-editor\" data-id=\"4749c84\" data-element_type=\"widget\" data-e-type=\"widget\" data-widget_type=\"text-editor.default\">\n\t\t\t\t<div class=\"elementor-widget-container\">\n\t\t\t\t\t\t\t\t\t<p><strong>Cookies &#8211; \u00bfqu\u00e9 son?<\/strong><\/p><p>Las cookies son peque\u00f1os ficheros de informaci\u00f3n que son almacenados en su ordenador o en su dispositivo m\u00f3vil a trav\u00e9s del navegador (Browser). Estos ficheros permiten que durante un periodo de tiempo la p\u00e1gina recuerde sus acciones y preferencias, teniendo en cuenta algunas caracter\u00edsticas, como el idioma utilizado, el tama\u00f1o de los caracteres, nombre del usuario, entre otras. Por ello, cuando navega en p\u00e1ginas webs ya utilizadas en varias ocasiones, en principio, no tendr\u00eda que volver a indicar sus preferencias, ya que estas lo recordar\u00edan.<\/p>\t\t\t\t\t\t\t\t<\/div>\n\t\t\t\t<\/div>\n\t\t\t\t<div class=\"elementor-element elementor-element-725d597 elementor-widget elementor-widget-text-editor\" data-id=\"725d597\" data-element_type=\"widget\" data-e-type=\"widget\" data-widget_type=\"text-editor.default\">\n\t\t\t\t<div class=\"elementor-widget-container\">\n\t\t\t\t\t\t\t\t\t<p><strong>Cookies &#8211; \u00bfpara qu\u00e9 sirven?<\/strong><\/p><p>Las cookies identifican el programa de navegaci\u00f3n del servidor, almacenando la informaci\u00f3n en su dispositivo. Esta tecnolog\u00eda tiene varias finalidades, como por ejemplo, ayuda a determinar la utilidad, inter\u00e9s y el n\u00famero de utilizaciones, permite una navegaci\u00f3n m\u00e1s r\u00e1pida y eficiente, y elimina la necesidad de introducir repetidamente las mismas informaciones.<\/p>\t\t\t\t\t\t\t\t<\/div>\n\t\t\t\t<\/div>\n\t\t\t\t<div class=\"elementor-element elementor-element-14694a2 elementor-widget elementor-widget-text-editor\" data-id=\"14694a2\" data-element_type=\"widget\" data-e-type=\"widget\" data-widget_type=\"text-editor.default\">\n\t\t\t\t<div class=\"elementor-widget-container\">\n\t\t\t\t\t\t\t\t\t<p><strong>Cookies &#8211; \u00bfqu\u00e9 tipo de Cookies existen?<\/strong><\/p><p class=\"p1\">Existen varios tipos de Cookies, y considerando la vida \u00fatil de las mismas, pueden ser las siguientes:<\/p><ul class=\"ul1\"><li class=\"li1\"><strong>Cookies permanentes: <\/strong>pueden ser definidas como cookies que quedan almacenadas en nuestro dispositivo incluso despu\u00e9s de cerrar el Browser, y que son utilizadas siempre que se visita la p\u00e1gina web. Son utilizadas, generalmente, para direccionar la navegaci\u00f3n a los intereses del Usuario, permitiendo prestar un servicio personalizado.<\/li><li class=\"li1\"><strong>Cookies de secci\u00f3n: <\/strong>son cookies temporales que permanecen en el archivo de su Browser hasta salir de la aplicaci\u00f3n o p\u00e1gina web visitada. La informaci\u00f3n obtenida a trav\u00e9s de este tipo de cookies sirve para analizar patrones de tr\u00e1fico en la web, identificar problemas de navegaci\u00f3n e incluso mejorar la experiencia durante la navegaci\u00f3n del Usuario.<\/li><\/ul><p class=\"p1\">Ahora bien, dependiendo del dominio al que pertenecen, las cookies pueden ser:<\/p><ul class=\"ul1\"><li class=\"li1\"><strong>Cookies propias: <\/strong>son cookies enviadas para el dispositivo del Usuario a trav\u00e9s de un equipo gestionado por VERDE AGUA y a partir del cual se presta un servicio solicitado por el Usuario.<\/li><li class=\"li1\"><strong>Cookies de terceros: <\/strong>son cookies enviados para el dispositivo del Usuario a trav\u00e9s de un equipo no gestionado por VERDE AGUA, sino gestionado por otra entidad que se encarga de tratar esos datos recogidos por este tipo de cookies.<\/li><\/ul>\t\t\t\t\t\t\t\t<\/div>\n\t\t\t\t<\/div>\n\t\t\t\t<div class=\"elementor-element elementor-element-6d0e114 elementor-widget elementor-widget-text-editor\" data-id=\"6d0e114\" data-element_type=\"widget\" data-e-type=\"widget\" data-widget_type=\"text-editor.default\">\n\t\t\t\t<div class=\"elementor-widget-container\">\n\t\t\t\t\t\t\t\t\t<strong>Cookies- \u00bfc\u00f3mo se usan?<\/strong>\n\n<p class=\"p1\">El usuario podr\u00e1 alterar o cambiar las definiciones de su ordenador o dispositivo m\u00f3vil para activar o desactivar la aceptaci\u00f3n de dichas cookies.<\/p>\n<p class=\"p1\">Todos los Browsers permiten al Usuario que los utiliza aceptar, rechazar o eliminar dichas cookies, y esto podr\u00e1 realizarse a trav\u00e9s de las definiciones en su respectivo navegador. El Usuario puede, as\u00ed, configurar su Browser para informar siempre que las cookies son recibidas o bien desactivar su aceptaci\u00f3n, pero VERDE AGUA alerta que si se desactiva su aceptaci\u00f3n esto afectar\u00eda, parcialmente, en el funcionamiento de algunas de las opciones de la p\u00e1gina web, no consigui\u00e9ndose as\u00ed una navegaci\u00f3n r\u00e1pida y personalizada.<\/p>\n<p class=\"p1\">Ahora bien, si la configuraci\u00f3n de privacidad de su Browser estuviera definida como \u201cAlta\u201d no conseguir\u00e1 acceder a algunas de las funciones y podr\u00e1 incluso tener problemas para acceder en su totalidad a nuestra p\u00e1gina web o aplicaci\u00f3n. Para solucionar esta cuesti\u00f3n, tendr\u00e1 que adherir nuestra direcci\u00f3n de internet, <a href=\"http:\/\/www.verdeaguanatureza.com\"><span class=\"s1\">www.verdeaguanatureza.com<\/span><\/a> a la lista de p\u00e1ginas webs permitidas en las configuraciones de privacidad de sus Browser. En el caso que intente acceder a nuestra p\u00e1gina web a trav\u00e9s de un ordenador de empresa y no lo consiga, el problema se encontrara, seguramente, en las configuraciones de seguridad corporativa del equipo utilizado, por ello, le recomendamos que se ponga en contacto con el administrador del sistema.<\/p>\t\t\t\t\t\t\t\t<\/div>\n\t\t\t\t<\/div>\n\t\t\t\t\t<\/div>\n\t\t<\/div>\n\t\t\t\t\t<\/div>\n\t\t<\/section>\n\t\t\t\t<\/div>\n\t\t","protected":false},"excerpt":{"rendered":"<p>VERDE AGUA utiliza cookies y otras tecnolog\u00edas de rastreo semejantes, para poder diferenciarse de otros usuarios cuando utiliza la p\u00e1gina web. Estas tecnolog\u00edas nos ayudan a proporcionarle una excelente experiencia siempre que navegue en nuestra p\u00e1gina web. Cookies &#8211; \u00bfqu\u00e9 son? Las cookies son peque\u00f1os ficheros de informaci\u00f3n que son almacenados en su ordenador o [&hellip;]<\/p>\n","protected":false},"author":1,"featured_media":0,"parent":0,"menu_order":0,"comment_status":"closed","ping_status":"closed","template":"","meta":{"footnotes":""},"class_list":["post-1711","page","type-page","status-publish","hentry"],"yoast_head":"<!-- This site is optimized with the Yoast SEO plugin v27.3 - https:\/\/yoast.com\/product\/yoast-seo-wordpress\/ -->\n<title>Pol\u00edtica de cookies - Verde \u00c1gua Natureza<\/title>\n<meta name=\"robots\" content=\"index, follow, max-snippet:-1, max-image-preview:large, max-video-preview:-1\" \/>\n<link rel=\"canonical\" href=\"https:\/\/verdeaguanatureza.com\/es\/politica-de-cookies\/\" \/>\n<meta property=\"og:locale\" content=\"es_ES\" \/>\n<meta property=\"og:type\" content=\"article\" \/>\n<meta property=\"og:title\" content=\"Pol\u00edtica de cookies - Verde \u00c1gua Natureza\" \/>\n<meta property=\"og:description\" content=\"VERDE AGUA utiliza cookies y otras tecnolog\u00edas de rastreo semejantes, para poder diferenciarse de otros usuarios cuando utiliza la p\u00e1gina web. Estas tecnolog\u00edas nos ayudan a proporcionarle una excelente experiencia siempre que navegue en nuestra p\u00e1gina web. Cookies &#8211; \u00bfqu\u00e9 son? Las cookies son peque\u00f1os ficheros de informaci\u00f3n que son almacenados en su ordenador o [&hellip;]\" \/>\n<meta property=\"og:url\" content=\"https:\/\/verdeaguanatureza.com\/es\/politica-de-cookies\/\" \/>\n<meta property=\"og:site_name\" content=\"Verde \u00c1gua Natureza\" \/>\n<meta property=\"article:publisher\" content=\"https:\/\/www.facebook.com\/verdeaguanatureza-112147207229298\" \/>\n<meta property=\"article:modified_time\" content=\"2021-03-24T10:25:49+00:00\" \/>\n<meta name=\"twitter:card\" content=\"summary_large_image\" \/>\n<meta name=\"twitter:label1\" content=\"Tiempo de lectura\" \/>\n\t<meta name=\"twitter:data1\" content=\"3 minutos\" \/>\n<script type=\"application\/ld+json\" class=\"yoast-schema-graph\">{\"@context\":\"https:\\\/\\\/schema.org\",\"@graph\":[{\"@type\":\"WebPage\",\"@id\":\"https:\\\/\\\/verdeaguanatureza.com\\\/es\\\/politica-de-cookies\\\/\",\"url\":\"https:\\\/\\\/verdeaguanatureza.com\\\/es\\\/politica-de-cookies\\\/\",\"name\":\"Pol\u00edtica de cookies - Verde \u00c1gua Natureza\",\"isPartOf\":{\"@id\":\"https:\\\/\\\/verdeaguanatureza.com\\\/es\\\/#website\"},\"datePublished\":\"2021-03-24T10:20:00+00:00\",\"dateModified\":\"2021-03-24T10:25:49+00:00\",\"breadcrumb\":{\"@id\":\"https:\\\/\\\/verdeaguanatureza.com\\\/es\\\/politica-de-cookies\\\/#breadcrumb\"},\"inLanguage\":\"es\",\"potentialAction\":[{\"@type\":\"ReadAction\",\"target\":[\"https:\\\/\\\/verdeaguanatureza.com\\\/es\\\/politica-de-cookies\\\/\"]}]},{\"@type\":\"BreadcrumbList\",\"@id\":\"https:\\\/\\\/verdeaguanatureza.com\\\/es\\\/politica-de-cookies\\\/#breadcrumb\",\"itemListElement\":[{\"@type\":\"ListItem\",\"position\":1,\"name\":\"Home\",\"item\":\"https:\\\/\\\/verdeaguanatureza.com\\\/es\\\/\"},{\"@type\":\"ListItem\",\"position\":2,\"name\":\"Pol\u00edtica de cookies\"}]},{\"@type\":\"WebSite\",\"@id\":\"https:\\\/\\\/verdeaguanatureza.com\\\/es\\\/#website\",\"url\":\"https:\\\/\\\/verdeaguanatureza.com\\\/es\\\/\",\"name\":\"Verde \u00c1gua\",\"description\":\"Agricultura Biol\u00f3gica | Agroturismo\",\"publisher\":{\"@id\":\"https:\\\/\\\/verdeaguanatureza.com\\\/es\\\/#organization\"},\"potentialAction\":[{\"@type\":\"SearchAction\",\"target\":{\"@type\":\"EntryPoint\",\"urlTemplate\":\"https:\\\/\\\/verdeaguanatureza.com\\\/es\\\/?s={search_term_string}\"},\"query-input\":{\"@type\":\"PropertyValueSpecification\",\"valueRequired\":true,\"valueName\":\"search_term_string\"}}],\"inLanguage\":\"es\"},{\"@type\":\"Organization\",\"@id\":\"https:\\\/\\\/verdeaguanatureza.com\\\/es\\\/#organization\",\"name\":\"Verde \u00c1gua Natureza\",\"url\":\"https:\\\/\\\/verdeaguanatureza.com\\\/es\\\/\",\"logo\":{\"@type\":\"ImageObject\",\"inLanguage\":\"es\",\"@id\":\"https:\\\/\\\/verdeaguanatureza.com\\\/es\\\/#\\\/schema\\\/logo\\\/image\\\/\",\"url\":\"https:\\\/\\\/verdeaguanatureza.com\\\/wp-content\\\/uploads\\\/2021\\\/01\\\/verde-agua-logo.svg\",\"contentUrl\":\"https:\\\/\\\/verdeaguanatureza.com\\\/wp-content\\\/uploads\\\/2021\\\/01\\\/verde-agua-logo.svg\",\"width\":1,\"height\":1,\"caption\":\"Verde \u00c1gua Natureza\"},\"image\":{\"@id\":\"https:\\\/\\\/verdeaguanatureza.com\\\/es\\\/#\\\/schema\\\/logo\\\/image\\\/\"},\"sameAs\":[\"https:\\\/\\\/www.facebook.com\\\/verdeaguanatureza-112147207229298\",\"https:\\\/\\\/www.instagram.com\\\/verdeaguanatureza\\\/\"]}]}<\/script>\n<!-- \/ Yoast SEO plugin. -->","yoast_head_json":{"title":"Pol\u00edtica de cookies - Verde \u00c1gua Natureza","robots":{"index":"index","follow":"follow","max-snippet":"max-snippet:-1","max-image-preview":"max-image-preview:large","max-video-preview":"max-video-preview:-1"},"canonical":"https:\/\/verdeaguanatureza.com\/es\/politica-de-cookies\/","og_locale":"es_ES","og_type":"article","og_title":"Pol\u00edtica de cookies - Verde \u00c1gua Natureza","og_description":"VERDE AGUA utiliza cookies y otras tecnolog\u00edas de rastreo semejantes, para poder diferenciarse de otros usuarios cuando utiliza la p\u00e1gina web. Estas tecnolog\u00edas nos ayudan a proporcionarle una excelente experiencia siempre que navegue en nuestra p\u00e1gina web. Cookies &#8211; \u00bfqu\u00e9 son? Las cookies son peque\u00f1os ficheros de informaci\u00f3n que son almacenados en su ordenador o [&hellip;]","og_url":"https:\/\/verdeaguanatureza.com\/es\/politica-de-cookies\/","og_site_name":"Verde \u00c1gua Natureza","article_publisher":"https:\/\/www.facebook.com\/verdeaguanatureza-112147207229298","article_modified_time":"2021-03-24T10:25:49+00:00","twitter_card":"summary_large_image","twitter_misc":{"Tiempo de lectura":"3 minutos"},"schema":{"@context":"https:\/\/schema.org","@graph":[{"@type":"WebPage","@id":"https:\/\/verdeaguanatureza.com\/es\/politica-de-cookies\/","url":"https:\/\/verdeaguanatureza.com\/es\/politica-de-cookies\/","name":"Pol\u00edtica de cookies - Verde \u00c1gua Natureza","isPartOf":{"@id":"https:\/\/verdeaguanatureza.com\/es\/#website"},"datePublished":"2021-03-24T10:20:00+00:00","dateModified":"2021-03-24T10:25:49+00:00","breadcrumb":{"@id":"https:\/\/verdeaguanatureza.com\/es\/politica-de-cookies\/#breadcrumb"},"inLanguage":"es","potentialAction":[{"@type":"ReadAction","target":["https:\/\/verdeaguanatureza.com\/es\/politica-de-cookies\/"]}]},{"@type":"BreadcrumbList","@id":"https:\/\/verdeaguanatureza.com\/es\/politica-de-cookies\/#breadcrumb","itemListElement":[{"@type":"ListItem","position":1,"name":"Home","item":"https:\/\/verdeaguanatureza.com\/es\/"},{"@type":"ListItem","position":2,"name":"Pol\u00edtica de cookies"}]},{"@type":"WebSite","@id":"https:\/\/verdeaguanatureza.com\/es\/#website","url":"https:\/\/verdeaguanatureza.com\/es\/","name":"Verde \u00c1gua","description":"Agricultura Biol\u00f3gica | Agroturismo","publisher":{"@id":"https:\/\/verdeaguanatureza.com\/es\/#organization"},"potentialAction":[{"@type":"SearchAction","target":{"@type":"EntryPoint","urlTemplate":"https:\/\/verdeaguanatureza.com\/es\/?s={search_term_string}"},"query-input":{"@type":"PropertyValueSpecification","valueRequired":true,"valueName":"search_term_string"}}],"inLanguage":"es"},{"@type":"Organization","@id":"https:\/\/verdeaguanatureza.com\/es\/#organization","name":"Verde \u00c1gua Natureza","url":"https:\/\/verdeaguanatureza.com\/es\/","logo":{"@type":"ImageObject","inLanguage":"es","@id":"https:\/\/verdeaguanatureza.com\/es\/#\/schema\/logo\/image\/","url":"https:\/\/verdeaguanatureza.com\/wp-content\/uploads\/2021\/01\/verde-agua-logo.svg","contentUrl":"https:\/\/verdeaguanatureza.com\/wp-content\/uploads\/2021\/01\/verde-agua-logo.svg","width":1,"height":1,"caption":"Verde \u00c1gua Natureza"},"image":{"@id":"https:\/\/verdeaguanatureza.com\/es\/#\/schema\/logo\/image\/"},"sameAs":["https:\/\/www.facebook.com\/verdeaguanatureza-112147207229298","https:\/\/www.instagram.com\/verdeaguanatureza\/"]}]}},"_links":{"self":[{"href":"https:\/\/verdeaguanatureza.com\/es\/wp-json\/wp\/v2\/pages\/1711","targetHints":{"allow":["GET"]}}],"collection":[{"href":"https:\/\/verdeaguanatureza.com\/es\/wp-json\/wp\/v2\/pages"}],"about":[{"href":"https:\/\/verdeaguanatureza.com\/es\/wp-json\/wp\/v2\/types\/page"}],"author":[{"embeddable":true,"href":"https:\/\/verdeaguanatureza.com\/es\/wp-json\/wp\/v2\/users\/1"}],"replies":[{"embeddable":true,"href":"https:\/\/verdeaguanatureza.com\/es\/wp-json\/wp\/v2\/comments?post=1711"}],"version-history":[{"count":4,"href":"https:\/\/verdeaguanatureza.com\/es\/wp-json\/wp\/v2\/pages\/1711\/revisions"}],"predecessor-version":[{"id":1715,"href":"https:\/\/verdeaguanatureza.com\/es\/wp-json\/wp\/v2\/pages\/1711\/revisions\/1715"}],"wp:attachment":[{"href":"https:\/\/verdeaguanatureza.com\/es\/wp-json\/wp\/v2\/media?parent=1711"}],"curies":[{"name":"wp","href":"https:\/\/api.w.org\/{rel}","templated":true}]}}