{"id":2701,"date":"2026-03-20T12:08:46","date_gmt":"2026-03-20T12:08:46","guid":{"rendered":"https:\/\/verdeaguanatureza.com\/retiros\/"},"modified":"2026-03-20T12:08:47","modified_gmt":"2026-03-20T12:08:47","slug":"retiros","status":"publish","type":"page","link":"https:\/\/verdeaguanatureza.com\/es\/retiros\/","title":{"rendered":"Retiros"},"content":{"rendered":"\t\t<div data-elementor-type=\"wp-page\" data-elementor-id=\"2701\" class=\"elementor elementor-2701 elementor-2670\" data-elementor-post-type=\"page\">\n\t\t\t\t\t\t<section class=\"elementor-section elementor-top-section elementor-element elementor-element-57aef1c elementor-section-full_width elementor-section-height-min-height elementor-section-height-default elementor-section-items-middle\" data-id=\"57aef1c\" data-element_type=\"section\" data-e-type=\"section\" data-settings=\"{&quot;background_background&quot;:&quot;slideshow&quot;,&quot;background_slideshow_gallery&quot;:[{&quot;id&quot;:2693,&quot;url&quot;:&quot;https:\\\/\\\/verdeaguanatureza.com\\\/wp-content\\\/uploads\\\/2026\\\/03\\\/retiros-02.jpg&quot;},{&quot;id&quot;:2694,&quot;url&quot;:&quot;https:\\\/\\\/verdeaguanatureza.com\\\/wp-content\\\/uploads\\\/2026\\\/03\\\/retiros-03.jpg&quot;},{&quot;id&quot;:2695,&quot;url&quot;:&quot;https:\\\/\\\/verdeaguanatureza.com\\\/wp-content\\\/uploads\\\/2026\\\/03\\\/retiros-01.jpg&quot;}],&quot;background_slideshow_loop&quot;:&quot;yes&quot;,&quot;background_slideshow_slide_duration&quot;:5000,&quot;background_slideshow_slide_transition&quot;:&quot;fade&quot;,&quot;background_slideshow_transition_duration&quot;:500}\">\n\t\t\t\t\t\t<div class=\"elementor-container elementor-column-gap-no\">\n\t\t\t\t\t<div class=\"elementor-column elementor-col-100 elementor-top-column elementor-element elementor-element-ef3a358\" data-id=\"ef3a358\" data-element_type=\"column\" data-e-type=\"column\">\n\t\t\t<div class=\"elementor-widget-wrap\">\n\t\t\t\t\t\t\t<\/div>\n\t\t<\/div>\n\t\t\t\t\t<\/div>\n\t\t<\/section>\n\t\t\t\t<section class=\"elementor-section elementor-top-section elementor-element elementor-element-3a5b911 elementor-section-full_width elementor-section-height-default elementor-section-height-default\" data-id=\"3a5b911\" data-element_type=\"section\" data-e-type=\"section\">\n\t\t\t\t\t\t<div class=\"elementor-container elementor-column-gap-no\">\n\t\t\t\t\t<div class=\"elementor-column elementor-col-100 elementor-top-column elementor-element elementor-element-05aa3b0\" data-id=\"05aa3b0\" data-element_type=\"column\" data-e-type=\"column\">\n\t\t\t<div class=\"elementor-widget-wrap elementor-element-populated\">\n\t\t\t\t\t\t<div class=\"elementor-element elementor-element-0b28b67 elementor-widget__width-auto animated elementor-widget elementor-widget-heading\" data-id=\"0b28b67\" data-element_type=\"widget\" data-e-type=\"widget\" data-widget_type=\"heading.default\">\n\t\t\t\t<div class=\"elementor-widget-container\">\n\t\t\t\t\t<h2 class=\"elementor-heading-title elementor-size-xxl\">Retiros<\/h2>\t\t\t\t<\/div>\n\t\t\t\t<\/div>\n\t\t\t\t<section class=\"elementor-section elementor-inner-section elementor-element elementor-element-89f72d2 elementor-section-boxed elementor-section-height-default elementor-section-height-default\" data-id=\"89f72d2\" data-element_type=\"section\" data-e-type=\"section\">\n\t\t\t\t\t\t<div class=\"elementor-container elementor-column-gap-no\">\n\t\t\t\t\t<div class=\"elementor-column elementor-col-50 elementor-inner-column elementor-element elementor-element-6aa01dd\" data-id=\"6aa01dd\" data-element_type=\"column\" data-e-type=\"column\">\n\t\t\t<div class=\"elementor-widget-wrap elementor-element-populated\">\n\t\t\t\t\t\t<div class=\"elementor-element elementor-element-af1da01 elementor-widget elementor-widget-image\" data-id=\"af1da01\" data-element_type=\"widget\" data-e-type=\"widget\" data-widget_type=\"image.default\">\n\t\t\t\t<div class=\"elementor-widget-container\">\n\t\t\t\t\t\t\t\t\t\t\t\t\t\t\t<img fetchpriority=\"high\" decoding=\"async\" width=\"769\" height=\"1024\" src=\"https:\/\/verdeaguanatureza.com\/wp-content\/uploads\/2026\/03\/IMG_20241029_161045-769x1024.jpg\" class=\"attachment-large size-large wp-image-2696\" alt=\"\" srcset=\"https:\/\/verdeaguanatureza.com\/wp-content\/uploads\/2026\/03\/IMG_20241029_161045-769x1024.jpg 769w, https:\/\/verdeaguanatureza.com\/wp-content\/uploads\/2026\/03\/IMG_20241029_161045-225x300.jpg 225w, https:\/\/verdeaguanatureza.com\/wp-content\/uploads\/2026\/03\/IMG_20241029_161045-768x1022.jpg 768w, https:\/\/verdeaguanatureza.com\/wp-content\/uploads\/2026\/03\/IMG_20241029_161045.jpg 900w\" sizes=\"(max-width: 769px) 100vw, 769px\" \/>\t\t\t\t\t\t\t\t\t\t\t\t\t\t\t<\/div>\n\t\t\t\t<\/div>\n\t\t\t\t\t<\/div>\n\t\t<\/div>\n\t\t\t\t<div class=\"elementor-column elementor-col-50 elementor-inner-column elementor-element elementor-element-291671f\" data-id=\"291671f\" data-element_type=\"column\" data-e-type=\"column\">\n\t\t\t<div class=\"elementor-widget-wrap elementor-element-populated\">\n\t\t\t\t\t\t<div class=\"elementor-element elementor-element-00a4a90 elementor-widget elementor-widget-heading\" data-id=\"00a4a90\" data-element_type=\"widget\" data-e-type=\"widget\" data-widget_type=\"heading.default\">\n\t\t\t\t<div class=\"elementor-widget-container\">\n\t\t\t\t\t<h3 class=\"elementor-heading-title elementor-size-xl\">Experiencias en la <span>Naturaleza<\/span><\/h3>\t\t\t\t<\/div>\n\t\t\t\t<\/div>\n\t\t\t\t<div class=\"elementor-element elementor-element-4ddc810 elementor-widget elementor-widget-text-editor\" data-id=\"4ddc810\" data-element_type=\"widget\" data-e-type=\"widget\" data-widget_type=\"text-editor.default\">\n\t\t\t\t<div class=\"elementor-widget-container\">\n\t\t\t\t\t\t\t\t\t<p>Con 10 hect\u00e1reas de naturaleza viva, nuestra finca es un lugar donde el tiempo se desacelera y lo esencial cobra protagonismo. Un entorno ideal para retiros, din\u00e1micas de grupo, encuentros conscientes y experiencias transformadoras, en profunda conexi\u00f3n con la tierra y el agua.<\/p>\n<p>La propiedad se divide en 5 hect\u00e1reas de cultivo \u2014 huertos, vi\u00f1edos, plantaciones de fresas, esp\u00e1rragos y \u00e1rboles frutales \u2014 y 5 hect\u00e1reas de bosque, que conducen hasta el r\u00edo Duero. A lo largo de este recorrido natural, es posible caminar, meditar, realizar actividades al aire libre o simplemente darse un ba\u00f1o en el r\u00edo.<\/p>\n<p><strong>Espacios exteriores<\/strong><\/p>\n<p>Los espacios comunes al aire libre est\u00e1n pensados para el descanso y la conexi\u00f3n:<\/p>\n<ul>\n<li>Jardines y zonas verdes<\/li>\n<li>\u00c1reas con mesas y sillas<\/li>\n<li>Zonas con hamacas para relajarse<\/li>\n<li>Un antiguo dep\u00f3sito transformado en piscina de tratamiento natural<\/li>\n<\/ul>\n\t\t\t\t\t\t\t\t<\/div>\n\t\t\t\t<\/div>\n\t\t\t\t\t<\/div>\n\t\t<\/div>\n\t\t\t\t\t<\/div>\n\t\t<\/section>\n\t\t\t\t<section class=\"elementor-section elementor-inner-section elementor-element elementor-element-fbaaa56 elementor-reverse-mobile elementor-section-boxed elementor-section-height-default elementor-section-height-default\" data-id=\"fbaaa56\" data-element_type=\"section\" data-e-type=\"section\">\n\t\t\t\t\t\t<div class=\"elementor-container elementor-column-gap-no\">\n\t\t\t\t\t<div class=\"elementor-column elementor-col-50 elementor-inner-column elementor-element elementor-element-7cb9666\" data-id=\"7cb9666\" data-element_type=\"column\" data-e-type=\"column\">\n\t\t\t<div class=\"elementor-widget-wrap elementor-element-populated\">\n\t\t\t\t\t\t<div class=\"elementor-element elementor-element-5e89f64 elementor-widget elementor-widget-text-editor\" data-id=\"5e89f64\" data-element_type=\"widget\" data-e-type=\"widget\" data-widget_type=\"text-editor.default\">\n\t\t\t\t<div class=\"elementor-widget-container\">\n\t\t\t\t\t\t\t\t\t<p class=\"p1\"><b>Espacio multiuso \/ Yoga Shala<\/b><\/p>\n<p><\/p>\n<p class=\"p1\">Disponemos de un Yoga Shala \/ espacio multiuso de 72 m\u00b2, totalmente equipado:<\/p>\n<ul class=\"ul1\">\n<li class=\"li1\">Sistema de sonido<\/li>\n<li class=\"li1\">Esterillas de yoga y mantas<\/li>\n<li class=\"li1\">Proyector y pantalla, ideales para pel\u00edculas, charlas o presentaciones<\/li>\n<\/ul>\n<p><\/p>\n<p class=\"p1\">Este espacio se encuentra junto a un arroyo, rodeado de vegetaci\u00f3n, creando un ambiente tranquilo e inspirador, ideal para la pr\u00e1ctica, el silencio y la creatividad.<\/p>\n<p><\/p>\n<p class=\"p1\"><b>Alojamiento y comidas<\/b><\/p>\n<p><\/p>\n<p class=\"p1\">La finca tiene capacidad para:<\/p>\n<ul class=\"ul1\">\n<li class=\"li1\">23 personas en alojamiento<\/li>\n<li class=\"li1\">6 personas en camping<\/li>\n<\/ul>\n<p><\/p>\n<p class=\"p1\">Lo que permite acoger grupos de distintos tama\u00f1os con comodidad y contacto directo con la naturaleza.<\/p>\n<p><\/p>\n<p class=\"p1\">Podemos ofrecer comidas en el lugar o, alternativamente, el grupo puede traer a su propio chef.<\/p>\n<p><\/p>\n<p class=\"p1\">A la llegada, realizamos un peque\u00f1o tour de bienvenida por la finca, para que todos puedan conocer el espacio y sentirse c\u00f3modos explor\u00e1ndolo.<\/p>\n\t\t\t\t\t\t\t\t<\/div>\n\t\t\t\t<\/div>\n\t\t\t\t\t<\/div>\n\t\t<\/div>\n\t\t\t\t<div class=\"elementor-column elementor-col-50 elementor-inner-column elementor-element elementor-element-d81fc61\" data-id=\"d81fc61\" data-element_type=\"column\" data-e-type=\"column\">\n\t\t\t<div class=\"elementor-widget-wrap elementor-element-populated\">\n\t\t\t\t\t\t<div class=\"elementor-element elementor-element-08303f2 elementor-widget elementor-widget-image\" data-id=\"08303f2\" data-element_type=\"widget\" data-e-type=\"widget\" data-widget_type=\"image.default\">\n\t\t\t\t<div class=\"elementor-widget-container\">\n\t\t\t\t\t\t\t\t\t\t\t\t\t\t\t<img decoding=\"async\" width=\"768\" height=\"1024\" src=\"https:\/\/verdeaguanatureza.com\/wp-content\/uploads\/2026\/03\/yoga-shala_V-768x1024.jpg\" class=\"attachment-large size-large wp-image-2697\" alt=\"\" srcset=\"https:\/\/verdeaguanatureza.com\/wp-content\/uploads\/2026\/03\/yoga-shala_V-768x1024.jpg 768w, https:\/\/verdeaguanatureza.com\/wp-content\/uploads\/2026\/03\/yoga-shala_V-225x300.jpg 225w, https:\/\/verdeaguanatureza.com\/wp-content\/uploads\/2026\/03\/yoga-shala_V.jpg 900w\" sizes=\"(max-width: 768px) 100vw, 768px\" \/>\t\t\t\t\t\t\t\t\t\t\t\t\t\t\t<\/div>\n\t\t\t\t<\/div>\n\t\t\t\t\t<\/div>\n\t\t<\/div>\n\t\t\t\t\t<\/div>\n\t\t<\/section>\n\t\t\t\t<section class=\"elementor-section elementor-inner-section elementor-element elementor-element-5fc9e79 elementor-section-boxed elementor-section-height-default elementor-section-height-default\" data-id=\"5fc9e79\" data-element_type=\"section\" data-e-type=\"section\">\n\t\t\t\t\t\t<div class=\"elementor-container elementor-column-gap-no\">\n\t\t\t\t\t<div class=\"elementor-column elementor-col-50 elementor-inner-column elementor-element elementor-element-fc81d11\" data-id=\"fc81d11\" data-element_type=\"column\" data-e-type=\"column\">\n\t\t\t<div class=\"elementor-widget-wrap elementor-element-populated\">\n\t\t\t\t\t\t<div class=\"elementor-element elementor-element-a71fc11 elementor-widget elementor-widget-image\" data-id=\"a71fc11\" data-element_type=\"widget\" data-e-type=\"widget\" data-widget_type=\"image.default\">\n\t\t\t\t<div class=\"elementor-widget-container\">\n\t\t\t\t\t\t\t\t\t\t\t\t\t\t\t<img decoding=\"async\" width=\"769\" height=\"1024\" src=\"https:\/\/verdeaguanatureza.com\/wp-content\/uploads\/2026\/03\/IMG-20241027-WA0038-769x1024.jpg\" class=\"attachment-large size-large wp-image-2698\" alt=\"\" srcset=\"https:\/\/verdeaguanatureza.com\/wp-content\/uploads\/2026\/03\/IMG-20241027-WA0038-769x1024.jpg 769w, https:\/\/verdeaguanatureza.com\/wp-content\/uploads\/2026\/03\/IMG-20241027-WA0038-225x300.jpg 225w, https:\/\/verdeaguanatureza.com\/wp-content\/uploads\/2026\/03\/IMG-20241027-WA0038-768x1023.jpg 768w, https:\/\/verdeaguanatureza.com\/wp-content\/uploads\/2026\/03\/IMG-20241027-WA0038.jpg 900w\" sizes=\"(max-width: 769px) 100vw, 769px\" \/>\t\t\t\t\t\t\t\t\t\t\t\t\t\t\t<\/div>\n\t\t\t\t<\/div>\n\t\t\t\t\t<\/div>\n\t\t<\/div>\n\t\t\t\t<div class=\"elementor-column elementor-col-50 elementor-inner-column elementor-element elementor-element-ab55b20\" data-id=\"ab55b20\" data-element_type=\"column\" data-e-type=\"column\">\n\t\t\t<div class=\"elementor-widget-wrap elementor-element-populated\">\n\t\t\t\t\t\t<div class=\"elementor-element elementor-element-fd17f82 elementor-widget elementor-widget-text-editor\" data-id=\"fd17f82\" data-element_type=\"widget\" data-e-type=\"widget\" data-widget_type=\"text-editor.default\">\n\t\t\t\t<div class=\"elementor-widget-container\">\n\t\t\t\t\t\t\t\t\t<p class=\"p1\"><b>Vida en la finca<\/b><\/p>\n<p><\/p>\n<p class=\"p1\">La finca es tambi\u00e9n hogar de varios animales \u2014 gallinas, patos, pavos reales, cabras, un caballo, un burro y perros \u2014 que forman parte del d\u00eda a d\u00eda y aportan una energ\u00eda alegre y aut\u00e9ntica al lugar.<\/p>\n<p><\/p>\n<p class=\"p1\"><b>Actividades complementarias<\/b><\/p>\n<p><\/p>\n<p class=\"p1\">Podemos ayudar en la organizaci\u00f3n de actividades adicionales para complementar la experiencia:<\/p>\n<ul class=\"ul1\">\n<li class=\"li1\">Masaje de relajaci\u00f3n<\/li>\n<li class=\"li1\">Concierto de cuencos tibetanos<\/li>\n<li class=\"li1\">Paseos en barco por los r\u00edos Paiva o Duero (a 5 minutos)<\/li>\n<li class=\"li1\">Rutas de SUP en el r\u00edo Paiva (a 5 minutos)<\/li>\n<li class=\"li1\">Caminatas en la naturaleza<\/li>\n<li class=\"li1\">Classes de Yoga<\/li>\n<\/ul>\n<p><\/p>\n<p class=\"p1\">Todas las actividades pueden adaptarse seg\u00fan el grupo y el tipo de retiro o encuentro.<\/p>\n<p><\/p>\n<p class=\"p1\">Los presupuestos son personalizados, seg\u00fan el n\u00famero de personas y la \u00e9poca del a\u00f1o.<\/p>\n<p><\/p>\n<p class=\"p1\">Informaci\u00f3n y presupuestos: <a href=\"mailto:geral@verdeaguanatureza.com\">geral@verdeaguanatureza.com<\/a><\/p>\n\t\t\t\t\t\t\t\t<\/div>\n\t\t\t\t<\/div>\n\t\t\t\t\t<\/div>\n\t\t<\/div>\n\t\t\t\t\t<\/div>\n\t\t<\/section>\n\t\t\t\t\t<\/div>\n\t\t<\/div>\n\t\t\t\t\t<\/div>\n\t\t<\/section>\n\t\t\t\t<\/div>\n\t\t","protected":false},"excerpt":{"rendered":"<p>Retiros Experiencias en la Naturaleza Con 10 hect\u00e1reas de naturaleza viva, nuestra finca es un lugar donde el tiempo se desacelera y lo esencial cobra protagonismo. Un entorno ideal para retiros, din\u00e1micas de grupo, encuentros conscientes y experiencias transformadoras, en profunda conexi\u00f3n con la tierra y el agua. La propiedad se divide en 5 hect\u00e1reas [&hellip;]<\/p>\n","protected":false},"author":1,"featured_media":0,"parent":0,"menu_order":0,"comment_status":"closed","ping_status":"closed","template":"","meta":{"footnotes":""},"class_list":["post-2701","page","type-page","status-publish","hentry"],"yoast_head":"<!-- This site is optimized with the Yoast SEO plugin v27.3 - https:\/\/yoast.com\/product\/yoast-seo-wordpress\/ -->\n<title>Retiros - Verde \u00c1gua Natureza<\/title>\n<meta name=\"robots\" content=\"index, follow, max-snippet:-1, max-image-preview:large, max-video-preview:-1\" \/>\n<link rel=\"canonical\" href=\"https:\/\/verdeaguanatureza.com\/es\/retiros\/\" \/>\n<meta property=\"og:locale\" content=\"es_ES\" \/>\n<meta property=\"og:type\" content=\"article\" \/>\n<meta property=\"og:title\" content=\"Retiros - Verde \u00c1gua Natureza\" \/>\n<meta property=\"og:description\" content=\"Retiros Experiencias en la Naturaleza Con 10 hect\u00e1reas de naturaleza viva, nuestra finca es un lugar donde el tiempo se desacelera y lo esencial cobra protagonismo. Un entorno ideal para retiros, din\u00e1micas de grupo, encuentros conscientes y experiencias transformadoras, en profunda conexi\u00f3n con la tierra y el agua. La propiedad se divide en 5 hect\u00e1reas [&hellip;]\" \/>\n<meta property=\"og:url\" content=\"https:\/\/verdeaguanatureza.com\/es\/retiros\/\" \/>\n<meta property=\"og:site_name\" content=\"Verde \u00c1gua Natureza\" \/>\n<meta property=\"article:publisher\" content=\"https:\/\/www.facebook.com\/verdeaguanatureza-112147207229298\" \/>\n<meta property=\"article:modified_time\" content=\"2026-03-20T12:08:47+00:00\" \/>\n<meta property=\"og:image\" content=\"https:\/\/verdeaguanatureza.com\/wp-content\/uploads\/2026\/03\/IMG_20241029_161045.jpg\" \/>\n\t<meta property=\"og:image:width\" content=\"900\" \/>\n\t<meta property=\"og:image:height\" content=\"1198\" \/>\n\t<meta property=\"og:image:type\" content=\"image\/jpeg\" \/>\n<meta name=\"twitter:card\" content=\"summary_large_image\" \/>\n<meta name=\"twitter:label1\" content=\"Tiempo de lectura\" \/>\n\t<meta name=\"twitter:data1\" content=\"2 minutos\" \/>\n<script type=\"application\/ld+json\" class=\"yoast-schema-graph\">{\"@context\":\"https:\\\/\\\/schema.org\",\"@graph\":[{\"@type\":\"WebPage\",\"@id\":\"https:\\\/\\\/verdeaguanatureza.com\\\/es\\\/retiros\\\/\",\"url\":\"https:\\\/\\\/verdeaguanatureza.com\\\/es\\\/retiros\\\/\",\"name\":\"Retiros - Verde \u00c1gua Natureza\",\"isPartOf\":{\"@id\":\"https:\\\/\\\/verdeaguanatureza.com\\\/es\\\/#website\"},\"primaryImageOfPage\":{\"@id\":\"https:\\\/\\\/verdeaguanatureza.com\\\/es\\\/retiros\\\/#primaryimage\"},\"image\":{\"@id\":\"https:\\\/\\\/verdeaguanatureza.com\\\/es\\\/retiros\\\/#primaryimage\"},\"thumbnailUrl\":\"https:\\\/\\\/verdeaguanatureza.com\\\/wp-content\\\/uploads\\\/2026\\\/03\\\/IMG_20241029_161045-769x1024.jpg\",\"datePublished\":\"2026-03-20T12:08:46+00:00\",\"dateModified\":\"2026-03-20T12:08:47+00:00\",\"breadcrumb\":{\"@id\":\"https:\\\/\\\/verdeaguanatureza.com\\\/es\\\/retiros\\\/#breadcrumb\"},\"inLanguage\":\"es\",\"potentialAction\":[{\"@type\":\"ReadAction\",\"target\":[\"https:\\\/\\\/verdeaguanatureza.com\\\/es\\\/retiros\\\/\"]}]},{\"@type\":\"ImageObject\",\"inLanguage\":\"es\",\"@id\":\"https:\\\/\\\/verdeaguanatureza.com\\\/es\\\/retiros\\\/#primaryimage\",\"url\":\"https:\\\/\\\/verdeaguanatureza.com\\\/wp-content\\\/uploads\\\/2026\\\/03\\\/IMG_20241029_161045-769x1024.jpg\",\"contentUrl\":\"https:\\\/\\\/verdeaguanatureza.com\\\/wp-content\\\/uploads\\\/2026\\\/03\\\/IMG_20241029_161045-769x1024.jpg\"},{\"@type\":\"BreadcrumbList\",\"@id\":\"https:\\\/\\\/verdeaguanatureza.com\\\/es\\\/retiros\\\/#breadcrumb\",\"itemListElement\":[{\"@type\":\"ListItem\",\"position\":1,\"name\":\"Home\",\"item\":\"https:\\\/\\\/verdeaguanatureza.com\\\/es\\\/\"},{\"@type\":\"ListItem\",\"position\":2,\"name\":\"Retiros\"}]},{\"@type\":\"WebSite\",\"@id\":\"https:\\\/\\\/verdeaguanatureza.com\\\/es\\\/#website\",\"url\":\"https:\\\/\\\/verdeaguanatureza.com\\\/es\\\/\",\"name\":\"Verde \u00c1gua\",\"description\":\"Agricultura Biol\u00f3gica | Agroturismo\",\"publisher\":{\"@id\":\"https:\\\/\\\/verdeaguanatureza.com\\\/es\\\/#organization\"},\"potentialAction\":[{\"@type\":\"SearchAction\",\"target\":{\"@type\":\"EntryPoint\",\"urlTemplate\":\"https:\\\/\\\/verdeaguanatureza.com\\\/es\\\/?s={search_term_string}\"},\"query-input\":{\"@type\":\"PropertyValueSpecification\",\"valueRequired\":true,\"valueName\":\"search_term_string\"}}],\"inLanguage\":\"es\"},{\"@type\":\"Organization\",\"@id\":\"https:\\\/\\\/verdeaguanatureza.com\\\/es\\\/#organization\",\"name\":\"Verde \u00c1gua Natureza\",\"url\":\"https:\\\/\\\/verdeaguanatureza.com\\\/es\\\/\",\"logo\":{\"@type\":\"ImageObject\",\"inLanguage\":\"es\",\"@id\":\"https:\\\/\\\/verdeaguanatureza.com\\\/es\\\/#\\\/schema\\\/logo\\\/image\\\/\",\"url\":\"https:\\\/\\\/verdeaguanatureza.com\\\/wp-content\\\/uploads\\\/2021\\\/01\\\/verde-agua-logo.svg\",\"contentUrl\":\"https:\\\/\\\/verdeaguanatureza.com\\\/wp-content\\\/uploads\\\/2021\\\/01\\\/verde-agua-logo.svg\",\"width\":1,\"height\":1,\"caption\":\"Verde \u00c1gua Natureza\"},\"image\":{\"@id\":\"https:\\\/\\\/verdeaguanatureza.com\\\/es\\\/#\\\/schema\\\/logo\\\/image\\\/\"},\"sameAs\":[\"https:\\\/\\\/www.facebook.com\\\/verdeaguanatureza-112147207229298\",\"https:\\\/\\\/www.instagram.com\\\/verdeaguanatureza\\\/\"]}]}<\/script>\n<!-- \/ Yoast SEO plugin. -->","yoast_head_json":{"title":"Retiros - Verde \u00c1gua Natureza","robots":{"index":"index","follow":"follow","max-snippet":"max-snippet:-1","max-image-preview":"max-image-preview:large","max-video-preview":"max-video-preview:-1"},"canonical":"https:\/\/verdeaguanatureza.com\/es\/retiros\/","og_locale":"es_ES","og_type":"article","og_title":"Retiros - Verde \u00c1gua Natureza","og_description":"Retiros Experiencias en la Naturaleza Con 10 hect\u00e1reas de naturaleza viva, nuestra finca es un lugar donde el tiempo se desacelera y lo esencial cobra protagonismo. Un entorno ideal para retiros, din\u00e1micas de grupo, encuentros conscientes y experiencias transformadoras, en profunda conexi\u00f3n con la tierra y el agua. La propiedad se divide en 5 hect\u00e1reas [&hellip;]","og_url":"https:\/\/verdeaguanatureza.com\/es\/retiros\/","og_site_name":"Verde \u00c1gua Natureza","article_publisher":"https:\/\/www.facebook.com\/verdeaguanatureza-112147207229298","article_modified_time":"2026-03-20T12:08:47+00:00","og_image":[{"width":900,"height":1198,"url":"https:\/\/verdeaguanatureza.com\/wp-content\/uploads\/2026\/03\/IMG_20241029_161045.jpg","type":"image\/jpeg"}],"twitter_card":"summary_large_image","twitter_misc":{"Tiempo de lectura":"2 minutos"},"schema":{"@context":"https:\/\/schema.org","@graph":[{"@type":"WebPage","@id":"https:\/\/verdeaguanatureza.com\/es\/retiros\/","url":"https:\/\/verdeaguanatureza.com\/es\/retiros\/","name":"Retiros - Verde \u00c1gua Natureza","isPartOf":{"@id":"https:\/\/verdeaguanatureza.com\/es\/#website"},"primaryImageOfPage":{"@id":"https:\/\/verdeaguanatureza.com\/es\/retiros\/#primaryimage"},"image":{"@id":"https:\/\/verdeaguanatureza.com\/es\/retiros\/#primaryimage"},"thumbnailUrl":"https:\/\/verdeaguanatureza.com\/wp-content\/uploads\/2026\/03\/IMG_20241029_161045-769x1024.jpg","datePublished":"2026-03-20T12:08:46+00:00","dateModified":"2026-03-20T12:08:47+00:00","breadcrumb":{"@id":"https:\/\/verdeaguanatureza.com\/es\/retiros\/#breadcrumb"},"inLanguage":"es","potentialAction":[{"@type":"ReadAction","target":["https:\/\/verdeaguanatureza.com\/es\/retiros\/"]}]},{"@type":"ImageObject","inLanguage":"es","@id":"https:\/\/verdeaguanatureza.com\/es\/retiros\/#primaryimage","url":"https:\/\/verdeaguanatureza.com\/wp-content\/uploads\/2026\/03\/IMG_20241029_161045-769x1024.jpg","contentUrl":"https:\/\/verdeaguanatureza.com\/wp-content\/uploads\/2026\/03\/IMG_20241029_161045-769x1024.jpg"},{"@type":"BreadcrumbList","@id":"https:\/\/verdeaguanatureza.com\/es\/retiros\/#breadcrumb","itemListElement":[{"@type":"ListItem","position":1,"name":"Home","item":"https:\/\/verdeaguanatureza.com\/es\/"},{"@type":"ListItem","position":2,"name":"Retiros"}]},{"@type":"WebSite","@id":"https:\/\/verdeaguanatureza.com\/es\/#website","url":"https:\/\/verdeaguanatureza.com\/es\/","name":"Verde \u00c1gua","description":"Agricultura Biol\u00f3gica | Agroturismo","publisher":{"@id":"https:\/\/verdeaguanatureza.com\/es\/#organization"},"potentialAction":[{"@type":"SearchAction","target":{"@type":"EntryPoint","urlTemplate":"https:\/\/verdeaguanatureza.com\/es\/?s={search_term_string}"},"query-input":{"@type":"PropertyValueSpecification","valueRequired":true,"valueName":"search_term_string"}}],"inLanguage":"es"},{"@type":"Organization","@id":"https:\/\/verdeaguanatureza.com\/es\/#organization","name":"Verde \u00c1gua Natureza","url":"https:\/\/verdeaguanatureza.com\/es\/","logo":{"@type":"ImageObject","inLanguage":"es","@id":"https:\/\/verdeaguanatureza.com\/es\/#\/schema\/logo\/image\/","url":"https:\/\/verdeaguanatureza.com\/wp-content\/uploads\/2021\/01\/verde-agua-logo.svg","contentUrl":"https:\/\/verdeaguanatureza.com\/wp-content\/uploads\/2021\/01\/verde-agua-logo.svg","width":1,"height":1,"caption":"Verde \u00c1gua Natureza"},"image":{"@id":"https:\/\/verdeaguanatureza.com\/es\/#\/schema\/logo\/image\/"},"sameAs":["https:\/\/www.facebook.com\/verdeaguanatureza-112147207229298","https:\/\/www.instagram.com\/verdeaguanatureza\/"]}]}},"_links":{"self":[{"href":"https:\/\/verdeaguanatureza.com\/es\/wp-json\/wp\/v2\/pages\/2701","targetHints":{"allow":["GET"]}}],"collection":[{"href":"https:\/\/verdeaguanatureza.com\/es\/wp-json\/wp\/v2\/pages"}],"about":[{"href":"https:\/\/verdeaguanatureza.com\/es\/wp-json\/wp\/v2\/types\/page"}],"author":[{"embeddable":true,"href":"https:\/\/verdeaguanatureza.com\/es\/wp-json\/wp\/v2\/users\/1"}],"replies":[{"embeddable":true,"href":"https:\/\/verdeaguanatureza.com\/es\/wp-json\/wp\/v2\/comments?post=2701"}],"version-history":[{"count":1,"href":"https:\/\/verdeaguanatureza.com\/es\/wp-json\/wp\/v2\/pages\/2701\/revisions"}],"predecessor-version":[{"id":2702,"href":"https:\/\/verdeaguanatureza.com\/es\/wp-json\/wp\/v2\/pages\/2701\/revisions\/2702"}],"wp:attachment":[{"href":"https:\/\/verdeaguanatureza.com\/es\/wp-json\/wp\/v2\/media?parent=2701"}],"curies":[{"name":"wp","href":"https:\/\/api.w.org\/{rel}","templated":true}]}}