{"id":1739,"date":"2021-03-24T11:33:10","date_gmt":"2021-03-24T11:33:10","guid":{"rendered":"http:\/\/miligram20.miligram.pt\/alojamento\/suites\/suite-eira\/"},"modified":"2026-03-25T16:36:45","modified_gmt":"2026-03-25T16:36:45","slug":"suite-eira","status":"publish","type":"page","link":"https:\/\/verdeaguanatureza.com\/pt-pt\/alojamento\/suites\/suite-eira\/","title":{"rendered":"Suite Eira"},"content":{"rendered":"\t\t<div data-elementor-type=\"wp-page\" data-elementor-id=\"1739\" class=\"elementor elementor-1739 elementor-406\" data-elementor-post-type=\"page\">\n\t\t\t\t\t\t<section class=\"elementor-section elementor-top-section elementor-element elementor-element-3fbe77d elementor-section-boxed elementor-section-height-default elementor-section-height-default\" data-id=\"3fbe77d\" data-element_type=\"section\" data-e-type=\"section\">\n\t\t\t\t\t\t<div class=\"elementor-container elementor-column-gap-no\">\n\t\t\t\t\t<div class=\"elementor-column elementor-col-100 elementor-top-column elementor-element elementor-element-7543903\" data-id=\"7543903\" data-element_type=\"column\" data-e-type=\"column\">\n\t\t\t<div class=\"elementor-widget-wrap elementor-element-populated\">\n\t\t\t\t\t\t<section class=\"elementor-section elementor-inner-section elementor-element elementor-element-a319dcf elementor-section-full_width elementor-section-height-default elementor-section-height-default\" data-id=\"a319dcf\" data-element_type=\"section\" data-e-type=\"section\">\n\t\t\t\t\t\t<div class=\"elementor-container elementor-column-gap-no\">\n\t\t\t\t\t<div class=\"elementor-column elementor-col-100 elementor-inner-column elementor-element elementor-element-b482a02\" data-id=\"b482a02\" data-element_type=\"column\" data-e-type=\"column\">\n\t\t\t<div class=\"elementor-widget-wrap elementor-element-populated\">\n\t\t\t\t\t\t<div class=\"elementor-element elementor-element-e69d146 animated-slow elementor-widget__width-auto elementor-invisible elementor-widget elementor-widget-heading\" data-id=\"e69d146\" data-element_type=\"widget\" data-e-type=\"widget\" data-settings=\"{&quot;_animation&quot;:&quot;fadeIn&quot;}\" data-widget_type=\"heading.default\">\n\t\t\t\t<div class=\"elementor-widget-container\">\n\t\t\t\t\t<h2 class=\"elementor-heading-title elementor-size-xxl\">Suite <span>Eira<\/span><\/h2>\t\t\t\t<\/div>\n\t\t\t\t<\/div>\n\t\t\t\t<div class=\"elementor-element elementor-element-983fd84 elementor-widget elementor-widget-image\" data-id=\"983fd84\" data-element_type=\"widget\" data-e-type=\"widget\" data-widget_type=\"image.default\">\n\t\t\t\t<div class=\"elementor-widget-container\">\n\t\t\t\t\t\t\t\t\t\t\t\t\t\t\t<img fetchpriority=\"high\" decoding=\"async\" width=\"1200\" height=\"887\" src=\"https:\/\/verdeaguanatureza.com\/wp-content\/uploads\/2026\/03\/Eira1.jpg\" class=\"attachment-full size-full wp-image-2740\" alt=\"\" srcset=\"https:\/\/verdeaguanatureza.com\/wp-content\/uploads\/2026\/03\/Eira1.jpg 1200w, https:\/\/verdeaguanatureza.com\/wp-content\/uploads\/2026\/03\/Eira1-300x222.jpg 300w, https:\/\/verdeaguanatureza.com\/wp-content\/uploads\/2026\/03\/Eira1-1024x757.jpg 1024w, https:\/\/verdeaguanatureza.com\/wp-content\/uploads\/2026\/03\/Eira1-768x568.jpg 768w\" sizes=\"(max-width: 1200px) 100vw, 1200px\" \/>\t\t\t\t\t\t\t\t\t\t\t\t\t\t\t<\/div>\n\t\t\t\t<\/div>\n\t\t\t\t\t<\/div>\n\t\t<\/div>\n\t\t\t\t\t<\/div>\n\t\t<\/section>\n\t\t\t\t<section class=\"elementor-section elementor-inner-section elementor-element elementor-element-b156436 elementor-section-full_width elementor-section-height-default elementor-section-height-default\" data-id=\"b156436\" data-element_type=\"section\" data-e-type=\"section\">\n\t\t\t\t\t\t<div class=\"elementor-container elementor-column-gap-no\">\n\t\t\t\t\t<div class=\"elementor-column elementor-col-50 elementor-inner-column elementor-element elementor-element-82a75d5\" data-id=\"82a75d5\" data-element_type=\"column\" data-e-type=\"column\">\n\t\t\t<div class=\"elementor-widget-wrap elementor-element-populated\">\n\t\t\t\t\t\t<div class=\"elementor-element elementor-element-8f8ab64 elementor-widget elementor-widget-text-editor\" data-id=\"8f8ab64\" data-element_type=\"widget\" data-e-type=\"widget\" data-widget_type=\"text-editor.default\">\n\t\t\t\t<div class=\"elementor-widget-container\">\n\t\t\t\t\t\t\t\t\t<ul>\n<li>R\u00e9s-do-ch\u00e3o com vista para as montanhas<\/li>\n<li>Terra\u00e7o privado \u2013 vista de p\u00f4r-do-sol<\/li>\n<li>2 camas individuais (90&#215;200)<\/li>\n<li>Ber\u00e7o a pedido<\/li>\n<\/ul>\n\t\t\t\t\t\t\t\t<\/div>\n\t\t\t\t<\/div>\n\t\t\t\t\t<\/div>\n\t\t<\/div>\n\t\t\t\t<div class=\"elementor-column elementor-col-50 elementor-inner-column elementor-element elementor-element-edb7117\" data-id=\"edb7117\" data-element_type=\"column\" data-e-type=\"column\">\n\t\t\t<div class=\"elementor-widget-wrap elementor-element-populated\">\n\t\t\t\t\t\t<div class=\"elementor-element elementor-element-6b76adc elementor-widget elementor-widget-text-editor\" data-id=\"6b76adc\" data-element_type=\"widget\" data-e-type=\"widget\" data-widget_type=\"text-editor.default\">\n\t\t\t\t<div class=\"elementor-widget-container\">\n\t\t\t\t\t\t\t\t\t<ul>\n<li>Casa de banho privativa<\/li>\n<li>Produtos de higiene biol\u00f3gicos<\/li>\n<li>Ar condicionado<\/li>\n<li>Wi-fi<\/li>\n<\/ul>\n\t\t\t\t\t\t\t\t<\/div>\n\t\t\t\t<\/div>\n\t\t\t\t\t<\/div>\n\t\t<\/div>\n\t\t\t\t\t<\/div>\n\t\t<\/section>\n\t\t\t\t<section class=\"elementor-section elementor-inner-section elementor-element elementor-element-161b566 elementor-section-full_width elementor-section-height-default elementor-section-height-default\" data-id=\"161b566\" data-element_type=\"section\" data-e-type=\"section\">\n\t\t\t\t\t\t<div class=\"elementor-container elementor-column-gap-no\">\n\t\t\t\t\t<div class=\"elementor-column elementor-col-100 elementor-inner-column elementor-element elementor-element-a260837\" data-id=\"a260837\" data-element_type=\"column\" data-e-type=\"column\">\n\t\t\t<div class=\"elementor-widget-wrap elementor-element-populated\">\n\t\t\t\t\t\t<div class=\"elementor-element elementor-element-057f08b elementor-widget elementor-widget-gallery\" data-id=\"057f08b\" data-element_type=\"widget\" data-e-type=\"widget\" data-settings=\"{&quot;columns&quot;:3,&quot;gap&quot;:{&quot;unit&quot;:&quot;px&quot;,&quot;size&quot;:20,&quot;sizes&quot;:[]},&quot;aspect_ratio&quot;:&quot;4:3&quot;,&quot;lazyload&quot;:&quot;yes&quot;,&quot;gallery_layout&quot;:&quot;grid&quot;,&quot;columns_tablet&quot;:2,&quot;columns_mobile&quot;:1,&quot;gap_tablet&quot;:{&quot;unit&quot;:&quot;px&quot;,&quot;size&quot;:10,&quot;sizes&quot;:[]},&quot;gap_mobile&quot;:{&quot;unit&quot;:&quot;px&quot;,&quot;size&quot;:10,&quot;sizes&quot;:[]},&quot;link_to&quot;:&quot;file&quot;,&quot;overlay_background&quot;:&quot;yes&quot;,&quot;content_hover_animation&quot;:&quot;fade-in&quot;}\" data-widget_type=\"gallery.default\">\n\t\t\t\t<div class=\"elementor-widget-container\">\n\t\t\t\t\t\t\t<div class=\"elementor-gallery__container\">\n\t\t\t\t\t\t\t<a class=\"e-gallery-item elementor-gallery-item elementor-animated-content\" href=\"https:\/\/verdeaguanatureza.com\/wp-content\/uploads\/2026\/03\/Eira4.jpg\" data-elementor-open-lightbox=\"yes\" data-elementor-lightbox-slideshow=\"057f08b\" data-elementor-lightbox-title=\"Eira4\" data-elementor-lightbox-description=\"Suite Eira\" data-e-action-hash=\"#elementor-action%3Aaction%3Dlightbox%26settings%3DeyJpZCI6Mjc0MSwidXJsIjoiaHR0cHM6XC9cL3ZlcmRlYWd1YW5hdHVyZXphLmNvbVwvd3AtY29udGVudFwvdXBsb2Fkc1wvMjAyNlwvMDNcL0VpcmE0LmpwZyIsInNsaWRlc2hvdyI6IjA1N2YwOGIifQ%3D%3D\">\n\t\t\t\t\t<div class=\"e-gallery-image elementor-gallery-item__image\" data-thumbnail=\"https:\/\/verdeaguanatureza.com\/wp-content\/uploads\/2026\/03\/Eira4-768x1024.jpg\" data-width=\"768\" data-height=\"1024\" aria-label=\"Suite Eira\" role=\"img\" ><\/div>\n\t\t\t\t\t\t\t\t\t\t\t<div class=\"elementor-gallery-item__overlay\"><\/div>\n\t\t\t\t\t\t\t\t\t\t\t\t\t\t<\/a>\n\t\t\t\t\t\t\t<a class=\"e-gallery-item elementor-gallery-item elementor-animated-content\" href=\"https:\/\/verdeaguanatureza.com\/wp-content\/uploads\/2026\/03\/Eira1.jpg\" data-elementor-open-lightbox=\"yes\" data-elementor-lightbox-slideshow=\"057f08b\" data-elementor-lightbox-title=\"Eira1\" data-e-action-hash=\"#elementor-action%3Aaction%3Dlightbox%26settings%3DeyJpZCI6Mjc0MCwidXJsIjoiaHR0cHM6XC9cL3ZlcmRlYWd1YW5hdHVyZXphLmNvbVwvd3AtY29udGVudFwvdXBsb2Fkc1wvMjAyNlwvMDNcL0VpcmExLmpwZyIsInNsaWRlc2hvdyI6IjA1N2YwOGIifQ%3D%3D\">\n\t\t\t\t\t<div class=\"e-gallery-image elementor-gallery-item__image\" data-thumbnail=\"https:\/\/verdeaguanatureza.com\/wp-content\/uploads\/2026\/03\/Eira1-768x568.jpg\" data-width=\"768\" data-height=\"568\" aria-label=\"\" role=\"img\" ><\/div>\n\t\t\t\t\t\t\t\t\t\t\t<div class=\"elementor-gallery-item__overlay\"><\/div>\n\t\t\t\t\t\t\t\t\t\t\t\t\t\t<\/a>\n\t\t\t\t\t\t\t<a class=\"e-gallery-item elementor-gallery-item elementor-animated-content\" href=\"https:\/\/verdeaguanatureza.com\/wp-content\/uploads\/2026\/03\/Eira3.jpg\" data-elementor-open-lightbox=\"yes\" data-elementor-lightbox-slideshow=\"057f08b\" data-elementor-lightbox-title=\"Eira3\" data-e-action-hash=\"#elementor-action%3Aaction%3Dlightbox%26settings%3DeyJpZCI6Mjc0MiwidXJsIjoiaHR0cHM6XC9cL3ZlcmRlYWd1YW5hdHVyZXphLmNvbVwvd3AtY29udGVudFwvdXBsb2Fkc1wvMjAyNlwvMDNcL0VpcmEzLmpwZyIsInNsaWRlc2hvdyI6IjA1N2YwOGIifQ%3D%3D\">\n\t\t\t\t\t<div class=\"e-gallery-image elementor-gallery-item__image\" data-thumbnail=\"https:\/\/verdeaguanatureza.com\/wp-content\/uploads\/2026\/03\/Eira3-768x576.jpg\" data-width=\"768\" data-height=\"576\" aria-label=\"\" role=\"img\" ><\/div>\n\t\t\t\t\t\t\t\t\t\t\t<div class=\"elementor-gallery-item__overlay\"><\/div>\n\t\t\t\t\t\t\t\t\t\t\t\t\t\t<\/a>\n\t\t\t\t\t\t\t<a class=\"e-gallery-item elementor-gallery-item elementor-animated-content\" href=\"https:\/\/verdeaguanatureza.com\/wp-content\/uploads\/2026\/03\/Eira7.jpg\" data-elementor-open-lightbox=\"yes\" data-elementor-lightbox-slideshow=\"057f08b\" data-elementor-lightbox-title=\"Eira7\" data-e-action-hash=\"#elementor-action%3Aaction%3Dlightbox%26settings%3DeyJpZCI6Mjc0MywidXJsIjoiaHR0cHM6XC9cL3ZlcmRlYWd1YW5hdHVyZXphLmNvbVwvd3AtY29udGVudFwvdXBsb2Fkc1wvMjAyNlwvMDNcL0VpcmE3LmpwZyIsInNsaWRlc2hvdyI6IjA1N2YwOGIifQ%3D%3D\">\n\t\t\t\t\t<div class=\"e-gallery-image elementor-gallery-item__image\" data-thumbnail=\"https:\/\/verdeaguanatureza.com\/wp-content\/uploads\/2026\/03\/Eira7-768x1024.jpg\" data-width=\"768\" data-height=\"1024\" aria-label=\"\" role=\"img\" ><\/div>\n\t\t\t\t\t\t\t\t\t\t\t<div class=\"elementor-gallery-item__overlay\"><\/div>\n\t\t\t\t\t\t\t\t\t\t\t\t\t\t<\/a>\n\t\t\t\t\t\t\t<a class=\"e-gallery-item elementor-gallery-item elementor-animated-content\" href=\"https:\/\/verdeaguanatureza.com\/wp-content\/uploads\/2021\/02\/eira-room-04.jpg\" data-elementor-open-lightbox=\"yes\" data-elementor-lightbox-slideshow=\"057f08b\" data-elementor-lightbox-title=\"eira-room-04\" data-e-action-hash=\"#elementor-action%3Aaction%3Dlightbox%26settings%3DeyJpZCI6ODk1LCJ1cmwiOiJodHRwczpcL1wvdmVyZGVhZ3VhbmF0dXJlemEuY29tXC93cC1jb250ZW50XC91cGxvYWRzXC8yMDIxXC8wMlwvZWlyYS1yb29tLTA0LmpwZyIsInNsaWRlc2hvdyI6IjA1N2YwOGIifQ%3D%3D\">\n\t\t\t\t\t<div class=\"e-gallery-image elementor-gallery-item__image\" data-thumbnail=\"https:\/\/verdeaguanatureza.com\/wp-content\/uploads\/2021\/02\/eira-room-04-768x1152.jpg\" data-width=\"768\" data-height=\"1152\" aria-label=\"\" role=\"img\" ><\/div>\n\t\t\t\t\t\t\t\t\t\t\t<div class=\"elementor-gallery-item__overlay\"><\/div>\n\t\t\t\t\t\t\t\t\t\t\t\t\t\t<\/a>\n\t\t\t\t\t<\/div>\n\t\t\t\t\t<\/div>\n\t\t\t\t<\/div>\n\t\t\t\t\t<\/div>\n\t\t<\/div>\n\t\t\t\t\t<\/div>\n\t\t<\/section>\n\t\t\t\t<section class=\"elementor-section elementor-inner-section elementor-element elementor-element-b23fd8b elementor-section-full_width elementor-section-height-default elementor-section-height-default\" data-id=\"b23fd8b\" data-element_type=\"section\" data-e-type=\"section\">\n\t\t\t\t\t\t<div class=\"elementor-container elementor-column-gap-default\">\n\t\t\t\t\t<div class=\"elementor-column elementor-col-100 elementor-inner-column elementor-element elementor-element-1f617da\" data-id=\"1f617da\" data-element_type=\"column\" data-e-type=\"column\">\n\t\t\t<div class=\"elementor-widget-wrap elementor-element-populated\">\n\t\t\t\t\t\t<div class=\"elementor-element elementor-element-76ed46c animated-slow elementor-widget__width-auto elementor-invisible elementor-widget elementor-widget-heading\" data-id=\"76ed46c\" data-element_type=\"widget\" data-e-type=\"widget\" data-settings=\"{&quot;_animation&quot;:&quot;fadeIn&quot;}\" data-widget_type=\"heading.default\">\n\t\t\t\t<div class=\"elementor-widget-container\">\n\t\t\t\t\t<h2 class=\"elementor-heading-title elementor-size-xxl\">Todas as suites <span>t\u00eam<\/span><\/h2>\t\t\t\t<\/div>\n\t\t\t\t<\/div>\n\t\t\t\t\t<\/div>\n\t\t<\/div>\n\t\t\t\t\t<\/div>\n\t\t<\/section>\n\t\t\t\t<section class=\"elementor-section elementor-inner-section elementor-element elementor-element-6848fa3 elementor-section-full_width elementor-section-height-default elementor-section-height-default\" data-id=\"6848fa3\" data-element_type=\"section\" data-e-type=\"section\">\n\t\t\t\t\t\t<div class=\"elementor-container elementor-column-gap-default\">\n\t\t\t\t\t<div class=\"elementor-column elementor-col-50 elementor-inner-column elementor-element elementor-element-5697cc1\" data-id=\"5697cc1\" data-element_type=\"column\" data-e-type=\"column\">\n\t\t\t<div class=\"elementor-widget-wrap elementor-element-populated\">\n\t\t\t\t\t\t<div class=\"elementor-element elementor-element-f4c21db elementor-icon-list--layout-traditional elementor-list-item-link-full_width elementor-widget elementor-widget-icon-list\" data-id=\"f4c21db\" data-element_type=\"widget\" data-e-type=\"widget\" data-widget_type=\"icon-list.default\">\n\t\t\t\t<div class=\"elementor-widget-container\">\n\t\t\t\t\t\t\t<ul class=\"elementor-icon-list-items\">\n\t\t\t\t\t\t\t<li class=\"elementor-icon-list-item\">\n\t\t\t\t\t\t\t\t\t\t\t<span class=\"elementor-icon-list-icon\">\n\t\t\t\t\t\t\t<i aria-hidden=\"true\" class=\"fas fa-bed\"><\/i>\t\t\t\t\t\t<\/span>\n\t\t\t\t\t\t\t\t\t\t<span class=\"elementor-icon-list-text\">Roupa de cama e toalhas. Troca mediante pedido e pagamento de uma taxa.<\/span>\n\t\t\t\t\t\t\t\t\t<\/li>\n\t\t\t\t\t\t<\/ul>\n\t\t\t\t\t\t<\/div>\n\t\t\t\t<\/div>\n\t\t\t\t\t<\/div>\n\t\t<\/div>\n\t\t\t\t<div class=\"elementor-column elementor-col-50 elementor-inner-column elementor-element elementor-element-bd68946\" data-id=\"bd68946\" data-element_type=\"column\" data-e-type=\"column\">\n\t\t\t<div class=\"elementor-widget-wrap elementor-element-populated\">\n\t\t\t\t\t\t<div class=\"elementor-element elementor-element-9f13fda elementor-icon-list--layout-traditional elementor-list-item-link-full_width elementor-widget elementor-widget-icon-list\" data-id=\"9f13fda\" data-element_type=\"widget\" data-e-type=\"widget\" data-widget_type=\"icon-list.default\">\n\t\t\t\t<div class=\"elementor-widget-container\">\n\t\t\t\t\t\t\t<ul class=\"elementor-icon-list-items\">\n\t\t\t\t\t\t\t<li class=\"elementor-icon-list-item\">\n\t\t\t\t\t\t\t\t\t\t\t<span class=\"elementor-icon-list-icon\">\n\t\t\t\t\t\t\t<i aria-hidden=\"true\" class=\"far fa-sun\"><\/i>\t\t\t\t\t\t<\/span>\n\t\t\t\t\t\t\t\t\t\t<span class=\"elementor-icon-list-text\">Secador de cabelo e artigos de higiene pessoal fornecidos.<\/span>\n\t\t\t\t\t\t\t\t\t<\/li>\n\t\t\t\t\t\t<\/ul>\n\t\t\t\t\t\t<\/div>\n\t\t\t\t<\/div>\n\t\t\t\t\t<\/div>\n\t\t<\/div>\n\t\t\t\t\t<\/div>\n\t\t<\/section>\n\t\t\t\t\t<\/div>\n\t\t<\/div>\n\t\t\t\t\t<\/div>\n\t\t<\/section>\n\t\t\t\t<\/div>\n\t\t","protected":false},"excerpt":{"rendered":"<p>Suite Eira R\u00e9s-do-ch\u00e3o com vista para as montanhas Terra\u00e7o privado \u2013 vista de p\u00f4r-do-sol 2 camas individuais (90&#215;200) Ber\u00e7o a pedido Casa de banho privativa Produtos de higiene biol\u00f3gicos Ar condicionado Wi-fi Todas as suites t\u00eam Roupa de cama e toalhas. Troca mediante pedido e pagamento de uma taxa. Secador de cabelo e artigos de [&hellip;]<\/p>\n","protected":false},"author":1,"featured_media":0,"parent":1731,"menu_order":0,"comment_status":"closed","ping_status":"closed","template":"","meta":{"footnotes":""},"class_list":["post-1739","page","type-page","status-publish","hentry"],"yoast_head":"<!-- This site is optimized with the Yoast SEO plugin v27.4 - https:\/\/yoast.com\/product\/yoast-seo-wordpress\/ -->\n<title>Suite Eira - Verde \u00c1gua Natureza<\/title>\n<meta name=\"robots\" content=\"index, follow, max-snippet:-1, max-image-preview:large, max-video-preview:-1\" \/>\n<link rel=\"canonical\" href=\"https:\/\/verdeaguanatureza.com\/pt-pt\/alojamento\/suites\/suite-eira\/\" \/>\n<meta property=\"og:locale\" content=\"pt_PT\" \/>\n<meta property=\"og:type\" content=\"article\" \/>\n<meta property=\"og:title\" content=\"Suite Eira - Verde \u00c1gua Natureza\" \/>\n<meta property=\"og:description\" content=\"Suite Eira R\u00e9s-do-ch\u00e3o com vista para as montanhas Terra\u00e7o privado \u2013 vista de p\u00f4r-do-sol 2 camas individuais (90&#215;200) Ber\u00e7o a pedido Casa de banho privativa Produtos de higiene biol\u00f3gicos Ar condicionado Wi-fi Todas as suites t\u00eam Roupa de cama e toalhas. Troca mediante pedido e pagamento de uma taxa. Secador de cabelo e artigos de [&hellip;]\" \/>\n<meta property=\"og:url\" content=\"https:\/\/verdeaguanatureza.com\/pt-pt\/alojamento\/suites\/suite-eira\/\" \/>\n<meta property=\"og:site_name\" content=\"Verde \u00c1gua Natureza\" \/>\n<meta property=\"article:publisher\" content=\"https:\/\/www.facebook.com\/verdeaguanatureza-112147207229298\" \/>\n<meta property=\"article:modified_time\" content=\"2026-03-25T16:36:45+00:00\" \/>\n<meta property=\"og:image\" content=\"https:\/\/verdeaguanatureza.com\/wp-content\/uploads\/2026\/03\/Eira1.jpg\" \/>\n\t<meta property=\"og:image:width\" content=\"1200\" \/>\n\t<meta property=\"og:image:height\" content=\"887\" \/>\n\t<meta property=\"og:image:type\" content=\"image\/jpeg\" \/>\n<meta name=\"twitter:card\" content=\"summary_large_image\" \/>\n<script type=\"application\/ld+json\" class=\"yoast-schema-graph\">{\"@context\":\"https:\\\/\\\/schema.org\",\"@graph\":[{\"@type\":\"WebPage\",\"@id\":\"https:\\\/\\\/verdeaguanatureza.com\\\/pt-pt\\\/alojamento\\\/suites\\\/suite-eira\\\/\",\"url\":\"https:\\\/\\\/verdeaguanatureza.com\\\/pt-pt\\\/alojamento\\\/suites\\\/suite-eira\\\/\",\"name\":\"Suite Eira - Verde \u00c1gua Natureza\",\"isPartOf\":{\"@id\":\"https:\\\/\\\/verdeaguanatureza.com\\\/pt-pt\\\/#website\"},\"primaryImageOfPage\":{\"@id\":\"https:\\\/\\\/verdeaguanatureza.com\\\/pt-pt\\\/alojamento\\\/suites\\\/suite-eira\\\/#primaryimage\"},\"image\":{\"@id\":\"https:\\\/\\\/verdeaguanatureza.com\\\/pt-pt\\\/alojamento\\\/suites\\\/suite-eira\\\/#primaryimage\"},\"thumbnailUrl\":\"https:\\\/\\\/verdeaguanatureza.com\\\/wp-content\\\/uploads\\\/2026\\\/03\\\/Eira1.jpg\",\"datePublished\":\"2021-03-24T11:33:10+00:00\",\"dateModified\":\"2026-03-25T16:36:45+00:00\",\"breadcrumb\":{\"@id\":\"https:\\\/\\\/verdeaguanatureza.com\\\/pt-pt\\\/alojamento\\\/suites\\\/suite-eira\\\/#breadcrumb\"},\"inLanguage\":\"pt-PT\",\"potentialAction\":[{\"@type\":\"ReadAction\",\"target\":[\"https:\\\/\\\/verdeaguanatureza.com\\\/pt-pt\\\/alojamento\\\/suites\\\/suite-eira\\\/\"]}]},{\"@type\":\"ImageObject\",\"inLanguage\":\"pt-PT\",\"@id\":\"https:\\\/\\\/verdeaguanatureza.com\\\/pt-pt\\\/alojamento\\\/suites\\\/suite-eira\\\/#primaryimage\",\"url\":\"https:\\\/\\\/verdeaguanatureza.com\\\/wp-content\\\/uploads\\\/2026\\\/03\\\/Eira1.jpg\",\"contentUrl\":\"https:\\\/\\\/verdeaguanatureza.com\\\/wp-content\\\/uploads\\\/2026\\\/03\\\/Eira1.jpg\"},{\"@type\":\"BreadcrumbList\",\"@id\":\"https:\\\/\\\/verdeaguanatureza.com\\\/pt-pt\\\/alojamento\\\/suites\\\/suite-eira\\\/#breadcrumb\",\"itemListElement\":[{\"@type\":\"ListItem\",\"position\":1,\"name\":\"Home\",\"item\":\"https:\\\/\\\/verdeaguanatureza.com\\\/pt-pt\\\/\"},{\"@type\":\"ListItem\",\"position\":2,\"name\":\"Alojamento\",\"item\":\"https:\\\/\\\/verdeaguanatureza.com\\\/pt-pt\\\/accomodation\\\/\"},{\"@type\":\"ListItem\",\"position\":3,\"name\":\"Suites\",\"item\":\"https:\\\/\\\/verdeaguanatureza.com\\\/pt-pt\\\/accomodation\\\/rooms\\\/\"},{\"@type\":\"ListItem\",\"position\":4,\"name\":\"Suite Eira\"}]},{\"@type\":\"WebSite\",\"@id\":\"https:\\\/\\\/verdeaguanatureza.com\\\/pt-pt\\\/#website\",\"url\":\"https:\\\/\\\/verdeaguanatureza.com\\\/pt-pt\\\/\",\"name\":\"Verde \u00c1gua\",\"description\":\"Agricultura Biol\u00f3gica | Agroturismo\",\"publisher\":{\"@id\":\"https:\\\/\\\/verdeaguanatureza.com\\\/pt-pt\\\/#organization\"},\"potentialAction\":[{\"@type\":\"SearchAction\",\"target\":{\"@type\":\"EntryPoint\",\"urlTemplate\":\"https:\\\/\\\/verdeaguanatureza.com\\\/pt-pt\\\/?s={search_term_string}\"},\"query-input\":{\"@type\":\"PropertyValueSpecification\",\"valueRequired\":true,\"valueName\":\"search_term_string\"}}],\"inLanguage\":\"pt-PT\"},{\"@type\":\"Organization\",\"@id\":\"https:\\\/\\\/verdeaguanatureza.com\\\/pt-pt\\\/#organization\",\"name\":\"Verde \u00c1gua Natureza\",\"url\":\"https:\\\/\\\/verdeaguanatureza.com\\\/pt-pt\\\/\",\"logo\":{\"@type\":\"ImageObject\",\"inLanguage\":\"pt-PT\",\"@id\":\"https:\\\/\\\/verdeaguanatureza.com\\\/pt-pt\\\/#\\\/schema\\\/logo\\\/image\\\/\",\"url\":\"https:\\\/\\\/verdeaguanatureza.com\\\/wp-content\\\/uploads\\\/2021\\\/01\\\/verde-agua-logo.svg\",\"contentUrl\":\"https:\\\/\\\/verdeaguanatureza.com\\\/wp-content\\\/uploads\\\/2021\\\/01\\\/verde-agua-logo.svg\",\"width\":1,\"height\":1,\"caption\":\"Verde \u00c1gua Natureza\"},\"image\":{\"@id\":\"https:\\\/\\\/verdeaguanatureza.com\\\/pt-pt\\\/#\\\/schema\\\/logo\\\/image\\\/\"},\"sameAs\":[\"https:\\\/\\\/www.facebook.com\\\/verdeaguanatureza-112147207229298\",\"https:\\\/\\\/www.instagram.com\\\/verdeaguanatureza\\\/\"]}]}<\/script>\n<!-- \/ Yoast SEO plugin. -->","yoast_head_json":{"title":"Suite Eira - Verde \u00c1gua Natureza","robots":{"index":"index","follow":"follow","max-snippet":"max-snippet:-1","max-image-preview":"max-image-preview:large","max-video-preview":"max-video-preview:-1"},"canonical":"https:\/\/verdeaguanatureza.com\/pt-pt\/alojamento\/suites\/suite-eira\/","og_locale":"pt_PT","og_type":"article","og_title":"Suite Eira - Verde \u00c1gua Natureza","og_description":"Suite Eira R\u00e9s-do-ch\u00e3o com vista para as montanhas Terra\u00e7o privado \u2013 vista de p\u00f4r-do-sol 2 camas individuais (90&#215;200) Ber\u00e7o a pedido Casa de banho privativa Produtos de higiene biol\u00f3gicos Ar condicionado Wi-fi Todas as suites t\u00eam Roupa de cama e toalhas. Troca mediante pedido e pagamento de uma taxa. Secador de cabelo e artigos de [&hellip;]","og_url":"https:\/\/verdeaguanatureza.com\/pt-pt\/alojamento\/suites\/suite-eira\/","og_site_name":"Verde \u00c1gua Natureza","article_publisher":"https:\/\/www.facebook.com\/verdeaguanatureza-112147207229298","article_modified_time":"2026-03-25T16:36:45+00:00","og_image":[{"width":1200,"height":887,"url":"https:\/\/verdeaguanatureza.com\/wp-content\/uploads\/2026\/03\/Eira1.jpg","type":"image\/jpeg"}],"twitter_card":"summary_large_image","schema":{"@context":"https:\/\/schema.org","@graph":[{"@type":"WebPage","@id":"https:\/\/verdeaguanatureza.com\/pt-pt\/alojamento\/suites\/suite-eira\/","url":"https:\/\/verdeaguanatureza.com\/pt-pt\/alojamento\/suites\/suite-eira\/","name":"Suite Eira - Verde \u00c1gua Natureza","isPartOf":{"@id":"https:\/\/verdeaguanatureza.com\/pt-pt\/#website"},"primaryImageOfPage":{"@id":"https:\/\/verdeaguanatureza.com\/pt-pt\/alojamento\/suites\/suite-eira\/#primaryimage"},"image":{"@id":"https:\/\/verdeaguanatureza.com\/pt-pt\/alojamento\/suites\/suite-eira\/#primaryimage"},"thumbnailUrl":"https:\/\/verdeaguanatureza.com\/wp-content\/uploads\/2026\/03\/Eira1.jpg","datePublished":"2021-03-24T11:33:10+00:00","dateModified":"2026-03-25T16:36:45+00:00","breadcrumb":{"@id":"https:\/\/verdeaguanatureza.com\/pt-pt\/alojamento\/suites\/suite-eira\/#breadcrumb"},"inLanguage":"pt-PT","potentialAction":[{"@type":"ReadAction","target":["https:\/\/verdeaguanatureza.com\/pt-pt\/alojamento\/suites\/suite-eira\/"]}]},{"@type":"ImageObject","inLanguage":"pt-PT","@id":"https:\/\/verdeaguanatureza.com\/pt-pt\/alojamento\/suites\/suite-eira\/#primaryimage","url":"https:\/\/verdeaguanatureza.com\/wp-content\/uploads\/2026\/03\/Eira1.jpg","contentUrl":"https:\/\/verdeaguanatureza.com\/wp-content\/uploads\/2026\/03\/Eira1.jpg"},{"@type":"BreadcrumbList","@id":"https:\/\/verdeaguanatureza.com\/pt-pt\/alojamento\/suites\/suite-eira\/#breadcrumb","itemListElement":[{"@type":"ListItem","position":1,"name":"Home","item":"https:\/\/verdeaguanatureza.com\/pt-pt\/"},{"@type":"ListItem","position":2,"name":"Alojamento","item":"https:\/\/verdeaguanatureza.com\/pt-pt\/accomodation\/"},{"@type":"ListItem","position":3,"name":"Suites","item":"https:\/\/verdeaguanatureza.com\/pt-pt\/accomodation\/rooms\/"},{"@type":"ListItem","position":4,"name":"Suite Eira"}]},{"@type":"WebSite","@id":"https:\/\/verdeaguanatureza.com\/pt-pt\/#website","url":"https:\/\/verdeaguanatureza.com\/pt-pt\/","name":"Verde \u00c1gua","description":"Agricultura Biol\u00f3gica | Agroturismo","publisher":{"@id":"https:\/\/verdeaguanatureza.com\/pt-pt\/#organization"},"potentialAction":[{"@type":"SearchAction","target":{"@type":"EntryPoint","urlTemplate":"https:\/\/verdeaguanatureza.com\/pt-pt\/?s={search_term_string}"},"query-input":{"@type":"PropertyValueSpecification","valueRequired":true,"valueName":"search_term_string"}}],"inLanguage":"pt-PT"},{"@type":"Organization","@id":"https:\/\/verdeaguanatureza.com\/pt-pt\/#organization","name":"Verde \u00c1gua Natureza","url":"https:\/\/verdeaguanatureza.com\/pt-pt\/","logo":{"@type":"ImageObject","inLanguage":"pt-PT","@id":"https:\/\/verdeaguanatureza.com\/pt-pt\/#\/schema\/logo\/image\/","url":"https:\/\/verdeaguanatureza.com\/wp-content\/uploads\/2021\/01\/verde-agua-logo.svg","contentUrl":"https:\/\/verdeaguanatureza.com\/wp-content\/uploads\/2021\/01\/verde-agua-logo.svg","width":1,"height":1,"caption":"Verde \u00c1gua Natureza"},"image":{"@id":"https:\/\/verdeaguanatureza.com\/pt-pt\/#\/schema\/logo\/image\/"},"sameAs":["https:\/\/www.facebook.com\/verdeaguanatureza-112147207229298","https:\/\/www.instagram.com\/verdeaguanatureza\/"]}]}},"_links":{"self":[{"href":"https:\/\/verdeaguanatureza.com\/pt-pt\/wp-json\/wp\/v2\/pages\/1739","targetHints":{"allow":["GET"]}}],"collection":[{"href":"https:\/\/verdeaguanatureza.com\/pt-pt\/wp-json\/wp\/v2\/pages"}],"about":[{"href":"https:\/\/verdeaguanatureza.com\/pt-pt\/wp-json\/wp\/v2\/types\/page"}],"author":[{"embeddable":true,"href":"https:\/\/verdeaguanatureza.com\/pt-pt\/wp-json\/wp\/v2\/users\/1"}],"replies":[{"embeddable":true,"href":"https:\/\/verdeaguanatureza.com\/pt-pt\/wp-json\/wp\/v2\/comments?post=1739"}],"version-history":[{"count":9,"href":"https:\/\/verdeaguanatureza.com\/pt-pt\/wp-json\/wp\/v2\/pages\/1739\/revisions"}],"predecessor-version":[{"id":2829,"href":"https:\/\/verdeaguanatureza.com\/pt-pt\/wp-json\/wp\/v2\/pages\/1739\/revisions\/2829"}],"up":[{"embeddable":true,"href":"https:\/\/verdeaguanatureza.com\/pt-pt\/wp-json\/wp\/v2\/pages\/1731"}],"wp:attachment":[{"href":"https:\/\/verdeaguanatureza.com\/pt-pt\/wp-json\/wp\/v2\/media?parent=1739"}],"curies":[{"name":"wp","href":"https:\/\/api.w.org\/{rel}","templated":true}]}}