{"id":1751,"date":"2021-03-24T11:48:17","date_gmt":"2021-03-24T11:48:17","guid":{"rendered":"http:\/\/miligram20.miligram.pt\/experiencias\/"},"modified":"2026-03-20T11:36:46","modified_gmt":"2026-03-20T11:36:46","slug":"experiencias","status":"publish","type":"page","link":"https:\/\/verdeaguanatureza.com\/pt-pt\/experiencias\/","title":{"rendered":"Redondezas"},"content":{"rendered":"\t\t<div data-elementor-type=\"wp-page\" data-elementor-id=\"1751\" class=\"elementor elementor-1751 elementor-34\" data-elementor-post-type=\"page\">\n\t\t\t\t\t\t<section class=\"elementor-section elementor-top-section elementor-element elementor-element-7875cc6b elementor-section-full_width elementor-section-height-default elementor-section-height-default\" data-id=\"7875cc6b\" data-element_type=\"section\" data-e-type=\"section\">\n\t\t\t\t\t\t<div class=\"elementor-container elementor-column-gap-no\">\n\t\t\t\t\t<div class=\"elementor-column elementor-col-100 elementor-top-column elementor-element elementor-element-3436dae7\" data-id=\"3436dae7\" data-element_type=\"column\" data-e-type=\"column\">\n\t\t\t<div class=\"elementor-widget-wrap elementor-element-populated\">\n\t\t\t\t\t\t<section class=\"elementor-section elementor-inner-section elementor-element elementor-element-de06d9e elementor-reverse-mobile elementor-section-boxed elementor-section-height-default elementor-section-height-default\" data-id=\"de06d9e\" data-element_type=\"section\" data-e-type=\"section\">\n\t\t\t\t\t\t<div class=\"elementor-container elementor-column-gap-wide\">\n\t\t\t\t\t<div class=\"elementor-column elementor-col-50 elementor-inner-column elementor-element elementor-element-9b50b8b\" data-id=\"9b50b8b\" data-element_type=\"column\" data-e-type=\"column\">\n\t\t\t<div class=\"elementor-widget-wrap elementor-element-populated\">\n\t\t\t\t\t\t<div class=\"elementor-element elementor-element-c94abe4 elementor-widget elementor-widget-image\" data-id=\"c94abe4\" data-element_type=\"widget\" data-e-type=\"widget\" data-widget_type=\"image.default\">\n\t\t\t\t<div class=\"elementor-widget-container\">\n\t\t\t\t\t\t\t\t\t\t\t\t\t\t\t<img fetchpriority=\"high\" decoding=\"async\" width=\"800\" height=\"800\" src=\"https:\/\/verdeaguanatureza.com\/wp-content\/uploads\/2021\/03\/cascamourilhe-10-min-casa.jpg\" class=\"attachment-large size-large wp-image-1234\" alt=\"\" srcset=\"https:\/\/verdeaguanatureza.com\/wp-content\/uploads\/2021\/03\/cascamourilhe-10-min-casa.jpg 1000w, https:\/\/verdeaguanatureza.com\/wp-content\/uploads\/2021\/03\/cascamourilhe-10-min-casa-300x300.jpg 300w, https:\/\/verdeaguanatureza.com\/wp-content\/uploads\/2021\/03\/cascamourilhe-10-min-casa-150x150.jpg 150w, https:\/\/verdeaguanatureza.com\/wp-content\/uploads\/2021\/03\/cascamourilhe-10-min-casa-768x768.jpg 768w\" sizes=\"(max-width: 800px) 100vw, 800px\" \/>\t\t\t\t\t\t\t\t\t\t\t\t\t\t\t<\/div>\n\t\t\t\t<\/div>\n\t\t\t\t\t<\/div>\n\t\t<\/div>\n\t\t\t\t<div class=\"elementor-column elementor-col-50 elementor-inner-column elementor-element elementor-element-c65b5e2\" data-id=\"c65b5e2\" data-element_type=\"column\" data-e-type=\"column\">\n\t\t\t<div class=\"elementor-widget-wrap elementor-element-populated\">\n\t\t\t\t\t\t<div class=\"elementor-element elementor-element-9afd07d elementor-widget__width-auto animated-slow elementor-invisible elementor-widget elementor-widget-heading\" data-id=\"9afd07d\" data-element_type=\"widget\" data-e-type=\"widget\" data-settings=\"{&quot;_animation&quot;:&quot;fadeIn&quot;}\" data-widget_type=\"heading.default\">\n\t\t\t\t<div class=\"elementor-widget-container\">\n\t\t\t\t\t<h2 class=\"elementor-heading-title elementor-size-xxl\">Nas redondezas<\/h2>\t\t\t\t<\/div>\n\t\t\t\t<\/div>\n\t\t\t\t<div class=\"elementor-element elementor-element-1e4ccfd elementor-widget elementor-widget-text-editor\" data-id=\"1e4ccfd\" data-element_type=\"widget\" data-e-type=\"widget\" data-widget_type=\"text-editor.default\">\n\t\t\t\t<div class=\"elementor-widget-container\">\n\t\t\t\t\t\t\t\t\t<p>Estamos localizados no territ\u00f3rio das Montanhas M\u00e1gicas, no norte de Portugal, conhecido pelos seus extraordin\u00e1rios valores naturais e certificado como um destino tur\u00edstico sustent\u00e1vel desde novembro de 2013. \u00c9 um destino de excel\u00eancia para os amantes da natureza e para aqueles que gostam de atividades desportivas e aventureiras.<\/p>\n<p>Para aqueles que preferem visitar o seu patrim\u00f3nio cultural, existem as pontes e estradas romanas, igrejas, aldeias t\u00edpicas de xisto e granito e minas hist\u00f3ricas.<\/p>\n\t\t\t\t\t\t\t\t<\/div>\n\t\t\t\t<\/div>\n\t\t\t\t\t<\/div>\n\t\t<\/div>\n\t\t\t\t\t<\/div>\n\t\t<\/section>\n\t\t\t\t<section class=\"elementor-section elementor-inner-section elementor-element elementor-element-d568eca elementor-section-boxed elementor-section-height-default elementor-section-height-default\" data-id=\"d568eca\" data-element_type=\"section\" data-e-type=\"section\">\n\t\t\t\t\t\t<div class=\"elementor-container elementor-column-gap-default\">\n\t\t\t\t\t<div class=\"elementor-column elementor-col-33 elementor-inner-column elementor-element elementor-element-c760491\" data-id=\"c760491\" data-element_type=\"column\" data-e-type=\"column\">\n\t\t\t<div class=\"elementor-widget-wrap elementor-element-populated\">\n\t\t\t\t\t\t<div class=\"elementor-element elementor-element-5b06009 elementor-position-top elementor-widget elementor-widget-image-box\" data-id=\"5b06009\" data-element_type=\"widget\" data-e-type=\"widget\" data-widget_type=\"image-box.default\">\n\t\t\t\t<div class=\"elementor-widget-container\">\n\t\t\t\t\t<div class=\"elementor-image-box-wrapper\"><figure class=\"elementor-image-box-img\"><img decoding=\"async\" width=\"2560\" height=\"1707\" src=\"https:\/\/verdeaguanatureza.com\/wp-content\/uploads\/2021\/03\/ashim-d-silva-UjxL9x0nwQ8-unsplash-scaled.jpg\" class=\"attachment-full size-full wp-image-1210\" alt=\"\" srcset=\"https:\/\/verdeaguanatureza.com\/wp-content\/uploads\/2021\/03\/ashim-d-silva-UjxL9x0nwQ8-unsplash-scaled.jpg 2560w, https:\/\/verdeaguanatureza.com\/wp-content\/uploads\/2021\/03\/ashim-d-silva-UjxL9x0nwQ8-unsplash-300x200.jpg 300w, https:\/\/verdeaguanatureza.com\/wp-content\/uploads\/2021\/03\/ashim-d-silva-UjxL9x0nwQ8-unsplash-1024x683.jpg 1024w, https:\/\/verdeaguanatureza.com\/wp-content\/uploads\/2021\/03\/ashim-d-silva-UjxL9x0nwQ8-unsplash-768x512.jpg 768w, https:\/\/verdeaguanatureza.com\/wp-content\/uploads\/2021\/03\/ashim-d-silva-UjxL9x0nwQ8-unsplash-1536x1024.jpg 1536w, https:\/\/verdeaguanatureza.com\/wp-content\/uploads\/2021\/03\/ashim-d-silva-UjxL9x0nwQ8-unsplash-2048x1365.jpg 2048w\" sizes=\"(max-width: 2560px) 100vw, 2560px\" \/><\/figure><div class=\"elementor-image-box-content\"><h5 class=\"elementor-image-box-title\">Caminhadas<\/h5><p class=\"elementor-image-box-description\">#Bestan\u00e7a Valley<br>#Montanhas M\u00e1gicas<br>#Paiva Walkways<br>#516 Arouca Bridge<\/p><\/div><\/div>\t\t\t\t<\/div>\n\t\t\t\t<\/div>\n\t\t\t\t\t<\/div>\n\t\t<\/div>\n\t\t\t\t<div class=\"elementor-column elementor-col-33 elementor-inner-column elementor-element elementor-element-1e14e90\" data-id=\"1e14e90\" data-element_type=\"column\" data-e-type=\"column\">\n\t\t\t<div class=\"elementor-widget-wrap elementor-element-populated\">\n\t\t\t\t\t\t<div class=\"elementor-element elementor-element-0148928 elementor-position-top elementor-widget elementor-widget-image-box\" data-id=\"0148928\" data-element_type=\"widget\" data-e-type=\"widget\" data-widget_type=\"image-box.default\">\n\t\t\t\t<div class=\"elementor-widget-container\">\n\t\t\t\t\t<div class=\"elementor-image-box-wrapper\"><figure class=\"elementor-image-box-img\"><img decoding=\"async\" width=\"960\" height=\"640\" src=\"https:\/\/verdeaguanatureza.com\/wp-content\/uploads\/2021\/03\/wakeboard-2.jpg\" class=\"attachment-full size-full wp-image-1206\" alt=\"\" srcset=\"https:\/\/verdeaguanatureza.com\/wp-content\/uploads\/2021\/03\/wakeboard-2.jpg 960w, https:\/\/verdeaguanatureza.com\/wp-content\/uploads\/2021\/03\/wakeboard-2-300x200.jpg 300w, https:\/\/verdeaguanatureza.com\/wp-content\/uploads\/2021\/03\/wakeboard-2-768x512.jpg 768w\" sizes=\"(max-width: 960px) 100vw, 960px\" \/><\/figure><div class=\"elementor-image-box-content\"><h5 class=\"elementor-image-box-title\">Atividades N\u00e1uticas<\/h5><p class=\"elementor-image-box-description\">Stand up paddle &bull; Kayak &bull; Wake-board and ski &bull;  Boat trips &bull;  Rafting<br>#Paiva river<br>#Bestan\u00e7a river<br>#Douro river<br>#Frades river<br><\/p><\/div><\/div>\t\t\t\t<\/div>\n\t\t\t\t<\/div>\n\t\t\t\t\t<\/div>\n\t\t<\/div>\n\t\t\t\t<div class=\"elementor-column elementor-col-33 elementor-inner-column elementor-element elementor-element-fd7399c\" data-id=\"fd7399c\" data-element_type=\"column\" data-e-type=\"column\">\n\t\t\t<div class=\"elementor-widget-wrap elementor-element-populated\">\n\t\t\t\t\t\t<div class=\"elementor-element elementor-element-2dba29a elementor-position-top elementor-widget elementor-widget-image-box\" data-id=\"2dba29a\" data-element_type=\"widget\" data-e-type=\"widget\" data-widget_type=\"image-box.default\">\n\t\t\t\t<div class=\"elementor-widget-container\">\n\t\t\t\t\t<div class=\"elementor-image-box-wrapper\"><figure class=\"elementor-image-box-img\"><img loading=\"lazy\" decoding=\"async\" width=\"2560\" height=\"1705\" src=\"https:\/\/verdeaguanatureza.com\/wp-content\/uploads\/2021\/03\/daniil-silantev-3jSjXAxYiAw-unsplash-scaled.jpg\" class=\"attachment-full size-full wp-image-1203\" alt=\"\" srcset=\"https:\/\/verdeaguanatureza.com\/wp-content\/uploads\/2021\/03\/daniil-silantev-3jSjXAxYiAw-unsplash-scaled.jpg 2560w, https:\/\/verdeaguanatureza.com\/wp-content\/uploads\/2021\/03\/daniil-silantev-3jSjXAxYiAw-unsplash-300x200.jpg 300w, https:\/\/verdeaguanatureza.com\/wp-content\/uploads\/2021\/03\/daniil-silantev-3jSjXAxYiAw-unsplash-1024x682.jpg 1024w, https:\/\/verdeaguanatureza.com\/wp-content\/uploads\/2021\/03\/daniil-silantev-3jSjXAxYiAw-unsplash-768x511.jpg 768w, https:\/\/verdeaguanatureza.com\/wp-content\/uploads\/2021\/03\/daniil-silantev-3jSjXAxYiAw-unsplash-1536x1023.jpg 1536w, https:\/\/verdeaguanatureza.com\/wp-content\/uploads\/2021\/03\/daniil-silantev-3jSjXAxYiAw-unsplash-2048x1364.jpg 2048w\" sizes=\"(max-width: 2560px) 100vw, 2560px\" \/><\/figure><div class=\"elementor-image-box-content\"><h5 class=\"elementor-image-box-title\">Passeios de Jipe<\/h5><p class=\"elementor-image-box-description\">#Paiva<br>#Montemuro<\/p><\/div><\/div>\t\t\t\t<\/div>\n\t\t\t\t<\/div>\n\t\t\t\t\t<\/div>\n\t\t<\/div>\n\t\t\t\t\t<\/div>\n\t\t<\/section>\n\t\t\t\t<section class=\"elementor-section elementor-inner-section elementor-element elementor-element-e57e6c9 elementor-section-boxed elementor-section-height-default elementor-section-height-default\" data-id=\"e57e6c9\" data-element_type=\"section\" data-e-type=\"section\">\n\t\t\t\t\t\t<div class=\"elementor-container elementor-column-gap-wide\">\n\t\t\t\t\t<div class=\"elementor-column elementor-col-100 elementor-inner-column elementor-element elementor-element-641aa91\" data-id=\"641aa91\" data-element_type=\"column\" data-e-type=\"column\" data-settings=\"{&quot;motion_fx_motion_fx_scrolling&quot;:&quot;yes&quot;,&quot;motion_fx_devices&quot;:[&quot;desktop&quot;,&quot;tablet&quot;]}\">\n\t\t\t<div class=\"elementor-widget-wrap elementor-element-populated\">\n\t\t\t\t\t\t<div class=\"elementor-element elementor-element-c0df2e2 elementor-widget elementor-widget-text-editor\" data-id=\"c0df2e2\" data-element_type=\"widget\" data-e-type=\"widget\" data-widget_type=\"text-editor.default\">\n\t\t\t\t<div class=\"elementor-widget-container\">\n\t\t\t\t\t\t\t\t\t<p>Trabalhamos com v\u00e1rios operadores tur\u00edsticos e teremos todo o prazer em ajudar-te a organizar as tuas aventuras!<br \/>Se quiseres come\u00e7ar a procurar o que fazer, usa estas palavras-chave!<\/p>\n\t\t\t\t\t\t\t\t<\/div>\n\t\t\t\t<\/div>\n\t\t\t\t\t<\/div>\n\t\t<\/div>\n\t\t\t\t\t<\/div>\n\t\t<\/section>\n\t\t\t\t\t<\/div>\n\t\t<\/div>\n\t\t\t\t\t<\/div>\n\t\t<\/section>\n\t\t\t\t<\/div>\n\t\t","protected":false},"excerpt":{"rendered":"<p>Nas redondezas Estamos localizados no territ\u00f3rio das Montanhas M\u00e1gicas, no norte de Portugal, conhecido pelos seus extraordin\u00e1rios valores naturais e certificado como um destino tur\u00edstico sustent\u00e1vel desde novembro de 2013. \u00c9 um destino de excel\u00eancia para os amantes da natureza e para aqueles que gostam de atividades desportivas e aventureiras. Para aqueles que preferem visitar [&hellip;]<\/p>\n","protected":false},"author":1,"featured_media":0,"parent":0,"menu_order":0,"comment_status":"closed","ping_status":"closed","template":"","meta":{"footnotes":""},"class_list":["post-1751","page","type-page","status-publish","hentry"],"yoast_head":"<!-- This site is optimized with the Yoast SEO plugin v27.5 - https:\/\/yoast.com\/product\/yoast-seo-wordpress\/ -->\n<title>Redondezas - Verde \u00c1gua Natureza<\/title>\n<meta name=\"robots\" content=\"index, follow, max-snippet:-1, max-image-preview:large, max-video-preview:-1\" \/>\n<link rel=\"canonical\" href=\"https:\/\/verdeaguanatureza.com\/pt-pt\/experiencias\/\" \/>\n<meta property=\"og:locale\" content=\"pt_PT\" \/>\n<meta property=\"og:type\" content=\"article\" \/>\n<meta property=\"og:title\" content=\"Redondezas - Verde \u00c1gua Natureza\" \/>\n<meta property=\"og:description\" content=\"Nas redondezas Estamos localizados no territ\u00f3rio das Montanhas M\u00e1gicas, no norte de Portugal, conhecido pelos seus extraordin\u00e1rios valores naturais e certificado como um destino tur\u00edstico sustent\u00e1vel desde novembro de 2013. \u00c9 um destino de excel\u00eancia para os amantes da natureza e para aqueles que gostam de atividades desportivas e aventureiras. Para aqueles que preferem visitar [&hellip;]\" \/>\n<meta property=\"og:url\" content=\"https:\/\/verdeaguanatureza.com\/pt-pt\/experiencias\/\" \/>\n<meta property=\"og:site_name\" content=\"Verde \u00c1gua Natureza\" \/>\n<meta property=\"article:publisher\" content=\"https:\/\/www.facebook.com\/verdeaguanatureza-112147207229298\" \/>\n<meta property=\"article:modified_time\" content=\"2026-03-20T11:36:46+00:00\" \/>\n<meta property=\"og:image\" content=\"https:\/\/verdeaguanatureza.com\/wp-content\/uploads\/2021\/03\/cascamourilhe-10-min-casa.jpg\" \/>\n\t<meta property=\"og:image:width\" content=\"1000\" \/>\n\t<meta property=\"og:image:height\" content=\"1000\" \/>\n\t<meta property=\"og:image:type\" content=\"image\/jpeg\" \/>\n<meta name=\"twitter:card\" content=\"summary_large_image\" \/>\n<meta name=\"twitter:label1\" content=\"Tempo estimado de leitura\" \/>\n\t<meta name=\"twitter:data1\" content=\"1 minuto\" \/>\n<script type=\"application\/ld+json\" class=\"yoast-schema-graph\">{\"@context\":\"https:\\\/\\\/schema.org\",\"@graph\":[{\"@type\":\"WebPage\",\"@id\":\"https:\\\/\\\/verdeaguanatureza.com\\\/pt-pt\\\/experiencias\\\/\",\"url\":\"https:\\\/\\\/verdeaguanatureza.com\\\/pt-pt\\\/experiencias\\\/\",\"name\":\"Redondezas - Verde \u00c1gua Natureza\",\"isPartOf\":{\"@id\":\"https:\\\/\\\/verdeaguanatureza.com\\\/pt-pt\\\/#website\"},\"primaryImageOfPage\":{\"@id\":\"https:\\\/\\\/verdeaguanatureza.com\\\/pt-pt\\\/experiencias\\\/#primaryimage\"},\"image\":{\"@id\":\"https:\\\/\\\/verdeaguanatureza.com\\\/pt-pt\\\/experiencias\\\/#primaryimage\"},\"thumbnailUrl\":\"https:\\\/\\\/verdeaguanatureza.com\\\/wp-content\\\/uploads\\\/2021\\\/03\\\/cascamourilhe-10-min-casa.jpg\",\"datePublished\":\"2021-03-24T11:48:17+00:00\",\"dateModified\":\"2026-03-20T11:36:46+00:00\",\"breadcrumb\":{\"@id\":\"https:\\\/\\\/verdeaguanatureza.com\\\/pt-pt\\\/experiencias\\\/#breadcrumb\"},\"inLanguage\":\"pt-PT\",\"potentialAction\":[{\"@type\":\"ReadAction\",\"target\":[\"https:\\\/\\\/verdeaguanatureza.com\\\/pt-pt\\\/experiencias\\\/\"]}]},{\"@type\":\"ImageObject\",\"inLanguage\":\"pt-PT\",\"@id\":\"https:\\\/\\\/verdeaguanatureza.com\\\/pt-pt\\\/experiencias\\\/#primaryimage\",\"url\":\"https:\\\/\\\/verdeaguanatureza.com\\\/wp-content\\\/uploads\\\/2021\\\/03\\\/cascamourilhe-10-min-casa.jpg\",\"contentUrl\":\"https:\\\/\\\/verdeaguanatureza.com\\\/wp-content\\\/uploads\\\/2021\\\/03\\\/cascamourilhe-10-min-casa.jpg\"},{\"@type\":\"BreadcrumbList\",\"@id\":\"https:\\\/\\\/verdeaguanatureza.com\\\/pt-pt\\\/experiencias\\\/#breadcrumb\",\"itemListElement\":[{\"@type\":\"ListItem\",\"position\":1,\"name\":\"Home\",\"item\":\"https:\\\/\\\/verdeaguanatureza.com\\\/pt-pt\\\/\"},{\"@type\":\"ListItem\",\"position\":2,\"name\":\"Redondezas\"}]},{\"@type\":\"WebSite\",\"@id\":\"https:\\\/\\\/verdeaguanatureza.com\\\/pt-pt\\\/#website\",\"url\":\"https:\\\/\\\/verdeaguanatureza.com\\\/pt-pt\\\/\",\"name\":\"Verde \u00c1gua\",\"description\":\"Agricultura Biol\u00f3gica | Agroturismo\",\"publisher\":{\"@id\":\"https:\\\/\\\/verdeaguanatureza.com\\\/pt-pt\\\/#organization\"},\"potentialAction\":[{\"@type\":\"SearchAction\",\"target\":{\"@type\":\"EntryPoint\",\"urlTemplate\":\"https:\\\/\\\/verdeaguanatureza.com\\\/pt-pt\\\/?s={search_term_string}\"},\"query-input\":{\"@type\":\"PropertyValueSpecification\",\"valueRequired\":true,\"valueName\":\"search_term_string\"}}],\"inLanguage\":\"pt-PT\"},{\"@type\":\"Organization\",\"@id\":\"https:\\\/\\\/verdeaguanatureza.com\\\/pt-pt\\\/#organization\",\"name\":\"Verde \u00c1gua Natureza\",\"url\":\"https:\\\/\\\/verdeaguanatureza.com\\\/pt-pt\\\/\",\"logo\":{\"@type\":\"ImageObject\",\"inLanguage\":\"pt-PT\",\"@id\":\"https:\\\/\\\/verdeaguanatureza.com\\\/pt-pt\\\/#\\\/schema\\\/logo\\\/image\\\/\",\"url\":\"https:\\\/\\\/verdeaguanatureza.com\\\/wp-content\\\/uploads\\\/2021\\\/01\\\/verde-agua-logo.svg\",\"contentUrl\":\"https:\\\/\\\/verdeaguanatureza.com\\\/wp-content\\\/uploads\\\/2021\\\/01\\\/verde-agua-logo.svg\",\"width\":1,\"height\":1,\"caption\":\"Verde \u00c1gua Natureza\"},\"image\":{\"@id\":\"https:\\\/\\\/verdeaguanatureza.com\\\/pt-pt\\\/#\\\/schema\\\/logo\\\/image\\\/\"},\"sameAs\":[\"https:\\\/\\\/www.facebook.com\\\/verdeaguanatureza-112147207229298\",\"https:\\\/\\\/www.instagram.com\\\/verdeaguanatureza\\\/\"]}]}<\/script>\n<!-- \/ Yoast SEO plugin. -->","yoast_head_json":{"title":"Redondezas - Verde \u00c1gua Natureza","robots":{"index":"index","follow":"follow","max-snippet":"max-snippet:-1","max-image-preview":"max-image-preview:large","max-video-preview":"max-video-preview:-1"},"canonical":"https:\/\/verdeaguanatureza.com\/pt-pt\/experiencias\/","og_locale":"pt_PT","og_type":"article","og_title":"Redondezas - Verde \u00c1gua Natureza","og_description":"Nas redondezas Estamos localizados no territ\u00f3rio das Montanhas M\u00e1gicas, no norte de Portugal, conhecido pelos seus extraordin\u00e1rios valores naturais e certificado como um destino tur\u00edstico sustent\u00e1vel desde novembro de 2013. \u00c9 um destino de excel\u00eancia para os amantes da natureza e para aqueles que gostam de atividades desportivas e aventureiras. Para aqueles que preferem visitar [&hellip;]","og_url":"https:\/\/verdeaguanatureza.com\/pt-pt\/experiencias\/","og_site_name":"Verde \u00c1gua Natureza","article_publisher":"https:\/\/www.facebook.com\/verdeaguanatureza-112147207229298","article_modified_time":"2026-03-20T11:36:46+00:00","og_image":[{"width":1000,"height":1000,"url":"https:\/\/verdeaguanatureza.com\/wp-content\/uploads\/2021\/03\/cascamourilhe-10-min-casa.jpg","type":"image\/jpeg"}],"twitter_card":"summary_large_image","twitter_misc":{"Tempo estimado de leitura":"1 minuto"},"schema":{"@context":"https:\/\/schema.org","@graph":[{"@type":"WebPage","@id":"https:\/\/verdeaguanatureza.com\/pt-pt\/experiencias\/","url":"https:\/\/verdeaguanatureza.com\/pt-pt\/experiencias\/","name":"Redondezas - Verde \u00c1gua Natureza","isPartOf":{"@id":"https:\/\/verdeaguanatureza.com\/pt-pt\/#website"},"primaryImageOfPage":{"@id":"https:\/\/verdeaguanatureza.com\/pt-pt\/experiencias\/#primaryimage"},"image":{"@id":"https:\/\/verdeaguanatureza.com\/pt-pt\/experiencias\/#primaryimage"},"thumbnailUrl":"https:\/\/verdeaguanatureza.com\/wp-content\/uploads\/2021\/03\/cascamourilhe-10-min-casa.jpg","datePublished":"2021-03-24T11:48:17+00:00","dateModified":"2026-03-20T11:36:46+00:00","breadcrumb":{"@id":"https:\/\/verdeaguanatureza.com\/pt-pt\/experiencias\/#breadcrumb"},"inLanguage":"pt-PT","potentialAction":[{"@type":"ReadAction","target":["https:\/\/verdeaguanatureza.com\/pt-pt\/experiencias\/"]}]},{"@type":"ImageObject","inLanguage":"pt-PT","@id":"https:\/\/verdeaguanatureza.com\/pt-pt\/experiencias\/#primaryimage","url":"https:\/\/verdeaguanatureza.com\/wp-content\/uploads\/2021\/03\/cascamourilhe-10-min-casa.jpg","contentUrl":"https:\/\/verdeaguanatureza.com\/wp-content\/uploads\/2021\/03\/cascamourilhe-10-min-casa.jpg"},{"@type":"BreadcrumbList","@id":"https:\/\/verdeaguanatureza.com\/pt-pt\/experiencias\/#breadcrumb","itemListElement":[{"@type":"ListItem","position":1,"name":"Home","item":"https:\/\/verdeaguanatureza.com\/pt-pt\/"},{"@type":"ListItem","position":2,"name":"Redondezas"}]},{"@type":"WebSite","@id":"https:\/\/verdeaguanatureza.com\/pt-pt\/#website","url":"https:\/\/verdeaguanatureza.com\/pt-pt\/","name":"Verde \u00c1gua","description":"Agricultura Biol\u00f3gica | Agroturismo","publisher":{"@id":"https:\/\/verdeaguanatureza.com\/pt-pt\/#organization"},"potentialAction":[{"@type":"SearchAction","target":{"@type":"EntryPoint","urlTemplate":"https:\/\/verdeaguanatureza.com\/pt-pt\/?s={search_term_string}"},"query-input":{"@type":"PropertyValueSpecification","valueRequired":true,"valueName":"search_term_string"}}],"inLanguage":"pt-PT"},{"@type":"Organization","@id":"https:\/\/verdeaguanatureza.com\/pt-pt\/#organization","name":"Verde \u00c1gua Natureza","url":"https:\/\/verdeaguanatureza.com\/pt-pt\/","logo":{"@type":"ImageObject","inLanguage":"pt-PT","@id":"https:\/\/verdeaguanatureza.com\/pt-pt\/#\/schema\/logo\/image\/","url":"https:\/\/verdeaguanatureza.com\/wp-content\/uploads\/2021\/01\/verde-agua-logo.svg","contentUrl":"https:\/\/verdeaguanatureza.com\/wp-content\/uploads\/2021\/01\/verde-agua-logo.svg","width":1,"height":1,"caption":"Verde \u00c1gua Natureza"},"image":{"@id":"https:\/\/verdeaguanatureza.com\/pt-pt\/#\/schema\/logo\/image\/"},"sameAs":["https:\/\/www.facebook.com\/verdeaguanatureza-112147207229298","https:\/\/www.instagram.com\/verdeaguanatureza\/"]}]}},"_links":{"self":[{"href":"https:\/\/verdeaguanatureza.com\/pt-pt\/wp-json\/wp\/v2\/pages\/1751","targetHints":{"allow":["GET"]}}],"collection":[{"href":"https:\/\/verdeaguanatureza.com\/pt-pt\/wp-json\/wp\/v2\/pages"}],"about":[{"href":"https:\/\/verdeaguanatureza.com\/pt-pt\/wp-json\/wp\/v2\/types\/page"}],"author":[{"embeddable":true,"href":"https:\/\/verdeaguanatureza.com\/pt-pt\/wp-json\/wp\/v2\/users\/1"}],"replies":[{"embeddable":true,"href":"https:\/\/verdeaguanatureza.com\/pt-pt\/wp-json\/wp\/v2\/comments?post=1751"}],"version-history":[{"count":13,"href":"https:\/\/verdeaguanatureza.com\/pt-pt\/wp-json\/wp\/v2\/pages\/1751\/revisions"}],"predecessor-version":[{"id":2675,"href":"https:\/\/verdeaguanatureza.com\/pt-pt\/wp-json\/wp\/v2\/pages\/1751\/revisions\/2675"}],"wp:attachment":[{"href":"https:\/\/verdeaguanatureza.com\/pt-pt\/wp-json\/wp\/v2\/media?parent=1751"}],"curies":[{"name":"wp","href":"https:\/\/api.w.org\/{rel}","templated":true}]}}