{"id":1757,"date":"2021-03-24T12:24:17","date_gmt":"2021-03-24T12:24:17","guid":{"rendered":"http:\/\/miligram20.miligram.pt\/termos-e-condicoes\/"},"modified":"2026-03-20T12:12:33","modified_gmt":"2026-03-20T12:12:33","slug":"termos-e-condicoes","status":"publish","type":"page","link":"https:\/\/verdeaguanatureza.com\/pt-pt\/termos-e-condicoes\/","title":{"rendered":"Termos e Condi\u00e7\u00f5es"},"content":{"rendered":"<p><strong>Condi\u00e7\u00f5es de Reserva para Crian\u00e7as:<\/strong><\/p>\n<p>As crian\u00e7as est\u00e3o sujeitas ao pagamento de uma taxa por noite, que poder\u00e1 variar consoante a idade da crian\u00e7a ou o tipo de cama selecionado. As crian\u00e7as com mais de 12 anos pagam a tarifa de adulto. O valor exato ser\u00e1 confirmado no momento da reserva.<\/p>\n<p><strong>Pol\u00edtica de confirma\u00e7\u00e3o de reserva:<\/strong><br \/>\n&#8211; Pagamento de 50% do valor total da estadia no momento da reserva;<br \/>\n&#8211; Pagamento dos restantes 50% at\u00e9 7 dias antes do check-in, sob pena de <a href=\"#cancelation\">cancelamento da reserva<\/a><br \/>\nOs pagamentos da reserva s\u00e3o efetuados por:<br \/>\n&#8211; Transfer\u00eancia banc\u00e1ria (solicitamos o envio do comprovativo de transfer\u00eancia por email para podermos associar o movimento \u00e0 sua reserva)<\/p>\n<ul>\n<li>Nome: Verde \u00c1gua (Joana Gouveia)<\/li>\n<li>IBAN: PT50 0007 0000 00527528002 23<\/li>\n<li>BIC\/SWIFT: BESCPTPL<\/li>\n<\/ul>\n<p><strong>Nota:<\/strong><br \/>\nO pagamento e o envio do respetivo comprovativo dever\u00e3o ser efetuados at\u00e9 24 horas ap\u00f3s a confirma\u00e7\u00e3o de reserva, sob pena de ser automaticamente anulada.<br \/>\nInforme-nos acerca dos dados de fatura\u00e7\u00e3o desejados aquando do pagamento total.<br \/>\nTodas as despesas e consumos extra durante a estadia (n\u00e3o contemplados na reserva) dever\u00e3o ser pagos no check-out, em numer\u00e1rio. N\u00e3o obstante, como garantia do seu pagamento, ser\u00e1 necess\u00e1ria a ced\u00eancia dos dados do cart\u00e3o de cr\u00e9dito no check-in ou entrega de cau\u00e7\u00e3o no valor de 100 euros, em numer\u00e1rio.<\/p>\n<p><strong>Pol\u00edtica de Cancelamento da reserva:<\/strong><\/p>\n<p>Cancelamentos at\u00e9 30 dias antes do check-in: cobran\u00e7a de 1 noite.<br \/>\nCancelamentos entre 30 e 7 dias antes do check-in: 50% do valor total da reserva.<br \/>\nCancelamentos tardios, n\u00e3o compar\u00eancia ou sa\u00edda antecipada, resultam na perda do valor total da reserva.<br \/>\nO pedido de cancelamento dever\u00e1 ser enviado atrav\u00e9s de correio eletr\u00f3nico para: geral@verdeaguanatureza.com<\/p>\n<p><strong>Pol\u00edticas de funcionamento<\/strong><\/p>\n<p>1 \u2013 Check-in \/ Check-out<br \/>\nIntervalo de check-in: entre as 16.00 e as 20.00H<br \/>\nIntervalo de check-out: entre as 9.00 e as 11.00H<\/p>\n<p>Caso n\u00e3o seja poss\u00edvel dentro dos hor\u00e1rios pr\u00e9-estabelecidos agradecemos nos informem no email de reserva para encontrarmos a melhor solu\u00e7\u00e3o.<\/p>\n<p><strong>2 \u2013 Pertences dos h\u00f3spedes<\/strong><\/p>\n<p>Solicitamos que os h\u00f3spedes fechem a porta dos seus quartos \u00e0 chave, sempre que se ausentarem ou quando forem descansar, sendo estes os \u00fanicos respons\u00e1veis pela perda ou estrago dos seus pertences ou de qualquer outro objeto propriedade do alojamento que esteja no seu quarto.<\/p>\n<p><strong>3 \u2013 Fumar<\/strong><\/p>\n<p>\u00c9 proibido fumar em todos os espa\u00e7os fechados da Verde \u00c1gua.<br \/>\n\u00c9 permitido fumar nas \u00e1reas exteriores devidamente assinaladas em que existem cinzeiros. Pedimos que respeitem a natureza e que n\u00e3o deitem os cigarros para o ch\u00e3o!<\/p>\n<p><strong>4 \u2013 Animais de estima\u00e7\u00e3o<\/strong><\/p>\n<p>Na Verde \u00c1gua vivem muitos animais, de v\u00e1rias esp\u00e9cies, alguns domesticados, como os c\u00e3es, as ovelhas, o cavalo e as galinhas e outros selvagens, como a raposa, a gineta, o porco-espinho, entre outros e a conviv\u00eancia de todos eles, com a liberdade que lhes \u00e9 permitida dentro deste ecossistema \u00e9-nos muito importante e pode ser desequilibrada pela presen\u00e7a cont\u00ednua de animais n\u00e3o residentes. Por este motivo e esperando a vossa compreens\u00e3o n\u00e3o aceitamos animais de estima\u00e7\u00e3o.<\/p>\n<p><strong>5 \u2013 Animais do campo e espa\u00e7os agr\u00edcolas<\/strong><\/p>\n<p>A Verde \u00c1gua \u00e9 uma quinta de produ\u00e7\u00e3o agr\u00edcola e pecu\u00e1ria, com espa\u00e7os delineados e vedados, pelo que solicitamos o seguinte:<\/p>\n<p>N\u00e3o entrar nos espa\u00e7os vedados onde se encontram os animais, para assim evitar a sua fuga e preservar a seguran\u00e7a f\u00edsica dos h\u00f3spedes;<br \/>\nSempre que entrarem nos espa\u00e7os agr\u00edcolas com port\u00e3o, nomeadamente, horta, morangal e espargueira, solicitamos que fechem o mesmo para que os animais n\u00e3o entrem e estraguem as culturas.<\/p>\n<p><strong>6 \u2013 Animais selvagens \u2013 Proteja-se e proteja-os<\/strong><\/p>\n<p>A quinta possui cerca de 5ha de floresta na margem do rio Douro; esta \u00e1rea n\u00e3o est\u00e1 vedada para permitir que os animais selvagens, como as raposas, javalis, ginetas, entre outros, circulem livremente pela mancha florestal na margem do rio, contribuindo para o equil\u00edbrio do ecossistema.<br \/>\nA circula\u00e7\u00e3o pelos trilhos da floresta dever\u00e1 ocorrer durante o dia. A maioria dos animais selvagens s\u00e3o noct\u00edvagos, pelo que desaconselhamos a circula\u00e7\u00e3o nos trilhos no per\u00edodo nocturno.<br \/>\nAnimais como o ouri\u00e7o-cacheiro e o sapo, que nos ajudam no controlo de pragas, passeiam pelo espa\u00e7o agr\u00edcola, particularmente durante a noite, pelo que solicitamos que ao entrar e sair da quinta com o carro circulem devagar e com especial aten\u00e7\u00e3o \u00e0 estrada.<\/p>\n<p>N\u00e3o hesite em contactar-nos\u2026<\/p>\n<p>\u00c9 muito importante acertarmos todos os pormenores antes da sua chegada pois desejamos que a sua estada seja memor\u00e1vel.<br \/>\nPara qualquer informa\u00e7\u00e3o sobre outras atividades ou pedidos especiais, por favor contactar atrav\u00e9s do e-mail: <a href=\"mailto:geral@verdeaguanatureza.com\">geral@verdeaguanatureza.com<\/a><\/p>\n<p>Estes termos e condi\u00e7\u00f5es s\u00e3o automaticamente aceites uma vez efetuada a reserva.<\/p>\n<p>Reservamo-nos ao direito de alterar estes termos e condi\u00e7\u00f5es a qualquer momento.<\/p>\n","protected":false},"excerpt":{"rendered":"<p>Condi\u00e7\u00f5es de Reserva para Crian\u00e7as: As crian\u00e7as est\u00e3o sujeitas ao pagamento de uma taxa por noite, que poder\u00e1 variar consoante a idade da crian\u00e7a ou o tipo de cama selecionado. As crian\u00e7as com mais de 12 anos pagam a tarifa de adulto. O valor exato ser\u00e1 confirmado no momento da reserva. Pol\u00edtica de confirma\u00e7\u00e3o de [&hellip;]<\/p>\n","protected":false},"author":1,"featured_media":0,"parent":0,"menu_order":0,"comment_status":"closed","ping_status":"closed","template":"","meta":{"footnotes":""},"class_list":["post-1757","page","type-page","status-publish","hentry"],"yoast_head":"<!-- This site is optimized with the Yoast SEO plugin v27.5 - https:\/\/yoast.com\/product\/yoast-seo-wordpress\/ -->\n<title>Termos e Condi\u00e7\u00f5es - Verde \u00c1gua Natureza<\/title>\n<meta name=\"robots\" content=\"index, follow, max-snippet:-1, max-image-preview:large, max-video-preview:-1\" \/>\n<link rel=\"canonical\" href=\"https:\/\/verdeaguanatureza.com\/pt-pt\/termos-e-condicoes\/\" \/>\n<meta property=\"og:locale\" content=\"pt_PT\" \/>\n<meta property=\"og:type\" content=\"article\" \/>\n<meta property=\"og:title\" content=\"Termos e Condi\u00e7\u00f5es - Verde \u00c1gua Natureza\" \/>\n<meta property=\"og:description\" content=\"Condi\u00e7\u00f5es de Reserva para Crian\u00e7as: As crian\u00e7as est\u00e3o sujeitas ao pagamento de uma taxa por noite, que poder\u00e1 variar consoante a idade da crian\u00e7a ou o tipo de cama selecionado. As crian\u00e7as com mais de 12 anos pagam a tarifa de adulto. O valor exato ser\u00e1 confirmado no momento da reserva. Pol\u00edtica de confirma\u00e7\u00e3o de [&hellip;]\" \/>\n<meta property=\"og:url\" content=\"https:\/\/verdeaguanatureza.com\/pt-pt\/termos-e-condicoes\/\" \/>\n<meta property=\"og:site_name\" content=\"Verde \u00c1gua Natureza\" \/>\n<meta property=\"article:publisher\" content=\"https:\/\/www.facebook.com\/verdeaguanatureza-112147207229298\" \/>\n<meta property=\"article:modified_time\" content=\"2026-03-20T12:12:33+00:00\" \/>\n<meta name=\"twitter:card\" content=\"summary_large_image\" \/>\n<meta name=\"twitter:label1\" content=\"Tempo estimado de leitura\" \/>\n\t<meta name=\"twitter:data1\" content=\"4 minutos\" \/>\n<script type=\"application\/ld+json\" class=\"yoast-schema-graph\">{\"@context\":\"https:\\\/\\\/schema.org\",\"@graph\":[{\"@type\":\"WebPage\",\"@id\":\"https:\\\/\\\/verdeaguanatureza.com\\\/pt-pt\\\/termos-e-condicoes\\\/\",\"url\":\"https:\\\/\\\/verdeaguanatureza.com\\\/pt-pt\\\/termos-e-condicoes\\\/\",\"name\":\"Termos e Condi\u00e7\u00f5es - Verde \u00c1gua Natureza\",\"isPartOf\":{\"@id\":\"https:\\\/\\\/verdeaguanatureza.com\\\/pt-pt\\\/#website\"},\"datePublished\":\"2021-03-24T12:24:17+00:00\",\"dateModified\":\"2026-03-20T12:12:33+00:00\",\"breadcrumb\":{\"@id\":\"https:\\\/\\\/verdeaguanatureza.com\\\/pt-pt\\\/termos-e-condicoes\\\/#breadcrumb\"},\"inLanguage\":\"pt-PT\",\"potentialAction\":[{\"@type\":\"ReadAction\",\"target\":[\"https:\\\/\\\/verdeaguanatureza.com\\\/pt-pt\\\/termos-e-condicoes\\\/\"]}]},{\"@type\":\"BreadcrumbList\",\"@id\":\"https:\\\/\\\/verdeaguanatureza.com\\\/pt-pt\\\/termos-e-condicoes\\\/#breadcrumb\",\"itemListElement\":[{\"@type\":\"ListItem\",\"position\":1,\"name\":\"Home\",\"item\":\"https:\\\/\\\/verdeaguanatureza.com\\\/pt-pt\\\/\"},{\"@type\":\"ListItem\",\"position\":2,\"name\":\"Termos e Condi\u00e7\u00f5es\"}]},{\"@type\":\"WebSite\",\"@id\":\"https:\\\/\\\/verdeaguanatureza.com\\\/pt-pt\\\/#website\",\"url\":\"https:\\\/\\\/verdeaguanatureza.com\\\/pt-pt\\\/\",\"name\":\"Verde \u00c1gua\",\"description\":\"Agricultura Biol\u00f3gica | Agroturismo\",\"publisher\":{\"@id\":\"https:\\\/\\\/verdeaguanatureza.com\\\/pt-pt\\\/#organization\"},\"potentialAction\":[{\"@type\":\"SearchAction\",\"target\":{\"@type\":\"EntryPoint\",\"urlTemplate\":\"https:\\\/\\\/verdeaguanatureza.com\\\/pt-pt\\\/?s={search_term_string}\"},\"query-input\":{\"@type\":\"PropertyValueSpecification\",\"valueRequired\":true,\"valueName\":\"search_term_string\"}}],\"inLanguage\":\"pt-PT\"},{\"@type\":\"Organization\",\"@id\":\"https:\\\/\\\/verdeaguanatureza.com\\\/pt-pt\\\/#organization\",\"name\":\"Verde \u00c1gua Natureza\",\"url\":\"https:\\\/\\\/verdeaguanatureza.com\\\/pt-pt\\\/\",\"logo\":{\"@type\":\"ImageObject\",\"inLanguage\":\"pt-PT\",\"@id\":\"https:\\\/\\\/verdeaguanatureza.com\\\/pt-pt\\\/#\\\/schema\\\/logo\\\/image\\\/\",\"url\":\"https:\\\/\\\/verdeaguanatureza.com\\\/wp-content\\\/uploads\\\/2021\\\/01\\\/verde-agua-logo.svg\",\"contentUrl\":\"https:\\\/\\\/verdeaguanatureza.com\\\/wp-content\\\/uploads\\\/2021\\\/01\\\/verde-agua-logo.svg\",\"width\":1,\"height\":1,\"caption\":\"Verde \u00c1gua Natureza\"},\"image\":{\"@id\":\"https:\\\/\\\/verdeaguanatureza.com\\\/pt-pt\\\/#\\\/schema\\\/logo\\\/image\\\/\"},\"sameAs\":[\"https:\\\/\\\/www.facebook.com\\\/verdeaguanatureza-112147207229298\",\"https:\\\/\\\/www.instagram.com\\\/verdeaguanatureza\\\/\"]}]}<\/script>\n<!-- \/ Yoast SEO plugin. -->","yoast_head_json":{"title":"Termos e Condi\u00e7\u00f5es - Verde \u00c1gua Natureza","robots":{"index":"index","follow":"follow","max-snippet":"max-snippet:-1","max-image-preview":"max-image-preview:large","max-video-preview":"max-video-preview:-1"},"canonical":"https:\/\/verdeaguanatureza.com\/pt-pt\/termos-e-condicoes\/","og_locale":"pt_PT","og_type":"article","og_title":"Termos e Condi\u00e7\u00f5es - Verde \u00c1gua Natureza","og_description":"Condi\u00e7\u00f5es de Reserva para Crian\u00e7as: As crian\u00e7as est\u00e3o sujeitas ao pagamento de uma taxa por noite, que poder\u00e1 variar consoante a idade da crian\u00e7a ou o tipo de cama selecionado. As crian\u00e7as com mais de 12 anos pagam a tarifa de adulto. O valor exato ser\u00e1 confirmado no momento da reserva. Pol\u00edtica de confirma\u00e7\u00e3o de [&hellip;]","og_url":"https:\/\/verdeaguanatureza.com\/pt-pt\/termos-e-condicoes\/","og_site_name":"Verde \u00c1gua Natureza","article_publisher":"https:\/\/www.facebook.com\/verdeaguanatureza-112147207229298","article_modified_time":"2026-03-20T12:12:33+00:00","twitter_card":"summary_large_image","twitter_misc":{"Tempo estimado de leitura":"4 minutos"},"schema":{"@context":"https:\/\/schema.org","@graph":[{"@type":"WebPage","@id":"https:\/\/verdeaguanatureza.com\/pt-pt\/termos-e-condicoes\/","url":"https:\/\/verdeaguanatureza.com\/pt-pt\/termos-e-condicoes\/","name":"Termos e Condi\u00e7\u00f5es - Verde \u00c1gua Natureza","isPartOf":{"@id":"https:\/\/verdeaguanatureza.com\/pt-pt\/#website"},"datePublished":"2021-03-24T12:24:17+00:00","dateModified":"2026-03-20T12:12:33+00:00","breadcrumb":{"@id":"https:\/\/verdeaguanatureza.com\/pt-pt\/termos-e-condicoes\/#breadcrumb"},"inLanguage":"pt-PT","potentialAction":[{"@type":"ReadAction","target":["https:\/\/verdeaguanatureza.com\/pt-pt\/termos-e-condicoes\/"]}]},{"@type":"BreadcrumbList","@id":"https:\/\/verdeaguanatureza.com\/pt-pt\/termos-e-condicoes\/#breadcrumb","itemListElement":[{"@type":"ListItem","position":1,"name":"Home","item":"https:\/\/verdeaguanatureza.com\/pt-pt\/"},{"@type":"ListItem","position":2,"name":"Termos e Condi\u00e7\u00f5es"}]},{"@type":"WebSite","@id":"https:\/\/verdeaguanatureza.com\/pt-pt\/#website","url":"https:\/\/verdeaguanatureza.com\/pt-pt\/","name":"Verde \u00c1gua","description":"Agricultura Biol\u00f3gica | Agroturismo","publisher":{"@id":"https:\/\/verdeaguanatureza.com\/pt-pt\/#organization"},"potentialAction":[{"@type":"SearchAction","target":{"@type":"EntryPoint","urlTemplate":"https:\/\/verdeaguanatureza.com\/pt-pt\/?s={search_term_string}"},"query-input":{"@type":"PropertyValueSpecification","valueRequired":true,"valueName":"search_term_string"}}],"inLanguage":"pt-PT"},{"@type":"Organization","@id":"https:\/\/verdeaguanatureza.com\/pt-pt\/#organization","name":"Verde \u00c1gua Natureza","url":"https:\/\/verdeaguanatureza.com\/pt-pt\/","logo":{"@type":"ImageObject","inLanguage":"pt-PT","@id":"https:\/\/verdeaguanatureza.com\/pt-pt\/#\/schema\/logo\/image\/","url":"https:\/\/verdeaguanatureza.com\/wp-content\/uploads\/2021\/01\/verde-agua-logo.svg","contentUrl":"https:\/\/verdeaguanatureza.com\/wp-content\/uploads\/2021\/01\/verde-agua-logo.svg","width":1,"height":1,"caption":"Verde \u00c1gua Natureza"},"image":{"@id":"https:\/\/verdeaguanatureza.com\/pt-pt\/#\/schema\/logo\/image\/"},"sameAs":["https:\/\/www.facebook.com\/verdeaguanatureza-112147207229298","https:\/\/www.instagram.com\/verdeaguanatureza\/"]}]}},"_links":{"self":[{"href":"https:\/\/verdeaguanatureza.com\/pt-pt\/wp-json\/wp\/v2\/pages\/1757","targetHints":{"allow":["GET"]}}],"collection":[{"href":"https:\/\/verdeaguanatureza.com\/pt-pt\/wp-json\/wp\/v2\/pages"}],"about":[{"href":"https:\/\/verdeaguanatureza.com\/pt-pt\/wp-json\/wp\/v2\/types\/page"}],"author":[{"embeddable":true,"href":"https:\/\/verdeaguanatureza.com\/pt-pt\/wp-json\/wp\/v2\/users\/1"}],"replies":[{"embeddable":true,"href":"https:\/\/verdeaguanatureza.com\/pt-pt\/wp-json\/wp\/v2\/comments?post=1757"}],"version-history":[{"count":12,"href":"https:\/\/verdeaguanatureza.com\/pt-pt\/wp-json\/wp\/v2\/pages\/1757\/revisions"}],"predecessor-version":[{"id":2705,"href":"https:\/\/verdeaguanatureza.com\/pt-pt\/wp-json\/wp\/v2\/pages\/1757\/revisions\/2705"}],"wp:attachment":[{"href":"https:\/\/verdeaguanatureza.com\/pt-pt\/wp-json\/wp\/v2\/media?parent=1757"}],"curies":[{"name":"wp","href":"https:\/\/api.w.org\/{rel}","templated":true}]}}