{"id":1759,"date":"2021-03-24T12:24:49","date_gmt":"2021-03-24T12:24:49","guid":{"rendered":"http:\/\/miligram20.miligram.pt\/politica-de-cookies\/"},"modified":"2021-03-24T12:57:53","modified_gmt":"2021-03-24T12:57:53","slug":"politica-de-cookies","status":"publish","type":"page","link":"https:\/\/verdeaguanatureza.com\/pt-pt\/politica-de-cookies\/","title":{"rendered":"Pol\u00edtica de cookies"},"content":{"rendered":"\t\t<div data-elementor-type=\"wp-page\" data-elementor-id=\"1759\" class=\"elementor elementor-1759 elementor-796\" data-elementor-post-type=\"page\">\n\t\t\t\t\t\t<section class=\"elementor-section elementor-top-section elementor-element elementor-element-6f55c40 elementor-section-boxed elementor-section-height-default elementor-section-height-default\" data-id=\"6f55c40\" data-element_type=\"section\" data-e-type=\"section\">\n\t\t\t\t\t\t<div class=\"elementor-container elementor-column-gap-default\">\n\t\t\t\t\t<div class=\"elementor-column elementor-col-100 elementor-top-column elementor-element elementor-element-32f80aa\" data-id=\"32f80aa\" data-element_type=\"column\" data-e-type=\"column\">\n\t\t\t<div class=\"elementor-widget-wrap elementor-element-populated\">\n\t\t\t\t\t\t<div class=\"elementor-element elementor-element-4533f17f animated-slow elementor-widget__width-auto elementor-invisible elementor-widget elementor-widget-heading\" data-id=\"4533f17f\" data-element_type=\"widget\" data-e-type=\"widget\" data-settings=\"{&quot;_animation&quot;:&quot;fadeIn&quot;}\" data-widget_type=\"heading.default\">\n\t\t\t\t<div class=\"elementor-widget-container\">\n\t\t\t\t\t<h2 class=\"elementor-heading-title elementor-size-xxl\">Pol\u00edtica de cookies<\/h2>\t\t\t\t<\/div>\n\t\t\t\t<\/div>\n\t\t\t\t<div class=\"elementor-element elementor-element-9d91a59 elementor-widget elementor-widget-text-editor\" data-id=\"9d91a59\" data-element_type=\"widget\" data-e-type=\"widget\" data-widget_type=\"text-editor.default\">\n\t\t\t\t<div class=\"elementor-widget-container\">\n\t\t\t\t\t\t\t\t\t<p class=\"p1\">A VERDE \u00c1GUA utiliza cookies (ou testemunhos de conex\u00e3o) e outras tecnologias de rastreio semelhantes, para o distinguir de outros utilizadores aquando do uso do site. Estas tecnologias ajudam-nos a proporcionar-lhe uma melhor experi\u00eancia sempre que navegue no nosso site.<\/p>\t\t\t\t\t\t\t\t<\/div>\n\t\t\t\t<\/div>\n\t\t\t\t<div class=\"elementor-element elementor-element-4749c84 elementor-widget elementor-widget-text-editor\" data-id=\"4749c84\" data-element_type=\"widget\" data-e-type=\"widget\" data-widget_type=\"text-editor.default\">\n\t\t\t\t<div class=\"elementor-widget-container\">\n\t\t\t\t\t\t\t\t\t<p><strong>Cookies &#8211; O que s\u00e3o?<\/strong><\/p><p class=\"p1\">Cookies s\u00e3o pequenos ficheiros de informa\u00e7\u00e3o que s\u00e3o armazenados no seu computador ou dispositivo m\u00f3vel atrav\u00e9s do navegador (browser). Estes ficheiros permitem que durante um certo per\u00edodo de tempo o site se \u00ablembre\u00bb das suas ac\u00e7\u00f5es e prefer\u00eancias, nomeadamente do nome de utilizador, da l\u00edngua escolhida, do tamanho dos caracteres e de outras defini\u00e7\u00f5es de visualiza\u00e7\u00e3o. \u00c9 por isso que quando percorre as p\u00e1ginas de um website ou aplica\u00e7\u00e3o ou regressa a um website ou aplica\u00e7\u00e3o que j\u00e1 visitou n\u00e3o tem, em princ\u00edpio, de voltar a indicar as suas prefer\u00eancias.<\/p>\t\t\t\t\t\t\t\t<\/div>\n\t\t\t\t<\/div>\n\t\t\t\t<div class=\"elementor-element elementor-element-725d597 elementor-widget elementor-widget-text-editor\" data-id=\"725d597\" data-element_type=\"widget\" data-e-type=\"widget\" data-widget_type=\"text-editor.default\">\n\t\t\t\t<div class=\"elementor-widget-container\">\n\t\t\t\t\t\t\t\t\t<strong>Cookies &#8211; Para que servem?<\/strong>\n\n<p class=\"p1\">O cookie identifica o seu programa de navega\u00e7\u00e3o no servidor, possibilitando o armazenamento de informa\u00e7\u00e3o no seu dispositivo. Esta tecnologia serve para finalidades diversas, como ajudar a determinar a utilidade, interesse e o n\u00famero de utiliza\u00e7\u00f5es do nosso site, permitindo ao utilizador uma navega\u00e7\u00e3o mais r\u00e1pida e eficiente, eliminando a necessidade de introduzir repetidamente as mesmas informa\u00e7\u00f5es.<\/p>\t\t\t\t\t\t\t\t<\/div>\n\t\t\t\t<\/div>\n\t\t\t\t<div class=\"elementor-element elementor-element-14694a2 elementor-widget elementor-widget-text-editor\" data-id=\"14694a2\" data-element_type=\"widget\" data-e-type=\"widget\" data-widget_type=\"text-editor.default\">\n\t\t\t\t<div class=\"elementor-widget-container\">\n\t\t\t\t\t\t\t\t\t<strong>Cookies &#8211; Que tipo de cookies existem?<\/strong>\n<p class=\"p1\">Existem diversos tipos de cookies.<\/p>\n<p class=\"p1\">Considerando o per\u00edodo de vida \u00fatil dos cookies, estes podem ser:<\/p>\n\n<ul>\n \t<li class=\"p1\"><strong>Cookies permanentes<\/strong> &#8211; s\u00e3o cookies que ficam armazenados, mesmo ap\u00f3s fechar o browser, nos seus equipamentos de acesso (PC, mobile e tablet) e que s\u00e3o utilizados sempre que faz uma nova visita ao site. S\u00e3o utilizados, geralmente, para direccionar a navega\u00e7\u00e3o aos interesses do utilizador, permitindo-nos prestar um servi\u00e7o mais personalizado.<\/li>\n \t<li class=\"p1\"><strong>Cookies de sess\u00e3o<\/strong> &#8211; s\u00e3o cookies tempor\u00e1rios que permanecem no arquivo de cookies do seu browser at\u00e9 sair do website ou aplica\u00e7\u00e3o. A informa\u00e7\u00e3o obtida por estes cookies serve para analisar padr\u00f5es de tr\u00e1fego na web, permitindo-nos identificar problemas e fornecer uma melhor experi\u00eancia de navega\u00e7\u00e3o.<\/li>\n<\/ul>\n<p class=\"p1\">Considerando, por sua vez, o dom\u00ednio a que pertencem, os cookies podem ser:<\/p>\n\n<ul>\n \t<li class=\"p1\"><strong>Cookies pr\u00f3prios<\/strong> \u2013 s\u00e3o cookies enviados para o equipamento terminal do utilizador a partir de um equipamento ou dom\u00ednio gerido pela VERDE \u00c1GUA e a partir do qual se presta o servi\u00e7o solicitado pelo utilizador.<\/li>\n \t<li class=\"p1\"><strong>Cookies de terceiros<\/strong> \u2013 s\u00e3o cookies enviados para o equipamento terminal do utilizador a partir de um equipamento ou dom\u00ednio que n\u00e3o \u00e9 gerido pela VERDE \u00c1GUA, mas sim por outra entidade que trata os dados recolhidos atrav\u00e9s dos cookies.<\/li>\n<\/ul>\t\t\t\t\t\t\t\t<\/div>\n\t\t\t\t<\/div>\n\t\t\t\t<div class=\"elementor-element elementor-element-6d0e114 elementor-widget elementor-widget-text-editor\" data-id=\"6d0e114\" data-element_type=\"widget\" data-e-type=\"widget\" data-widget_type=\"text-editor.default\">\n\t\t\t\t<div class=\"elementor-widget-container\">\n\t\t\t\t\t\t\t\t\t<p><strong>Cookies \u2013 Como usar?<\/strong><\/p><p class=\"p1\">Atrav\u00e9s da altera\u00e7\u00e3o das defini\u00e7\u00f5es do seu computador ou dispositivo m\u00f3vel, o utilizador dos websites ou aplica\u00e7\u00f5es pode activar ou desactivar a aceita\u00e7\u00e3o de cookies.<\/p><p class=\"p1\">Todos os browsers permitem ao respectivo utilizador aceitar, recusar ou apagar cookies, nomeadamente atrav\u00e9s da selec\u00e7\u00e3o das defini\u00e7\u00f5es apropriadas no respectivo navegador. O utilizador pode, assim, configurar o seu browser para informar sempre que um cookie \u00e9 recebido ou mesmo desactivar a sua aceita\u00e7\u00e3o, no entanto a VERDE \u00c1GUA alerta que isso poder\u00e1 afectar, parcialmente, a utiliza\u00e7\u00e3o de alguma das funcionalidades do Site, n\u00e3o tendo uma navega\u00e7\u00e3o, no nosso website, melhorada e personalizada.<\/p><p class=\"p1\">Se a configura\u00e7\u00e3o de privacidade do seu browser estiver definida como \u201cAlta\u201d, n\u00e3o conseguir\u00e1 aceder a algumas das funcionalidades e poder\u00e1 ser impedido de utilizar em pleno todas as funcionalidades dos nossos websites ou aplica\u00e7\u00f5es. Para solucionar esta quest\u00e3o, adicione o nosso endere\u00e7o de Internet <a href=\"http:\/\/www.verdeaguanatureza.com\"><span class=\"s1\">www.verdeaguanatureza.com<\/span><\/a> \u00e0 lista de websites permitidos nas configura\u00e7\u00f5es de privacidade do seu browser.<\/p><p class=\"p1\">Se estiver a tentar aceder ao nosso site atrav\u00e9s de um computador empresarial e n\u00e3o conseguir, o problema poder\u00e1 estar nas configura\u00e7\u00f5es de seguran\u00e7a corporativa do computador. Recomendamos que entre em contacto com o administrador do sistema.<\/p>\t\t\t\t\t\t\t\t<\/div>\n\t\t\t\t<\/div>\n\t\t\t\t\t<\/div>\n\t\t<\/div>\n\t\t\t\t\t<\/div>\n\t\t<\/section>\n\t\t\t\t<\/div>\n\t\t","protected":false},"excerpt":{"rendered":"<p>A VERDE \u00c1GUA utiliza cookies (ou testemunhos de conex\u00e3o) e outras tecnologias de rastreio semelhantes, para o distinguir de outros utilizadores aquando do uso do site. Estas tecnologias ajudam-nos a proporcionar-lhe uma melhor experi\u00eancia sempre que navegue no nosso site. Cookies &#8211; O que s\u00e3o? Cookies s\u00e3o pequenos ficheiros de informa\u00e7\u00e3o que s\u00e3o armazenados no [&hellip;]<\/p>\n","protected":false},"author":1,"featured_media":0,"parent":0,"menu_order":0,"comment_status":"closed","ping_status":"closed","template":"","meta":{"footnotes":""},"class_list":["post-1759","page","type-page","status-publish","hentry"],"yoast_head":"<!-- This site is optimized with the Yoast SEO plugin v27.5 - https:\/\/yoast.com\/product\/yoast-seo-wordpress\/ -->\n<title>Pol\u00edtica de cookies - Verde \u00c1gua Natureza<\/title>\n<meta name=\"robots\" content=\"index, follow, max-snippet:-1, max-image-preview:large, max-video-preview:-1\" \/>\n<link rel=\"canonical\" href=\"https:\/\/verdeaguanatureza.com\/pt-pt\/politica-de-cookies\/\" \/>\n<meta property=\"og:locale\" content=\"pt_PT\" \/>\n<meta property=\"og:type\" content=\"article\" \/>\n<meta property=\"og:title\" content=\"Pol\u00edtica de cookies - Verde \u00c1gua Natureza\" \/>\n<meta property=\"og:description\" content=\"A VERDE \u00c1GUA utiliza cookies (ou testemunhos de conex\u00e3o) e outras tecnologias de rastreio semelhantes, para o distinguir de outros utilizadores aquando do uso do site. Estas tecnologias ajudam-nos a proporcionar-lhe uma melhor experi\u00eancia sempre que navegue no nosso site. Cookies &#8211; O que s\u00e3o? Cookies s\u00e3o pequenos ficheiros de informa\u00e7\u00e3o que s\u00e3o armazenados no [&hellip;]\" \/>\n<meta property=\"og:url\" content=\"https:\/\/verdeaguanatureza.com\/pt-pt\/politica-de-cookies\/\" \/>\n<meta property=\"og:site_name\" content=\"Verde \u00c1gua Natureza\" \/>\n<meta property=\"article:publisher\" content=\"https:\/\/www.facebook.com\/verdeaguanatureza-112147207229298\" \/>\n<meta property=\"article:modified_time\" content=\"2021-03-24T12:57:53+00:00\" \/>\n<meta name=\"twitter:card\" content=\"summary_large_image\" \/>\n<meta name=\"twitter:label1\" content=\"Tempo estimado de leitura\" \/>\n\t<meta name=\"twitter:data1\" content=\"3 minutos\" \/>\n<script type=\"application\/ld+json\" class=\"yoast-schema-graph\">{\"@context\":\"https:\\\/\\\/schema.org\",\"@graph\":[{\"@type\":\"WebPage\",\"@id\":\"https:\\\/\\\/verdeaguanatureza.com\\\/pt-pt\\\/politica-de-cookies\\\/\",\"url\":\"https:\\\/\\\/verdeaguanatureza.com\\\/pt-pt\\\/politica-de-cookies\\\/\",\"name\":\"Pol\u00edtica de cookies - Verde \u00c1gua Natureza\",\"isPartOf\":{\"@id\":\"https:\\\/\\\/verdeaguanatureza.com\\\/pt-pt\\\/#website\"},\"datePublished\":\"2021-03-24T12:24:49+00:00\",\"dateModified\":\"2021-03-24T12:57:53+00:00\",\"breadcrumb\":{\"@id\":\"https:\\\/\\\/verdeaguanatureza.com\\\/pt-pt\\\/politica-de-cookies\\\/#breadcrumb\"},\"inLanguage\":\"pt-PT\",\"potentialAction\":[{\"@type\":\"ReadAction\",\"target\":[\"https:\\\/\\\/verdeaguanatureza.com\\\/pt-pt\\\/politica-de-cookies\\\/\"]}]},{\"@type\":\"BreadcrumbList\",\"@id\":\"https:\\\/\\\/verdeaguanatureza.com\\\/pt-pt\\\/politica-de-cookies\\\/#breadcrumb\",\"itemListElement\":[{\"@type\":\"ListItem\",\"position\":1,\"name\":\"Home\",\"item\":\"https:\\\/\\\/verdeaguanatureza.com\\\/pt-pt\\\/\"},{\"@type\":\"ListItem\",\"position\":2,\"name\":\"Pol\u00edtica de cookies\"}]},{\"@type\":\"WebSite\",\"@id\":\"https:\\\/\\\/verdeaguanatureza.com\\\/pt-pt\\\/#website\",\"url\":\"https:\\\/\\\/verdeaguanatureza.com\\\/pt-pt\\\/\",\"name\":\"Verde \u00c1gua\",\"description\":\"Agricultura Biol\u00f3gica | Agroturismo\",\"publisher\":{\"@id\":\"https:\\\/\\\/verdeaguanatureza.com\\\/pt-pt\\\/#organization\"},\"potentialAction\":[{\"@type\":\"SearchAction\",\"target\":{\"@type\":\"EntryPoint\",\"urlTemplate\":\"https:\\\/\\\/verdeaguanatureza.com\\\/pt-pt\\\/?s={search_term_string}\"},\"query-input\":{\"@type\":\"PropertyValueSpecification\",\"valueRequired\":true,\"valueName\":\"search_term_string\"}}],\"inLanguage\":\"pt-PT\"},{\"@type\":\"Organization\",\"@id\":\"https:\\\/\\\/verdeaguanatureza.com\\\/pt-pt\\\/#organization\",\"name\":\"Verde \u00c1gua Natureza\",\"url\":\"https:\\\/\\\/verdeaguanatureza.com\\\/pt-pt\\\/\",\"logo\":{\"@type\":\"ImageObject\",\"inLanguage\":\"pt-PT\",\"@id\":\"https:\\\/\\\/verdeaguanatureza.com\\\/pt-pt\\\/#\\\/schema\\\/logo\\\/image\\\/\",\"url\":\"https:\\\/\\\/verdeaguanatureza.com\\\/wp-content\\\/uploads\\\/2021\\\/01\\\/verde-agua-logo.svg\",\"contentUrl\":\"https:\\\/\\\/verdeaguanatureza.com\\\/wp-content\\\/uploads\\\/2021\\\/01\\\/verde-agua-logo.svg\",\"width\":1,\"height\":1,\"caption\":\"Verde \u00c1gua Natureza\"},\"image\":{\"@id\":\"https:\\\/\\\/verdeaguanatureza.com\\\/pt-pt\\\/#\\\/schema\\\/logo\\\/image\\\/\"},\"sameAs\":[\"https:\\\/\\\/www.facebook.com\\\/verdeaguanatureza-112147207229298\",\"https:\\\/\\\/www.instagram.com\\\/verdeaguanatureza\\\/\"]}]}<\/script>\n<!-- \/ Yoast SEO plugin. -->","yoast_head_json":{"title":"Pol\u00edtica de cookies - Verde \u00c1gua Natureza","robots":{"index":"index","follow":"follow","max-snippet":"max-snippet:-1","max-image-preview":"max-image-preview:large","max-video-preview":"max-video-preview:-1"},"canonical":"https:\/\/verdeaguanatureza.com\/pt-pt\/politica-de-cookies\/","og_locale":"pt_PT","og_type":"article","og_title":"Pol\u00edtica de cookies - Verde \u00c1gua Natureza","og_description":"A VERDE \u00c1GUA utiliza cookies (ou testemunhos de conex\u00e3o) e outras tecnologias de rastreio semelhantes, para o distinguir de outros utilizadores aquando do uso do site. Estas tecnologias ajudam-nos a proporcionar-lhe uma melhor experi\u00eancia sempre que navegue no nosso site. Cookies &#8211; O que s\u00e3o? Cookies s\u00e3o pequenos ficheiros de informa\u00e7\u00e3o que s\u00e3o armazenados no [&hellip;]","og_url":"https:\/\/verdeaguanatureza.com\/pt-pt\/politica-de-cookies\/","og_site_name":"Verde \u00c1gua Natureza","article_publisher":"https:\/\/www.facebook.com\/verdeaguanatureza-112147207229298","article_modified_time":"2021-03-24T12:57:53+00:00","twitter_card":"summary_large_image","twitter_misc":{"Tempo estimado de leitura":"3 minutos"},"schema":{"@context":"https:\/\/schema.org","@graph":[{"@type":"WebPage","@id":"https:\/\/verdeaguanatureza.com\/pt-pt\/politica-de-cookies\/","url":"https:\/\/verdeaguanatureza.com\/pt-pt\/politica-de-cookies\/","name":"Pol\u00edtica de cookies - Verde \u00c1gua Natureza","isPartOf":{"@id":"https:\/\/verdeaguanatureza.com\/pt-pt\/#website"},"datePublished":"2021-03-24T12:24:49+00:00","dateModified":"2021-03-24T12:57:53+00:00","breadcrumb":{"@id":"https:\/\/verdeaguanatureza.com\/pt-pt\/politica-de-cookies\/#breadcrumb"},"inLanguage":"pt-PT","potentialAction":[{"@type":"ReadAction","target":["https:\/\/verdeaguanatureza.com\/pt-pt\/politica-de-cookies\/"]}]},{"@type":"BreadcrumbList","@id":"https:\/\/verdeaguanatureza.com\/pt-pt\/politica-de-cookies\/#breadcrumb","itemListElement":[{"@type":"ListItem","position":1,"name":"Home","item":"https:\/\/verdeaguanatureza.com\/pt-pt\/"},{"@type":"ListItem","position":2,"name":"Pol\u00edtica de cookies"}]},{"@type":"WebSite","@id":"https:\/\/verdeaguanatureza.com\/pt-pt\/#website","url":"https:\/\/verdeaguanatureza.com\/pt-pt\/","name":"Verde \u00c1gua","description":"Agricultura Biol\u00f3gica | Agroturismo","publisher":{"@id":"https:\/\/verdeaguanatureza.com\/pt-pt\/#organization"},"potentialAction":[{"@type":"SearchAction","target":{"@type":"EntryPoint","urlTemplate":"https:\/\/verdeaguanatureza.com\/pt-pt\/?s={search_term_string}"},"query-input":{"@type":"PropertyValueSpecification","valueRequired":true,"valueName":"search_term_string"}}],"inLanguage":"pt-PT"},{"@type":"Organization","@id":"https:\/\/verdeaguanatureza.com\/pt-pt\/#organization","name":"Verde \u00c1gua Natureza","url":"https:\/\/verdeaguanatureza.com\/pt-pt\/","logo":{"@type":"ImageObject","inLanguage":"pt-PT","@id":"https:\/\/verdeaguanatureza.com\/pt-pt\/#\/schema\/logo\/image\/","url":"https:\/\/verdeaguanatureza.com\/wp-content\/uploads\/2021\/01\/verde-agua-logo.svg","contentUrl":"https:\/\/verdeaguanatureza.com\/wp-content\/uploads\/2021\/01\/verde-agua-logo.svg","width":1,"height":1,"caption":"Verde \u00c1gua Natureza"},"image":{"@id":"https:\/\/verdeaguanatureza.com\/pt-pt\/#\/schema\/logo\/image\/"},"sameAs":["https:\/\/www.facebook.com\/verdeaguanatureza-112147207229298","https:\/\/www.instagram.com\/verdeaguanatureza\/"]}]}},"_links":{"self":[{"href":"https:\/\/verdeaguanatureza.com\/pt-pt\/wp-json\/wp\/v2\/pages\/1759","targetHints":{"allow":["GET"]}}],"collection":[{"href":"https:\/\/verdeaguanatureza.com\/pt-pt\/wp-json\/wp\/v2\/pages"}],"about":[{"href":"https:\/\/verdeaguanatureza.com\/pt-pt\/wp-json\/wp\/v2\/types\/page"}],"author":[{"embeddable":true,"href":"https:\/\/verdeaguanatureza.com\/pt-pt\/wp-json\/wp\/v2\/users\/1"}],"replies":[{"embeddable":true,"href":"https:\/\/verdeaguanatureza.com\/pt-pt\/wp-json\/wp\/v2\/comments?post=1759"}],"version-history":[{"count":7,"href":"https:\/\/verdeaguanatureza.com\/pt-pt\/wp-json\/wp\/v2\/pages\/1759\/revisions"}],"predecessor-version":[{"id":1779,"href":"https:\/\/verdeaguanatureza.com\/pt-pt\/wp-json\/wp\/v2\/pages\/1759\/revisions\/1779"}],"wp:attachment":[{"href":"https:\/\/verdeaguanatureza.com\/pt-pt\/wp-json\/wp\/v2\/media?parent=1759"}],"curies":[{"name":"wp","href":"https:\/\/api.w.org\/{rel}","templated":true}]}}