{"id":2569,"date":"2026-02-25T15:15:46","date_gmt":"2026-02-25T15:15:46","guid":{"rendered":"https:\/\/verdeaguanatureza.com\/alojamento\/funcionamento\/"},"modified":"2026-03-25T17:02:48","modified_gmt":"2026-03-25T17:02:48","slug":"funcionamento","status":"publish","type":"page","link":"https:\/\/verdeaguanatureza.com\/pt-pt\/alojamento\/funcionamento\/","title":{"rendered":"Funcionamento"},"content":{"rendered":"\t\t<div data-elementor-type=\"wp-page\" data-elementor-id=\"2569\" class=\"elementor elementor-2569 elementor-2557\" data-elementor-post-type=\"page\">\n\t\t\t\t\t\t<section class=\"elementor-section elementor-top-section elementor-element elementor-element-e1f410a elementor-section-full_width elementor-section-height-min-height elementor-section-height-default elementor-section-items-middle\" data-id=\"e1f410a\" data-element_type=\"section\" data-e-type=\"section\" data-settings=\"{&quot;background_background&quot;:&quot;slideshow&quot;,&quot;background_slideshow_gallery&quot;:[{&quot;id&quot;:901,&quot;url&quot;:&quot;https:\\\/\\\/verdeaguanatureza.com\\\/wp-content\\\/uploads\\\/2021\\\/02\\\/eira-room-06.jpg&quot;},{&quot;id&quot;:911,&quot;url&quot;:&quot;https:\\\/\\\/verdeaguanatureza.com\\\/wp-content\\\/uploads\\\/2021\\\/02\\\/prado-room-04.jpg&quot;},{&quot;id&quot;:893,&quot;url&quot;:&quot;https:\\\/\\\/verdeaguanatureza.com\\\/wp-content\\\/uploads\\\/2021\\\/02\\\/eira-room-02.jpg&quot;}],&quot;background_slideshow_loop&quot;:&quot;yes&quot;,&quot;background_slideshow_slide_duration&quot;:5000,&quot;background_slideshow_slide_transition&quot;:&quot;fade&quot;,&quot;background_slideshow_transition_duration&quot;:500}\">\n\t\t\t\t\t\t<div class=\"elementor-container elementor-column-gap-no\">\n\t\t\t\t\t<div class=\"elementor-column elementor-col-100 elementor-top-column elementor-element elementor-element-7486856\" data-id=\"7486856\" data-element_type=\"column\" data-e-type=\"column\">\n\t\t\t<div class=\"elementor-widget-wrap\">\n\t\t\t\t\t\t\t<\/div>\n\t\t<\/div>\n\t\t\t\t\t<\/div>\n\t\t<\/section>\n\t\t\t\t<section class=\"elementor-section elementor-top-section elementor-element elementor-element-97643a6 elementor-section-full_width elementor-section-height-default elementor-section-height-default\" data-id=\"97643a6\" data-element_type=\"section\" data-e-type=\"section\">\n\t\t\t\t\t\t<div class=\"elementor-container elementor-column-gap-no\">\n\t\t\t\t\t<div class=\"elementor-column elementor-col-100 elementor-top-column elementor-element elementor-element-6f4a43a\" data-id=\"6f4a43a\" data-element_type=\"column\" data-e-type=\"column\">\n\t\t\t<div class=\"elementor-widget-wrap elementor-element-populated\">\n\t\t\t\t\t\t<div class=\"elementor-element elementor-element-c1f81de elementor-widget__width-auto animated elementor-widget elementor-widget-heading\" data-id=\"c1f81de\" data-element_type=\"widget\" data-e-type=\"widget\" data-widget_type=\"heading.default\">\n\t\t\t\t<div class=\"elementor-widget-container\">\n\t\t\t\t\t<h2 class=\"elementor-heading-title elementor-size-xxl\">Funcionamento<\/h2>\t\t\t\t<\/div>\n\t\t\t\t<\/div>\n\t\t\t\t<section class=\"elementor-section elementor-inner-section elementor-element elementor-element-64c1e1d elementor-section-boxed elementor-section-height-default elementor-section-height-default\" data-id=\"64c1e1d\" data-element_type=\"section\" data-e-type=\"section\">\n\t\t\t\t\t\t<div class=\"elementor-container elementor-column-gap-no\">\n\t\t\t\t\t<div class=\"elementor-column elementor-col-50 elementor-inner-column elementor-element elementor-element-2c374ee\" data-id=\"2c374ee\" data-element_type=\"column\" data-e-type=\"column\">\n\t\t\t<div class=\"elementor-widget-wrap elementor-element-populated\">\n\t\t\t\t\t\t<div class=\"elementor-element elementor-element-c6c9960 elementor-widget elementor-widget-image\" data-id=\"c6c9960\" data-element_type=\"widget\" data-e-type=\"widget\" data-widget_type=\"image.default\">\n\t\t\t\t<div class=\"elementor-widget-container\">\n\t\t\t\t\t\t\t\t\t\t\t\t\t\t\t<img fetchpriority=\"high\" decoding=\"async\" width=\"683\" height=\"1024\" src=\"https:\/\/verdeaguanatureza.com\/wp-content\/uploads\/2021\/02\/palheiro-room-02-683x1024.jpg\" class=\"attachment-large size-large wp-image-939\" alt=\"\" srcset=\"https:\/\/verdeaguanatureza.com\/wp-content\/uploads\/2021\/02\/palheiro-room-02-683x1024.jpg 683w, https:\/\/verdeaguanatureza.com\/wp-content\/uploads\/2021\/02\/palheiro-room-02-200x300.jpg 200w, https:\/\/verdeaguanatureza.com\/wp-content\/uploads\/2021\/02\/palheiro-room-02-768x1152.jpg 768w, https:\/\/verdeaguanatureza.com\/wp-content\/uploads\/2021\/02\/palheiro-room-02.jpg 1000w\" sizes=\"(max-width: 683px) 100vw, 683px\" \/>\t\t\t\t\t\t\t\t\t\t\t\t\t\t\t<\/div>\n\t\t\t\t<\/div>\n\t\t\t\t\t<\/div>\n\t\t<\/div>\n\t\t\t\t<div class=\"elementor-column elementor-col-50 elementor-inner-column elementor-element elementor-element-d0a9bcb\" data-id=\"d0a9bcb\" data-element_type=\"column\" data-e-type=\"column\">\n\t\t\t<div class=\"elementor-widget-wrap elementor-element-populated\">\n\t\t\t\t\t\t<div class=\"elementor-element elementor-element-a422dac elementor-widget elementor-widget-text-editor\" data-id=\"a422dac\" data-element_type=\"widget\" data-e-type=\"widget\" data-widget_type=\"text-editor.default\">\n\t\t\t\t<div class=\"elementor-widget-container\">\n\t\t\t\t\t\t\t\t\t<p>Estamos abertos da semana anterior \u00e0 Pascoa (mar\u00e7o\/abril) at\u00e9 final de outubro.<\/p>\n<p>Disponibilizamos duas modalidades de aluguer.<\/p>\n<p><strong>Casa completa<\/strong>, acolhemos at\u00e9 12 adultos e 5 crian\u00e7as.<br \/>A casa \u00e9 composta por tr\u00eas edif\u00edcios em torno de um p\u00e1tio central onde est\u00e1 o forno a lenha:<\/p>\n<ul>\n<li>um edif\u00edcio principal com sala e cozinha em open space, 3 quartos e 3 casas de banho;<\/li>\n<li>um segundo edif\u00edcio com 3 quartos, todos com casa de banho privativa;<\/li>\n<li>e um terceiro edif\u00edcio com cozinha e sala em open space<br \/>\nNo exterior, cri\u00e1mos uma agrad\u00e1vel zona de refei\u00e7\u00f5es, com churrasqueira, perfeita para momentos de conv\u00edvio.<\/li>\n<\/ul>\n<p>No exterior, cri\u00e1mos uma agrad\u00e1vel zona de refei\u00e7\u00f5es, com churrasqueira, perfeita para momentos de conv\u00edvio.<\/p>\n\t\t\t\t\t\t\t\t<\/div>\n\t\t\t\t<\/div>\n\t\t\t\t\t<\/div>\n\t\t<\/div>\n\t\t\t\t\t<\/div>\n\t\t<\/section>\n\t\t\t\t<section class=\"elementor-section elementor-inner-section elementor-element elementor-element-6b91ce3 elementor-reverse-mobile elementor-section-boxed elementor-section-height-default elementor-section-height-default\" data-id=\"6b91ce3\" data-element_type=\"section\" data-e-type=\"section\">\n\t\t\t\t\t\t<div class=\"elementor-container elementor-column-gap-no\">\n\t\t\t\t\t<div class=\"elementor-column elementor-col-50 elementor-inner-column elementor-element elementor-element-c5e73a0\" data-id=\"c5e73a0\" data-element_type=\"column\" data-e-type=\"column\">\n\t\t\t<div class=\"elementor-widget-wrap elementor-element-populated\">\n\t\t\t\t\t\t<div class=\"elementor-element elementor-element-8bb6e56 elementor-widget elementor-widget-text-editor\" data-id=\"8bb6e56\" data-element_type=\"widget\" data-e-type=\"widget\" data-widget_type=\"text-editor.default\">\n\t\t\t\t<div class=\"elementor-widget-container\">\n\t\t\t\t\t\t\t\t\t<p>Na \u00e9poca baixa, disponibilizamos o <strong>aluguer parcial<\/strong>, limitado ao edif\u00edcio principal, com capacidade para 6 adultos e 3 crian\u00e7as.<\/p>\n<p>Todos os quartos est\u00e3o equipados com ar condicionado, e os h\u00f3spedes t\u00eam acesso a Wi-Fi, piscina, estacionamento privado, roupa de cama e toalhas, champ\u00f4 e gel de banho, secador de cabelo, m\u00e1quina de lavar roupa, assim como cadeira alta e ber\u00e7o (mediante pedido) para beb\u00e9s.<\/p>\n<p>Vivemos numa outra casa dentro da quinta, totalmente independente da \u00e1rea dos h\u00f3spedes. Os nossos c\u00e3es e a nossa gata poder\u00e3o passar para vos cumprimentar \u2014 s\u00e3o muito amistosos e fazem parte do dia a dia da quinta. Como temos muitos animais a viver em liberdade, n\u00e3o permitimos a estadia de outros animais de estima\u00e7\u00e3o.<\/p>\n<p>Para reservas, por favor envie um email para geral@verdeaguanatureza.com<\/p>\n\t\t\t\t\t\t\t\t<\/div>\n\t\t\t\t<\/div>\n\t\t\t\t\t<\/div>\n\t\t<\/div>\n\t\t\t\t<div class=\"elementor-column elementor-col-50 elementor-inner-column elementor-element elementor-element-03a8908\" data-id=\"03a8908\" data-element_type=\"column\" data-e-type=\"column\">\n\t\t\t<div class=\"elementor-widget-wrap elementor-element-populated\">\n\t\t\t\t\t\t<div class=\"elementor-element elementor-element-de3ccf3 elementor-widget elementor-widget-image\" data-id=\"de3ccf3\" data-element_type=\"widget\" data-e-type=\"widget\" data-widget_type=\"image.default\">\n\t\t\t\t<div class=\"elementor-widget-container\">\n\t\t\t\t\t\t\t\t\t\t\t\t\t\t\t<img decoding=\"async\" width=\"769\" height=\"1024\" src=\"https:\/\/verdeaguanatureza.com\/wp-content\/uploads\/2024\/01\/1br-769x1024.jpg\" class=\"attachment-large size-large wp-image-2163\" alt=\"Pateo Room\" srcset=\"https:\/\/verdeaguanatureza.com\/wp-content\/uploads\/2024\/01\/1br-769x1024.jpg 769w, https:\/\/verdeaguanatureza.com\/wp-content\/uploads\/2024\/01\/1br-225x300.jpg 225w, https:\/\/verdeaguanatureza.com\/wp-content\/uploads\/2024\/01\/1br-768x1022.jpg 768w, https:\/\/verdeaguanatureza.com\/wp-content\/uploads\/2024\/01\/1br-1154x1536.jpg 1154w, https:\/\/verdeaguanatureza.com\/wp-content\/uploads\/2024\/01\/1br.jpg 1200w\" sizes=\"(max-width: 769px) 100vw, 769px\" \/>\t\t\t\t\t\t\t\t\t\t\t\t\t\t\t<\/div>\n\t\t\t\t<\/div>\n\t\t\t\t\t<\/div>\n\t\t<\/div>\n\t\t\t\t\t<\/div>\n\t\t<\/section>\n\t\t\t\t\t<\/div>\n\t\t<\/div>\n\t\t\t\t\t<\/div>\n\t\t<\/section>\n\t\t\t\t<section class=\"elementor-section elementor-top-section elementor-element elementor-element-8ba4416 elementor-section-boxed elementor-section-height-default elementor-section-height-default\" data-id=\"8ba4416\" data-element_type=\"section\" data-e-type=\"section\">\n\t\t\t\t\t\t<div class=\"elementor-container elementor-column-gap-default\">\n\t\t\t\t\t<div class=\"elementor-column elementor-col-100 elementor-top-column elementor-element elementor-element-5742609\" data-id=\"5742609\" data-element_type=\"column\" data-e-type=\"column\">\n\t\t\t<div class=\"elementor-widget-wrap elementor-element-populated\">\n\t\t\t\t\t\t<div class=\"elementor-element elementor-element-45a612e elementor-widget__width-auto animated elementor-widget elementor-widget-heading\" data-id=\"45a612e\" data-element_type=\"widget\" data-e-type=\"widget\" data-widget_type=\"heading.default\">\n\t\t\t\t<div class=\"elementor-widget-container\">\n\t\t\t\t\t<h2 class=\"elementor-heading-title elementor-size-xxl\">Explore <span>the farm<\/span><\/h2>\t\t\t\t<\/div>\n\t\t\t\t<\/div>\n\t\t\t\t<section class=\"elementor-section elementor-inner-section elementor-element elementor-element-44cb269 elementor-section-boxed elementor-section-height-default elementor-section-height-default\" data-id=\"44cb269\" data-element_type=\"section\" data-e-type=\"section\">\n\t\t\t\t\t\t<div class=\"elementor-container elementor-column-gap-default\">\n\t\t\t\t\t<div class=\"elementor-column elementor-col-50 elementor-inner-column elementor-element elementor-element-aba77f9\" data-id=\"aba77f9\" data-element_type=\"column\" data-e-type=\"column\">\n\t\t\t<div class=\"elementor-widget-wrap elementor-element-populated\">\n\t\t\t\t\t\t<div class=\"elementor-element elementor-element-d290050 elementor-widget elementor-widget-heading\" data-id=\"d290050\" data-element_type=\"widget\" data-e-type=\"widget\" data-widget_type=\"heading.default\">\n\t\t\t\t<div class=\"elementor-widget-container\">\n\t\t\t\t\t<h6 class=\"elementor-heading-title elementor-size-default\">Legend:<\/h6>\t\t\t\t<\/div>\n\t\t\t\t<\/div>\n\t\t\t\t<div class=\"elementor-element elementor-element-e7966c8 elementor-widget elementor-widget-text-editor\" data-id=\"e7966c8\" data-element_type=\"widget\" data-e-type=\"widget\" data-widget_type=\"text-editor.default\">\n\t\t\t\t<div class=\"elementor-widget-container\">\n\t\t\t\t\t\t\t\t\t<ol>\n<li>Parking<\/li>\n<li>House<\/li>\n<li>Cellar<\/li>\n<li>Meal room<\/li>\n<li>Firepit \/ Outdoor cinema<\/li>\n<li>Dry toilet<\/li>\n<li>Hammocks by the stream<\/li>\n<li>Yurt<\/li>\n<li>Natural pond<\/li>\n<li>Bathing tank<\/li>\n<li>Organic garden<\/li>\n<li>Sunset garden<\/li>\n<li>Stable<\/li>\n<li>Chicken coop<\/li>\n<li>Sheep house<\/li>\n<li>Panoramic stone<\/li>\n<li>Forest lounge<\/li>\n<li>Douro river<\/li>\n<li>Branquinha viewpoint<\/li>\n<\/ol>\n\t\t\t\t\t\t\t\t<\/div>\n\t\t\t\t<\/div>\n\t\t\t\t<div class=\"elementor-element elementor-element-bcabded elementor-widget elementor-widget-button\" data-id=\"bcabded\" data-element_type=\"widget\" data-e-type=\"widget\" data-widget_type=\"button.default\">\n\t\t\t\t<div class=\"elementor-widget-container\">\n\t\t\t\t\t\t\t\t\t<div class=\"elementor-button-wrapper\">\n\t\t\t\t\t<a class=\"elementor-button elementor-button-link elementor-size-sm\" href=\"\/wp-content\/uploads\/2021\/02\/mapa_verde_agua.pdf\" target=\"_blank\">\n\t\t\t\t\t\t<span class=\"elementor-button-content-wrapper\">\n\t\t\t\t\t\t\t\t\t<span class=\"elementor-button-text\">Get the map<\/span>\n\t\t\t\t\t<\/span>\n\t\t\t\t\t<\/a>\n\t\t\t\t<\/div>\n\t\t\t\t\t\t\t\t<\/div>\n\t\t\t\t<\/div>\n\t\t\t\t\t<\/div>\n\t\t<\/div>\n\t\t\t\t<div class=\"elementor-column elementor-col-50 elementor-inner-column elementor-element elementor-element-554cf8f\" data-id=\"554cf8f\" data-element_type=\"column\" data-e-type=\"column\">\n\t\t\t<div class=\"elementor-widget-wrap elementor-element-populated\">\n\t\t\t\t\t\t<div class=\"elementor-element elementor-element-e723502 elementor-widget elementor-widget-image\" data-id=\"e723502\" data-element_type=\"widget\" data-e-type=\"widget\" data-widget_type=\"image.default\">\n\t\t\t\t<div class=\"elementor-widget-container\">\n\t\t\t\t\t\t\t\t\t\t\t\t\t\t\t<img decoding=\"async\" width=\"800\" height=\"901\" src=\"https:\/\/verdeaguanatureza.com\/wp-content\/uploads\/2021\/02\/mapa_verde_agua-909x1024.png\" class=\"attachment-large size-large wp-image-979\" alt=\"\" srcset=\"https:\/\/verdeaguanatureza.com\/wp-content\/uploads\/2021\/02\/mapa_verde_agua-909x1024.png 909w, https:\/\/verdeaguanatureza.com\/wp-content\/uploads\/2021\/02\/mapa_verde_agua-266x300.png 266w, https:\/\/verdeaguanatureza.com\/wp-content\/uploads\/2021\/02\/mapa_verde_agua-768x866.png 768w, https:\/\/verdeaguanatureza.com\/wp-content\/uploads\/2021\/02\/mapa_verde_agua.png 1000w\" sizes=\"(max-width: 800px) 100vw, 800px\" \/>\t\t\t\t\t\t\t\t\t\t\t\t\t\t\t<\/div>\n\t\t\t\t<\/div>\n\t\t\t\t\t<\/div>\n\t\t<\/div>\n\t\t\t\t\t<\/div>\n\t\t<\/section>\n\t\t\t\t\t<\/div>\n\t\t<\/div>\n\t\t\t\t\t<\/div>\n\t\t<\/section>\n\t\t\t\t<\/div>\n\t\t","protected":false},"excerpt":{"rendered":"<p>Funcionamento Estamos abertos da semana anterior \u00e0 Pascoa (mar\u00e7o\/abril) at\u00e9 final de outubro. Disponibilizamos duas modalidades de aluguer. Casa completa, acolhemos at\u00e9 12 adultos e 5 crian\u00e7as.A casa \u00e9 composta por tr\u00eas edif\u00edcios em torno de um p\u00e1tio central onde est\u00e1 o forno a lenha: um edif\u00edcio principal com sala e cozinha em open space, [&hellip;]<\/p>\n","protected":false},"author":1,"featured_media":0,"parent":1729,"menu_order":0,"comment_status":"closed","ping_status":"closed","template":"","meta":{"footnotes":""},"class_list":["post-2569","page","type-page","status-publish","hentry"],"yoast_head":"<!-- This site is optimized with the Yoast SEO plugin v27.5 - https:\/\/yoast.com\/product\/yoast-seo-wordpress\/ -->\n<title>Funcionamento - Verde \u00c1gua Natureza<\/title>\n<meta name=\"robots\" content=\"index, follow, max-snippet:-1, max-image-preview:large, max-video-preview:-1\" \/>\n<link rel=\"canonical\" href=\"https:\/\/verdeaguanatureza.com\/pt-pt\/alojamento\/funcionamento\/\" \/>\n<meta property=\"og:locale\" content=\"pt_PT\" \/>\n<meta property=\"og:type\" content=\"article\" \/>\n<meta property=\"og:title\" content=\"Funcionamento - Verde \u00c1gua Natureza\" \/>\n<meta property=\"og:description\" content=\"Funcionamento Estamos abertos da semana anterior \u00e0 Pascoa (mar\u00e7o\/abril) at\u00e9 final de outubro. Disponibilizamos duas modalidades de aluguer. Casa completa, acolhemos at\u00e9 12 adultos e 5 crian\u00e7as.A casa \u00e9 composta por tr\u00eas edif\u00edcios em torno de um p\u00e1tio central onde est\u00e1 o forno a lenha: um edif\u00edcio principal com sala e cozinha em open space, [&hellip;]\" \/>\n<meta property=\"og:url\" content=\"https:\/\/verdeaguanatureza.com\/pt-pt\/alojamento\/funcionamento\/\" \/>\n<meta property=\"og:site_name\" content=\"Verde \u00c1gua Natureza\" \/>\n<meta property=\"article:publisher\" content=\"https:\/\/www.facebook.com\/verdeaguanatureza-112147207229298\" \/>\n<meta property=\"article:modified_time\" content=\"2026-03-25T17:02:48+00:00\" \/>\n<meta property=\"og:image\" content=\"https:\/\/verdeaguanatureza.com\/wp-content\/uploads\/2021\/02\/palheiro-room-02.jpg\" \/>\n\t<meta property=\"og:image:width\" content=\"1000\" \/>\n\t<meta property=\"og:image:height\" content=\"1500\" \/>\n\t<meta property=\"og:image:type\" content=\"image\/jpeg\" \/>\n<meta name=\"twitter:card\" content=\"summary_large_image\" \/>\n<meta name=\"twitter:label1\" content=\"Tempo estimado de leitura\" \/>\n\t<meta name=\"twitter:data1\" content=\"2 minutos\" \/>\n<script type=\"application\/ld+json\" class=\"yoast-schema-graph\">{\"@context\":\"https:\\\/\\\/schema.org\",\"@graph\":[{\"@type\":\"WebPage\",\"@id\":\"https:\\\/\\\/verdeaguanatureza.com\\\/pt-pt\\\/alojamento\\\/funcionamento\\\/\",\"url\":\"https:\\\/\\\/verdeaguanatureza.com\\\/pt-pt\\\/alojamento\\\/funcionamento\\\/\",\"name\":\"Funcionamento - Verde \u00c1gua Natureza\",\"isPartOf\":{\"@id\":\"https:\\\/\\\/verdeaguanatureza.com\\\/pt-pt\\\/#website\"},\"primaryImageOfPage\":{\"@id\":\"https:\\\/\\\/verdeaguanatureza.com\\\/pt-pt\\\/alojamento\\\/funcionamento\\\/#primaryimage\"},\"image\":{\"@id\":\"https:\\\/\\\/verdeaguanatureza.com\\\/pt-pt\\\/alojamento\\\/funcionamento\\\/#primaryimage\"},\"thumbnailUrl\":\"https:\\\/\\\/verdeaguanatureza.com\\\/wp-content\\\/uploads\\\/2021\\\/02\\\/palheiro-room-02-683x1024.jpg\",\"datePublished\":\"2026-02-25T15:15:46+00:00\",\"dateModified\":\"2026-03-25T17:02:48+00:00\",\"breadcrumb\":{\"@id\":\"https:\\\/\\\/verdeaguanatureza.com\\\/pt-pt\\\/alojamento\\\/funcionamento\\\/#breadcrumb\"},\"inLanguage\":\"pt-PT\",\"potentialAction\":[{\"@type\":\"ReadAction\",\"target\":[\"https:\\\/\\\/verdeaguanatureza.com\\\/pt-pt\\\/alojamento\\\/funcionamento\\\/\"]}]},{\"@type\":\"ImageObject\",\"inLanguage\":\"pt-PT\",\"@id\":\"https:\\\/\\\/verdeaguanatureza.com\\\/pt-pt\\\/alojamento\\\/funcionamento\\\/#primaryimage\",\"url\":\"https:\\\/\\\/verdeaguanatureza.com\\\/wp-content\\\/uploads\\\/2021\\\/02\\\/palheiro-room-02-683x1024.jpg\",\"contentUrl\":\"https:\\\/\\\/verdeaguanatureza.com\\\/wp-content\\\/uploads\\\/2021\\\/02\\\/palheiro-room-02-683x1024.jpg\"},{\"@type\":\"BreadcrumbList\",\"@id\":\"https:\\\/\\\/verdeaguanatureza.com\\\/pt-pt\\\/alojamento\\\/funcionamento\\\/#breadcrumb\",\"itemListElement\":[{\"@type\":\"ListItem\",\"position\":1,\"name\":\"Home\",\"item\":\"https:\\\/\\\/verdeaguanatureza.com\\\/pt-pt\\\/\"},{\"@type\":\"ListItem\",\"position\":2,\"name\":\"Alojamento\",\"item\":\"https:\\\/\\\/verdeaguanatureza.com\\\/pt-pt\\\/accomodation\\\/\"},{\"@type\":\"ListItem\",\"position\":3,\"name\":\"Funcionamento\"}]},{\"@type\":\"WebSite\",\"@id\":\"https:\\\/\\\/verdeaguanatureza.com\\\/pt-pt\\\/#website\",\"url\":\"https:\\\/\\\/verdeaguanatureza.com\\\/pt-pt\\\/\",\"name\":\"Verde \u00c1gua\",\"description\":\"Agricultura Biol\u00f3gica | Agroturismo\",\"publisher\":{\"@id\":\"https:\\\/\\\/verdeaguanatureza.com\\\/pt-pt\\\/#organization\"},\"potentialAction\":[{\"@type\":\"SearchAction\",\"target\":{\"@type\":\"EntryPoint\",\"urlTemplate\":\"https:\\\/\\\/verdeaguanatureza.com\\\/pt-pt\\\/?s={search_term_string}\"},\"query-input\":{\"@type\":\"PropertyValueSpecification\",\"valueRequired\":true,\"valueName\":\"search_term_string\"}}],\"inLanguage\":\"pt-PT\"},{\"@type\":\"Organization\",\"@id\":\"https:\\\/\\\/verdeaguanatureza.com\\\/pt-pt\\\/#organization\",\"name\":\"Verde \u00c1gua Natureza\",\"url\":\"https:\\\/\\\/verdeaguanatureza.com\\\/pt-pt\\\/\",\"logo\":{\"@type\":\"ImageObject\",\"inLanguage\":\"pt-PT\",\"@id\":\"https:\\\/\\\/verdeaguanatureza.com\\\/pt-pt\\\/#\\\/schema\\\/logo\\\/image\\\/\",\"url\":\"https:\\\/\\\/verdeaguanatureza.com\\\/wp-content\\\/uploads\\\/2021\\\/01\\\/verde-agua-logo.svg\",\"contentUrl\":\"https:\\\/\\\/verdeaguanatureza.com\\\/wp-content\\\/uploads\\\/2021\\\/01\\\/verde-agua-logo.svg\",\"width\":1,\"height\":1,\"caption\":\"Verde \u00c1gua Natureza\"},\"image\":{\"@id\":\"https:\\\/\\\/verdeaguanatureza.com\\\/pt-pt\\\/#\\\/schema\\\/logo\\\/image\\\/\"},\"sameAs\":[\"https:\\\/\\\/www.facebook.com\\\/verdeaguanatureza-112147207229298\",\"https:\\\/\\\/www.instagram.com\\\/verdeaguanatureza\\\/\"]}]}<\/script>\n<!-- \/ Yoast SEO plugin. -->","yoast_head_json":{"title":"Funcionamento - Verde \u00c1gua Natureza","robots":{"index":"index","follow":"follow","max-snippet":"max-snippet:-1","max-image-preview":"max-image-preview:large","max-video-preview":"max-video-preview:-1"},"canonical":"https:\/\/verdeaguanatureza.com\/pt-pt\/alojamento\/funcionamento\/","og_locale":"pt_PT","og_type":"article","og_title":"Funcionamento - Verde \u00c1gua Natureza","og_description":"Funcionamento Estamos abertos da semana anterior \u00e0 Pascoa (mar\u00e7o\/abril) at\u00e9 final de outubro. Disponibilizamos duas modalidades de aluguer. Casa completa, acolhemos at\u00e9 12 adultos e 5 crian\u00e7as.A casa \u00e9 composta por tr\u00eas edif\u00edcios em torno de um p\u00e1tio central onde est\u00e1 o forno a lenha: um edif\u00edcio principal com sala e cozinha em open space, [&hellip;]","og_url":"https:\/\/verdeaguanatureza.com\/pt-pt\/alojamento\/funcionamento\/","og_site_name":"Verde \u00c1gua Natureza","article_publisher":"https:\/\/www.facebook.com\/verdeaguanatureza-112147207229298","article_modified_time":"2026-03-25T17:02:48+00:00","og_image":[{"width":1000,"height":1500,"url":"https:\/\/verdeaguanatureza.com\/wp-content\/uploads\/2021\/02\/palheiro-room-02.jpg","type":"image\/jpeg"}],"twitter_card":"summary_large_image","twitter_misc":{"Tempo estimado de leitura":"2 minutos"},"schema":{"@context":"https:\/\/schema.org","@graph":[{"@type":"WebPage","@id":"https:\/\/verdeaguanatureza.com\/pt-pt\/alojamento\/funcionamento\/","url":"https:\/\/verdeaguanatureza.com\/pt-pt\/alojamento\/funcionamento\/","name":"Funcionamento - Verde \u00c1gua Natureza","isPartOf":{"@id":"https:\/\/verdeaguanatureza.com\/pt-pt\/#website"},"primaryImageOfPage":{"@id":"https:\/\/verdeaguanatureza.com\/pt-pt\/alojamento\/funcionamento\/#primaryimage"},"image":{"@id":"https:\/\/verdeaguanatureza.com\/pt-pt\/alojamento\/funcionamento\/#primaryimage"},"thumbnailUrl":"https:\/\/verdeaguanatureza.com\/wp-content\/uploads\/2021\/02\/palheiro-room-02-683x1024.jpg","datePublished":"2026-02-25T15:15:46+00:00","dateModified":"2026-03-25T17:02:48+00:00","breadcrumb":{"@id":"https:\/\/verdeaguanatureza.com\/pt-pt\/alojamento\/funcionamento\/#breadcrumb"},"inLanguage":"pt-PT","potentialAction":[{"@type":"ReadAction","target":["https:\/\/verdeaguanatureza.com\/pt-pt\/alojamento\/funcionamento\/"]}]},{"@type":"ImageObject","inLanguage":"pt-PT","@id":"https:\/\/verdeaguanatureza.com\/pt-pt\/alojamento\/funcionamento\/#primaryimage","url":"https:\/\/verdeaguanatureza.com\/wp-content\/uploads\/2021\/02\/palheiro-room-02-683x1024.jpg","contentUrl":"https:\/\/verdeaguanatureza.com\/wp-content\/uploads\/2021\/02\/palheiro-room-02-683x1024.jpg"},{"@type":"BreadcrumbList","@id":"https:\/\/verdeaguanatureza.com\/pt-pt\/alojamento\/funcionamento\/#breadcrumb","itemListElement":[{"@type":"ListItem","position":1,"name":"Home","item":"https:\/\/verdeaguanatureza.com\/pt-pt\/"},{"@type":"ListItem","position":2,"name":"Alojamento","item":"https:\/\/verdeaguanatureza.com\/pt-pt\/accomodation\/"},{"@type":"ListItem","position":3,"name":"Funcionamento"}]},{"@type":"WebSite","@id":"https:\/\/verdeaguanatureza.com\/pt-pt\/#website","url":"https:\/\/verdeaguanatureza.com\/pt-pt\/","name":"Verde \u00c1gua","description":"Agricultura Biol\u00f3gica | Agroturismo","publisher":{"@id":"https:\/\/verdeaguanatureza.com\/pt-pt\/#organization"},"potentialAction":[{"@type":"SearchAction","target":{"@type":"EntryPoint","urlTemplate":"https:\/\/verdeaguanatureza.com\/pt-pt\/?s={search_term_string}"},"query-input":{"@type":"PropertyValueSpecification","valueRequired":true,"valueName":"search_term_string"}}],"inLanguage":"pt-PT"},{"@type":"Organization","@id":"https:\/\/verdeaguanatureza.com\/pt-pt\/#organization","name":"Verde \u00c1gua Natureza","url":"https:\/\/verdeaguanatureza.com\/pt-pt\/","logo":{"@type":"ImageObject","inLanguage":"pt-PT","@id":"https:\/\/verdeaguanatureza.com\/pt-pt\/#\/schema\/logo\/image\/","url":"https:\/\/verdeaguanatureza.com\/wp-content\/uploads\/2021\/01\/verde-agua-logo.svg","contentUrl":"https:\/\/verdeaguanatureza.com\/wp-content\/uploads\/2021\/01\/verde-agua-logo.svg","width":1,"height":1,"caption":"Verde \u00c1gua Natureza"},"image":{"@id":"https:\/\/verdeaguanatureza.com\/pt-pt\/#\/schema\/logo\/image\/"},"sameAs":["https:\/\/www.facebook.com\/verdeaguanatureza-112147207229298","https:\/\/www.instagram.com\/verdeaguanatureza\/"]}]}},"_links":{"self":[{"href":"https:\/\/verdeaguanatureza.com\/pt-pt\/wp-json\/wp\/v2\/pages\/2569","targetHints":{"allow":["GET"]}}],"collection":[{"href":"https:\/\/verdeaguanatureza.com\/pt-pt\/wp-json\/wp\/v2\/pages"}],"about":[{"href":"https:\/\/verdeaguanatureza.com\/pt-pt\/wp-json\/wp\/v2\/types\/page"}],"author":[{"embeddable":true,"href":"https:\/\/verdeaguanatureza.com\/pt-pt\/wp-json\/wp\/v2\/users\/1"}],"replies":[{"embeddable":true,"href":"https:\/\/verdeaguanatureza.com\/pt-pt\/wp-json\/wp\/v2\/comments?post=2569"}],"version-history":[{"count":2,"href":"https:\/\/verdeaguanatureza.com\/pt-pt\/wp-json\/wp\/v2\/pages\/2569\/revisions"}],"predecessor-version":[{"id":2860,"href":"https:\/\/verdeaguanatureza.com\/pt-pt\/wp-json\/wp\/v2\/pages\/2569\/revisions\/2860"}],"up":[{"embeddable":true,"href":"https:\/\/verdeaguanatureza.com\/pt-pt\/wp-json\/wp\/v2\/pages\/1729"}],"wp:attachment":[{"href":"https:\/\/verdeaguanatureza.com\/pt-pt\/wp-json\/wp\/v2\/media?parent=2569"}],"curies":[{"name":"wp","href":"https:\/\/api.w.org\/{rel}","templated":true}]}}