{"id":2634,"date":"2026-03-20T11:18:44","date_gmt":"2026-03-20T11:18:44","guid":{"rendered":"https:\/\/verdeaguanatureza.com\/eventos\/"},"modified":"2026-03-20T11:31:40","modified_gmt":"2026-03-20T11:31:40","slug":"eventos","status":"publish","type":"page","link":"https:\/\/verdeaguanatureza.com\/pt-pt\/eventos\/","title":{"rendered":"Eventos"},"content":{"rendered":"\t\t<div data-elementor-type=\"wp-page\" data-elementor-id=\"2634\" class=\"elementor elementor-2634 elementor-2626\" data-elementor-post-type=\"page\">\n\t\t\t\t\t\t<section class=\"elementor-section elementor-top-section elementor-element elementor-element-90505ec elementor-section-full_width elementor-section-height-default elementor-section-height-default\" data-id=\"90505ec\" data-element_type=\"section\" data-e-type=\"section\">\n\t\t\t\t\t\t<div class=\"elementor-container elementor-column-gap-no\">\n\t\t\t\t\t<div class=\"elementor-column elementor-col-100 elementor-top-column elementor-element elementor-element-5c13945\" data-id=\"5c13945\" data-element_type=\"column\" data-e-type=\"column\">\n\t\t\t<div class=\"elementor-widget-wrap elementor-element-populated\">\n\t\t\t\t\t\t<div class=\"elementor-element elementor-element-3e0bd4a elementor-widget__width-auto animated-slow elementor-invisible elementor-widget elementor-widget-heading\" data-id=\"3e0bd4a\" data-element_type=\"widget\" data-e-type=\"widget\" data-settings=\"{&quot;_animation&quot;:&quot;fadeIn&quot;}\" data-widget_type=\"heading.default\">\n\t\t\t\t<div class=\"elementor-widget-container\">\n\t\t\t\t\t<h2 class=\"elementor-heading-title elementor-size-xxl\">Eventos <span>privados<\/span><\/h2>\t\t\t\t<\/div>\n\t\t\t\t<\/div>\n\t\t\t\t\t<\/div>\n\t\t<\/div>\n\t\t\t\t\t<\/div>\n\t\t<\/section>\n\t\t\t\t<section class=\"elementor-section elementor-top-section elementor-element elementor-element-4b13792 elementor-section-full_width elementor-section-height-default elementor-section-height-default\" data-id=\"4b13792\" data-element_type=\"section\" data-e-type=\"section\">\n\t\t\t\t\t\t<div class=\"elementor-container elementor-column-gap-no\">\n\t\t\t\t\t<div class=\"elementor-column elementor-col-100 elementor-top-column elementor-element elementor-element-2a0199d\" data-id=\"2a0199d\" data-element_type=\"column\" data-e-type=\"column\">\n\t\t\t<div class=\"elementor-widget-wrap elementor-element-populated\">\n\t\t\t\t\t\t<section class=\"elementor-section elementor-inner-section elementor-element elementor-element-a06b32d elementor-section-boxed elementor-section-height-default elementor-section-height-default\" data-id=\"a06b32d\" data-element_type=\"section\" data-e-type=\"section\">\n\t\t\t\t\t\t<div class=\"elementor-container elementor-column-gap-wide\">\n\t\t\t\t\t<div class=\"elementor-column elementor-col-50 elementor-inner-column elementor-element elementor-element-19947d4\" data-id=\"19947d4\" data-element_type=\"column\" data-e-type=\"column\">\n\t\t\t<div class=\"elementor-widget-wrap elementor-element-populated\">\n\t\t\t\t\t\t<div class=\"elementor-element elementor-element-f604c56 elementor-widget elementor-widget-text-editor\" data-id=\"f604c56\" data-element_type=\"widget\" data-e-type=\"widget\" data-widget_type=\"text-editor.default\">\n\t\t\t\t<div class=\"elementor-widget-container\">\n\t\t\t\t\t\t\t\t\t<p>Podemos realizar uma variedade de eventos nas \u00e1reas exteriores, criar experi\u00eancias singulares num cen\u00e1rio \u00fanico. Podemos-te ajudar a organizar o teu evento privado, incluindo reuni\u00f5es familiares, eventos empresariais ou pequenos casamentos.<\/p>\n<p>Para mais informa\u00e7\u00f5es, pre\u00e7os, e quaisquer d\u00favidas que possas ter, contacta-nos para\u00a0<a href=\"mailto:geral@verdeaguanatureza.com\">geral@verdeaguanatureza.com<\/a>, por favor, inclui a data do teu evento e o n\u00famero estimado de convidados.<\/p>\n\t\t\t\t\t\t\t\t<\/div>\n\t\t\t\t<\/div>\n\t\t\t\t\t<\/div>\n\t\t<\/div>\n\t\t\t\t<div class=\"elementor-column elementor-col-50 elementor-inner-column elementor-element elementor-element-5c4f256\" data-id=\"5c4f256\" data-element_type=\"column\" data-e-type=\"column\">\n\t\t\t<div class=\"elementor-widget-wrap elementor-element-populated\">\n\t\t\t\t\t\t<div class=\"elementor-element elementor-element-84d91e3 elementor-widget elementor-widget-image\" data-id=\"84d91e3\" data-element_type=\"widget\" data-e-type=\"widget\" data-widget_type=\"image.default\">\n\t\t\t\t<div class=\"elementor-widget-container\">\n\t\t\t\t\t\t\t\t\t\t\t\t\t\t\t<img fetchpriority=\"high\" decoding=\"async\" width=\"800\" height=\"598\" src=\"https:\/\/verdeaguanatureza.com\/wp-content\/uploads\/2024\/01\/evento3-1024x766.jpg\" class=\"attachment-large size-large wp-image-2279\" alt=\"\" srcset=\"https:\/\/verdeaguanatureza.com\/wp-content\/uploads\/2024\/01\/evento3-1024x766.jpg 1024w, https:\/\/verdeaguanatureza.com\/wp-content\/uploads\/2024\/01\/evento3-300x225.jpg 300w, https:\/\/verdeaguanatureza.com\/wp-content\/uploads\/2024\/01\/evento3-768x575.jpg 768w, https:\/\/verdeaguanatureza.com\/wp-content\/uploads\/2024\/01\/evento3-1536x1150.jpg 1536w, https:\/\/verdeaguanatureza.com\/wp-content\/uploads\/2024\/01\/evento3.jpg 1940w\" sizes=\"(max-width: 800px) 100vw, 800px\" \/>\t\t\t\t\t\t\t\t\t\t\t\t\t\t\t<\/div>\n\t\t\t\t<\/div>\n\t\t\t\t\t<\/div>\n\t\t<\/div>\n\t\t\t\t\t<\/div>\n\t\t<\/section>\n\t\t\t\t<section class=\"elementor-section elementor-inner-section elementor-element elementor-element-5008024 elementor-section-boxed elementor-section-height-default elementor-section-height-default\" data-id=\"5008024\" data-element_type=\"section\" data-e-type=\"section\">\n\t\t\t\t\t\t<div class=\"elementor-container elementor-column-gap-wide\">\n\t\t\t\t\t<div class=\"elementor-column elementor-col-100 elementor-inner-column elementor-element elementor-element-1ef98ae\" data-id=\"1ef98ae\" data-element_type=\"column\" data-e-type=\"column\">\n\t\t\t<div class=\"elementor-widget-wrap elementor-element-populated\">\n\t\t\t\t\t\t<div class=\"elementor-element elementor-element-a406e72 elementor-widget elementor-widget-gallery\" data-id=\"a406e72\" data-element_type=\"widget\" data-e-type=\"widget\" data-settings=\"{&quot;gallery_layout&quot;:&quot;masonry&quot;,&quot;lazyload&quot;:&quot;yes&quot;,&quot;columns&quot;:4,&quot;columns_tablet&quot;:2,&quot;columns_mobile&quot;:1,&quot;gap&quot;:{&quot;unit&quot;:&quot;px&quot;,&quot;size&quot;:10,&quot;sizes&quot;:[]},&quot;gap_tablet&quot;:{&quot;unit&quot;:&quot;px&quot;,&quot;size&quot;:10,&quot;sizes&quot;:[]},&quot;gap_mobile&quot;:{&quot;unit&quot;:&quot;px&quot;,&quot;size&quot;:10,&quot;sizes&quot;:[]},&quot;overlay_background&quot;:&quot;yes&quot;,&quot;content_hover_animation&quot;:&quot;fade-in&quot;}\" data-widget_type=\"gallery.default\">\n\t\t\t\t<div class=\"elementor-widget-container\">\n\t\t\t\t\t\t\t<div class=\"elementor-gallery__container\">\n\t\t\t\t\t\t\t<div class=\"e-gallery-item elementor-gallery-item elementor-animated-content\">\n\t\t\t\t\t<div class=\"e-gallery-image elementor-gallery-item__image\" data-thumbnail=\"https:\/\/verdeaguanatureza.com\/wp-content\/uploads\/2026\/03\/IMG_20250614_171904-768x1026.jpg\" data-width=\"768\" data-height=\"1026\" aria-label=\"\" role=\"img\" ><\/div>\n\t\t\t\t\t\t\t\t\t\t\t<div class=\"elementor-gallery-item__overlay\"><\/div>\n\t\t\t\t\t\t\t\t\t\t\t\t\t\t<\/div>\n\t\t\t\t\t\t\t<div class=\"e-gallery-item elementor-gallery-item elementor-animated-content\">\n\t\t\t\t\t<div class=\"e-gallery-image elementor-gallery-item__image\" data-thumbnail=\"https:\/\/verdeaguanatureza.com\/wp-content\/uploads\/2026\/03\/pequenos-eventos-3-768x1024.jpg\" data-width=\"768\" data-height=\"1024\" aria-label=\"\" role=\"img\" ><\/div>\n\t\t\t\t\t\t\t\t\t\t\t<div class=\"elementor-gallery-item__overlay\"><\/div>\n\t\t\t\t\t\t\t\t\t\t\t\t\t\t<\/div>\n\t\t\t\t\t\t\t<div class=\"e-gallery-item elementor-gallery-item elementor-animated-content\">\n\t\t\t\t\t<div class=\"e-gallery-image elementor-gallery-item__image\" data-thumbnail=\"https:\/\/verdeaguanatureza.com\/wp-content\/uploads\/2026\/03\/asado-argentino-5-768x512.jpg\" data-width=\"768\" data-height=\"512\" aria-label=\"\" role=\"img\" ><\/div>\n\t\t\t\t\t\t\t\t\t\t\t<div class=\"elementor-gallery-item__overlay\"><\/div>\n\t\t\t\t\t\t\t\t\t\t\t\t\t\t<\/div>\n\t\t\t\t\t\t\t<div class=\"e-gallery-item elementor-gallery-item elementor-animated-content\">\n\t\t\t\t\t<div class=\"e-gallery-image elementor-gallery-item__image\" data-thumbnail=\"https:\/\/verdeaguanatureza.com\/wp-content\/uploads\/2026\/03\/asado-argentino-6-768x512.jpg\" data-width=\"768\" data-height=\"512\" aria-label=\"\" role=\"img\" ><\/div>\n\t\t\t\t\t\t\t\t\t\t\t<div class=\"elementor-gallery-item__overlay\"><\/div>\n\t\t\t\t\t\t\t\t\t\t\t\t\t\t<\/div>\n\t\t\t\t\t\t\t<div class=\"e-gallery-item elementor-gallery-item elementor-animated-content\">\n\t\t\t\t\t<div class=\"e-gallery-image elementor-gallery-item__image\" data-thumbnail=\"https:\/\/verdeaguanatureza.com\/wp-content\/uploads\/2026\/03\/AbieLivesayPhotography-PortugalDouroWeddingPhotographer-CheyDrew-1139-768x1152.jpg\" data-width=\"768\" data-height=\"1152\" aria-label=\"\" role=\"img\" ><\/div>\n\t\t\t\t\t\t\t\t\t\t\t<div class=\"elementor-gallery-item__overlay\"><\/div>\n\t\t\t\t\t\t\t\t\t\t\t\t\t\t<\/div>\n\t\t\t\t\t\t\t<div class=\"e-gallery-item elementor-gallery-item elementor-animated-content\">\n\t\t\t\t\t<div class=\"e-gallery-image elementor-gallery-item__image\" data-thumbnail=\"https:\/\/verdeaguanatureza.com\/wp-content\/uploads\/2026\/03\/AbieLivesayPhotography-PortugalDouroWeddingPhotographer-CheyDrew-1107-768x1152.jpg\" data-width=\"768\" data-height=\"1152\" aria-label=\"\" role=\"img\" ><\/div>\n\t\t\t\t\t\t\t\t\t\t\t<div class=\"elementor-gallery-item__overlay\"><\/div>\n\t\t\t\t\t\t\t\t\t\t\t\t\t\t<\/div>\n\t\t\t\t\t\t\t<div class=\"e-gallery-item elementor-gallery-item elementor-animated-content\">\n\t\t\t\t\t<div class=\"e-gallery-image elementor-gallery-item__image\" data-thumbnail=\"https:\/\/verdeaguanatureza.com\/wp-content\/uploads\/2026\/03\/AbieLivesayPhotography-PortugalDouroWeddingPhotographer-CheyDrew-1094-768x1152.jpg\" data-width=\"768\" data-height=\"1152\" aria-label=\"\" role=\"img\" ><\/div>\n\t\t\t\t\t\t\t\t\t\t\t<div class=\"elementor-gallery-item__overlay\"><\/div>\n\t\t\t\t\t\t\t\t\t\t\t\t\t\t<\/div>\n\t\t\t\t\t\t\t<div class=\"e-gallery-item elementor-gallery-item elementor-animated-content\">\n\t\t\t\t\t<div class=\"e-gallery-image elementor-gallery-item__image\" data-thumbnail=\"https:\/\/verdeaguanatureza.com\/wp-content\/uploads\/2026\/03\/AbieLivesayPhotography-PortugalDouroWeddingPhotographer-CheyDrew-909-2-768x1152.jpg\" data-width=\"768\" data-height=\"1152\" aria-label=\"\" role=\"img\" ><\/div>\n\t\t\t\t\t\t\t\t\t\t\t<div class=\"elementor-gallery-item__overlay\"><\/div>\n\t\t\t\t\t\t\t\t\t\t\t\t\t\t<\/div>\n\t\t\t\t\t\t\t<div class=\"e-gallery-item elementor-gallery-item elementor-animated-content\">\n\t\t\t\t\t<div class=\"e-gallery-image elementor-gallery-item__image\" data-thumbnail=\"https:\/\/verdeaguanatureza.com\/wp-content\/uploads\/2026\/03\/asado-argentino-1-768x1026.jpg\" data-width=\"768\" data-height=\"1026\" aria-label=\"\" role=\"img\" ><\/div>\n\t\t\t\t\t\t\t\t\t\t\t<div class=\"elementor-gallery-item__overlay\"><\/div>\n\t\t\t\t\t\t\t\t\t\t\t\t\t\t<\/div>\n\t\t\t\t\t\t\t<div class=\"e-gallery-item elementor-gallery-item elementor-animated-content\">\n\t\t\t\t\t<div class=\"e-gallery-image elementor-gallery-item__image\" data-thumbnail=\"https:\/\/verdeaguanatureza.com\/wp-content\/uploads\/2026\/03\/asado-argentino-8-768x1026.jpg\" data-width=\"768\" data-height=\"1026\" aria-label=\"\" role=\"img\" ><\/div>\n\t\t\t\t\t\t\t\t\t\t\t<div class=\"elementor-gallery-item__overlay\"><\/div>\n\t\t\t\t\t\t\t\t\t\t\t\t\t\t<\/div>\n\t\t\t\t\t<\/div>\n\t\t\t\t\t<\/div>\n\t\t\t\t<\/div>\n\t\t\t\t\t<\/div>\n\t\t<\/div>\n\t\t\t\t\t<\/div>\n\t\t<\/section>\n\t\t\t\t\t<\/div>\n\t\t<\/div>\n\t\t\t\t\t<\/div>\n\t\t<\/section>\n\t\t\t\t<\/div>\n\t\t","protected":false},"excerpt":{"rendered":"<p>Eventos privados Podemos realizar uma variedade de eventos nas \u00e1reas exteriores, criar experi\u00eancias singulares num cen\u00e1rio \u00fanico. Podemos-te ajudar a organizar o teu evento privado, incluindo reuni\u00f5es familiares, eventos empresariais ou pequenos casamentos. Para mais informa\u00e7\u00f5es, pre\u00e7os, e quaisquer d\u00favidas que possas ter, contacta-nos para\u00a0geral@verdeaguanatureza.com, por favor, inclui a data do teu evento e o [&hellip;]<\/p>\n","protected":false},"author":1,"featured_media":0,"parent":0,"menu_order":0,"comment_status":"closed","ping_status":"closed","template":"","meta":{"footnotes":""},"class_list":["post-2634","page","type-page","status-publish","hentry"],"yoast_head":"<!-- This site is optimized with the Yoast SEO plugin v27.5 - https:\/\/yoast.com\/product\/yoast-seo-wordpress\/ -->\n<title>Eventos - Verde \u00c1gua Natureza<\/title>\n<meta name=\"robots\" content=\"index, follow, max-snippet:-1, max-image-preview:large, max-video-preview:-1\" \/>\n<link rel=\"canonical\" href=\"https:\/\/verdeaguanatureza.com\/pt-pt\/eventos\/\" \/>\n<meta property=\"og:locale\" content=\"pt_PT\" \/>\n<meta property=\"og:type\" content=\"article\" \/>\n<meta property=\"og:title\" content=\"Eventos - Verde \u00c1gua Natureza\" \/>\n<meta property=\"og:description\" content=\"Eventos privados Podemos realizar uma variedade de eventos nas \u00e1reas exteriores, criar experi\u00eancias singulares num cen\u00e1rio \u00fanico. Podemos-te ajudar a organizar o teu evento privado, incluindo reuni\u00f5es familiares, eventos empresariais ou pequenos casamentos. Para mais informa\u00e7\u00f5es, pre\u00e7os, e quaisquer d\u00favidas que possas ter, contacta-nos para\u00a0geral@verdeaguanatureza.com, por favor, inclui a data do teu evento e o [&hellip;]\" \/>\n<meta property=\"og:url\" content=\"https:\/\/verdeaguanatureza.com\/pt-pt\/eventos\/\" \/>\n<meta property=\"og:site_name\" content=\"Verde \u00c1gua Natureza\" \/>\n<meta property=\"article:publisher\" content=\"https:\/\/www.facebook.com\/verdeaguanatureza-112147207229298\" \/>\n<meta property=\"article:modified_time\" content=\"2026-03-20T11:31:40+00:00\" \/>\n<meta property=\"og:image\" content=\"https:\/\/verdeaguanatureza.com\/wp-content\/uploads\/2024\/01\/evento3.jpg\" \/>\n\t<meta property=\"og:image:width\" content=\"1940\" \/>\n\t<meta property=\"og:image:height\" content=\"1452\" \/>\n\t<meta property=\"og:image:type\" content=\"image\/jpeg\" \/>\n<meta name=\"twitter:card\" content=\"summary_large_image\" \/>\n<script type=\"application\/ld+json\" class=\"yoast-schema-graph\">{\"@context\":\"https:\\\/\\\/schema.org\",\"@graph\":[{\"@type\":\"WebPage\",\"@id\":\"https:\\\/\\\/verdeaguanatureza.com\\\/pt-pt\\\/eventos\\\/\",\"url\":\"https:\\\/\\\/verdeaguanatureza.com\\\/pt-pt\\\/eventos\\\/\",\"name\":\"Eventos - Verde \u00c1gua Natureza\",\"isPartOf\":{\"@id\":\"https:\\\/\\\/verdeaguanatureza.com\\\/pt-pt\\\/#website\"},\"primaryImageOfPage\":{\"@id\":\"https:\\\/\\\/verdeaguanatureza.com\\\/pt-pt\\\/eventos\\\/#primaryimage\"},\"image\":{\"@id\":\"https:\\\/\\\/verdeaguanatureza.com\\\/pt-pt\\\/eventos\\\/#primaryimage\"},\"thumbnailUrl\":\"https:\\\/\\\/verdeaguanatureza.com\\\/wp-content\\\/uploads\\\/2024\\\/01\\\/evento3-1024x766.jpg\",\"datePublished\":\"2026-03-20T11:18:44+00:00\",\"dateModified\":\"2026-03-20T11:31:40+00:00\",\"breadcrumb\":{\"@id\":\"https:\\\/\\\/verdeaguanatureza.com\\\/pt-pt\\\/eventos\\\/#breadcrumb\"},\"inLanguage\":\"pt-PT\",\"potentialAction\":[{\"@type\":\"ReadAction\",\"target\":[\"https:\\\/\\\/verdeaguanatureza.com\\\/pt-pt\\\/eventos\\\/\"]}]},{\"@type\":\"ImageObject\",\"inLanguage\":\"pt-PT\",\"@id\":\"https:\\\/\\\/verdeaguanatureza.com\\\/pt-pt\\\/eventos\\\/#primaryimage\",\"url\":\"https:\\\/\\\/verdeaguanatureza.com\\\/wp-content\\\/uploads\\\/2024\\\/01\\\/evento3-1024x766.jpg\",\"contentUrl\":\"https:\\\/\\\/verdeaguanatureza.com\\\/wp-content\\\/uploads\\\/2024\\\/01\\\/evento3-1024x766.jpg\"},{\"@type\":\"BreadcrumbList\",\"@id\":\"https:\\\/\\\/verdeaguanatureza.com\\\/pt-pt\\\/eventos\\\/#breadcrumb\",\"itemListElement\":[{\"@type\":\"ListItem\",\"position\":1,\"name\":\"Home\",\"item\":\"https:\\\/\\\/verdeaguanatureza.com\\\/pt-pt\\\/\"},{\"@type\":\"ListItem\",\"position\":2,\"name\":\"Eventos\"}]},{\"@type\":\"WebSite\",\"@id\":\"https:\\\/\\\/verdeaguanatureza.com\\\/pt-pt\\\/#website\",\"url\":\"https:\\\/\\\/verdeaguanatureza.com\\\/pt-pt\\\/\",\"name\":\"Verde \u00c1gua\",\"description\":\"Agricultura Biol\u00f3gica | Agroturismo\",\"publisher\":{\"@id\":\"https:\\\/\\\/verdeaguanatureza.com\\\/pt-pt\\\/#organization\"},\"potentialAction\":[{\"@type\":\"SearchAction\",\"target\":{\"@type\":\"EntryPoint\",\"urlTemplate\":\"https:\\\/\\\/verdeaguanatureza.com\\\/pt-pt\\\/?s={search_term_string}\"},\"query-input\":{\"@type\":\"PropertyValueSpecification\",\"valueRequired\":true,\"valueName\":\"search_term_string\"}}],\"inLanguage\":\"pt-PT\"},{\"@type\":\"Organization\",\"@id\":\"https:\\\/\\\/verdeaguanatureza.com\\\/pt-pt\\\/#organization\",\"name\":\"Verde \u00c1gua Natureza\",\"url\":\"https:\\\/\\\/verdeaguanatureza.com\\\/pt-pt\\\/\",\"logo\":{\"@type\":\"ImageObject\",\"inLanguage\":\"pt-PT\",\"@id\":\"https:\\\/\\\/verdeaguanatureza.com\\\/pt-pt\\\/#\\\/schema\\\/logo\\\/image\\\/\",\"url\":\"https:\\\/\\\/verdeaguanatureza.com\\\/wp-content\\\/uploads\\\/2021\\\/01\\\/verde-agua-logo.svg\",\"contentUrl\":\"https:\\\/\\\/verdeaguanatureza.com\\\/wp-content\\\/uploads\\\/2021\\\/01\\\/verde-agua-logo.svg\",\"width\":1,\"height\":1,\"caption\":\"Verde \u00c1gua Natureza\"},\"image\":{\"@id\":\"https:\\\/\\\/verdeaguanatureza.com\\\/pt-pt\\\/#\\\/schema\\\/logo\\\/image\\\/\"},\"sameAs\":[\"https:\\\/\\\/www.facebook.com\\\/verdeaguanatureza-112147207229298\",\"https:\\\/\\\/www.instagram.com\\\/verdeaguanatureza\\\/\"]}]}<\/script>\n<!-- \/ Yoast SEO plugin. -->","yoast_head_json":{"title":"Eventos - Verde \u00c1gua Natureza","robots":{"index":"index","follow":"follow","max-snippet":"max-snippet:-1","max-image-preview":"max-image-preview:large","max-video-preview":"max-video-preview:-1"},"canonical":"https:\/\/verdeaguanatureza.com\/pt-pt\/eventos\/","og_locale":"pt_PT","og_type":"article","og_title":"Eventos - Verde \u00c1gua Natureza","og_description":"Eventos privados Podemos realizar uma variedade de eventos nas \u00e1reas exteriores, criar experi\u00eancias singulares num cen\u00e1rio \u00fanico. Podemos-te ajudar a organizar o teu evento privado, incluindo reuni\u00f5es familiares, eventos empresariais ou pequenos casamentos. Para mais informa\u00e7\u00f5es, pre\u00e7os, e quaisquer d\u00favidas que possas ter, contacta-nos para\u00a0geral@verdeaguanatureza.com, por favor, inclui a data do teu evento e o [&hellip;]","og_url":"https:\/\/verdeaguanatureza.com\/pt-pt\/eventos\/","og_site_name":"Verde \u00c1gua Natureza","article_publisher":"https:\/\/www.facebook.com\/verdeaguanatureza-112147207229298","article_modified_time":"2026-03-20T11:31:40+00:00","og_image":[{"width":1940,"height":1452,"url":"https:\/\/verdeaguanatureza.com\/wp-content\/uploads\/2024\/01\/evento3.jpg","type":"image\/jpeg"}],"twitter_card":"summary_large_image","schema":{"@context":"https:\/\/schema.org","@graph":[{"@type":"WebPage","@id":"https:\/\/verdeaguanatureza.com\/pt-pt\/eventos\/","url":"https:\/\/verdeaguanatureza.com\/pt-pt\/eventos\/","name":"Eventos - Verde \u00c1gua Natureza","isPartOf":{"@id":"https:\/\/verdeaguanatureza.com\/pt-pt\/#website"},"primaryImageOfPage":{"@id":"https:\/\/verdeaguanatureza.com\/pt-pt\/eventos\/#primaryimage"},"image":{"@id":"https:\/\/verdeaguanatureza.com\/pt-pt\/eventos\/#primaryimage"},"thumbnailUrl":"https:\/\/verdeaguanatureza.com\/wp-content\/uploads\/2024\/01\/evento3-1024x766.jpg","datePublished":"2026-03-20T11:18:44+00:00","dateModified":"2026-03-20T11:31:40+00:00","breadcrumb":{"@id":"https:\/\/verdeaguanatureza.com\/pt-pt\/eventos\/#breadcrumb"},"inLanguage":"pt-PT","potentialAction":[{"@type":"ReadAction","target":["https:\/\/verdeaguanatureza.com\/pt-pt\/eventos\/"]}]},{"@type":"ImageObject","inLanguage":"pt-PT","@id":"https:\/\/verdeaguanatureza.com\/pt-pt\/eventos\/#primaryimage","url":"https:\/\/verdeaguanatureza.com\/wp-content\/uploads\/2024\/01\/evento3-1024x766.jpg","contentUrl":"https:\/\/verdeaguanatureza.com\/wp-content\/uploads\/2024\/01\/evento3-1024x766.jpg"},{"@type":"BreadcrumbList","@id":"https:\/\/verdeaguanatureza.com\/pt-pt\/eventos\/#breadcrumb","itemListElement":[{"@type":"ListItem","position":1,"name":"Home","item":"https:\/\/verdeaguanatureza.com\/pt-pt\/"},{"@type":"ListItem","position":2,"name":"Eventos"}]},{"@type":"WebSite","@id":"https:\/\/verdeaguanatureza.com\/pt-pt\/#website","url":"https:\/\/verdeaguanatureza.com\/pt-pt\/","name":"Verde \u00c1gua","description":"Agricultura Biol\u00f3gica | Agroturismo","publisher":{"@id":"https:\/\/verdeaguanatureza.com\/pt-pt\/#organization"},"potentialAction":[{"@type":"SearchAction","target":{"@type":"EntryPoint","urlTemplate":"https:\/\/verdeaguanatureza.com\/pt-pt\/?s={search_term_string}"},"query-input":{"@type":"PropertyValueSpecification","valueRequired":true,"valueName":"search_term_string"}}],"inLanguage":"pt-PT"},{"@type":"Organization","@id":"https:\/\/verdeaguanatureza.com\/pt-pt\/#organization","name":"Verde \u00c1gua Natureza","url":"https:\/\/verdeaguanatureza.com\/pt-pt\/","logo":{"@type":"ImageObject","inLanguage":"pt-PT","@id":"https:\/\/verdeaguanatureza.com\/pt-pt\/#\/schema\/logo\/image\/","url":"https:\/\/verdeaguanatureza.com\/wp-content\/uploads\/2021\/01\/verde-agua-logo.svg","contentUrl":"https:\/\/verdeaguanatureza.com\/wp-content\/uploads\/2021\/01\/verde-agua-logo.svg","width":1,"height":1,"caption":"Verde \u00c1gua Natureza"},"image":{"@id":"https:\/\/verdeaguanatureza.com\/pt-pt\/#\/schema\/logo\/image\/"},"sameAs":["https:\/\/www.facebook.com\/verdeaguanatureza-112147207229298","https:\/\/www.instagram.com\/verdeaguanatureza\/"]}]}},"_links":{"self":[{"href":"https:\/\/verdeaguanatureza.com\/pt-pt\/wp-json\/wp\/v2\/pages\/2634","targetHints":{"allow":["GET"]}}],"collection":[{"href":"https:\/\/verdeaguanatureza.com\/pt-pt\/wp-json\/wp\/v2\/pages"}],"about":[{"href":"https:\/\/verdeaguanatureza.com\/pt-pt\/wp-json\/wp\/v2\/types\/page"}],"author":[{"embeddable":true,"href":"https:\/\/verdeaguanatureza.com\/pt-pt\/wp-json\/wp\/v2\/users\/1"}],"replies":[{"embeddable":true,"href":"https:\/\/verdeaguanatureza.com\/pt-pt\/wp-json\/wp\/v2\/comments?post=2634"}],"version-history":[{"count":1,"href":"https:\/\/verdeaguanatureza.com\/pt-pt\/wp-json\/wp\/v2\/pages\/2634\/revisions"}],"predecessor-version":[{"id":2635,"href":"https:\/\/verdeaguanatureza.com\/pt-pt\/wp-json\/wp\/v2\/pages\/2634\/revisions\/2635"}],"wp:attachment":[{"href":"https:\/\/verdeaguanatureza.com\/pt-pt\/wp-json\/wp\/v2\/media?parent=2634"}],"curies":[{"name":"wp","href":"https:\/\/api.w.org\/{rel}","templated":true}]}}