{"id":2699,"date":"2026-03-20T12:05:13","date_gmt":"2026-03-20T12:05:13","guid":{"rendered":"https:\/\/verdeaguanatureza.com\/retiros\/"},"modified":"2026-03-20T12:05:15","modified_gmt":"2026-03-20T12:05:15","slug":"retiros","status":"publish","type":"page","link":"https:\/\/verdeaguanatureza.com\/pt-pt\/retiros\/","title":{"rendered":"Retiros"},"content":{"rendered":"\t\t<div data-elementor-type=\"wp-page\" data-elementor-id=\"2699\" class=\"elementor elementor-2699 elementor-2670\" data-elementor-post-type=\"page\">\n\t\t\t\t\t\t<section class=\"elementor-section elementor-top-section elementor-element elementor-element-57aef1c elementor-section-full_width elementor-section-height-min-height elementor-section-height-default elementor-section-items-middle\" data-id=\"57aef1c\" data-element_type=\"section\" data-e-type=\"section\" data-settings=\"{&quot;background_background&quot;:&quot;slideshow&quot;,&quot;background_slideshow_gallery&quot;:[{&quot;id&quot;:2687,&quot;url&quot;:&quot;https:\\\/\\\/verdeaguanatureza.com\\\/wp-content\\\/uploads\\\/2026\\\/03\\\/retiros-02.jpg&quot;},{&quot;id&quot;:2688,&quot;url&quot;:&quot;https:\\\/\\\/verdeaguanatureza.com\\\/wp-content\\\/uploads\\\/2026\\\/03\\\/retiros-03.jpg&quot;},{&quot;id&quot;:2689,&quot;url&quot;:&quot;https:\\\/\\\/verdeaguanatureza.com\\\/wp-content\\\/uploads\\\/2026\\\/03\\\/retiros-01.jpg&quot;}],&quot;background_slideshow_loop&quot;:&quot;yes&quot;,&quot;background_slideshow_slide_duration&quot;:5000,&quot;background_slideshow_slide_transition&quot;:&quot;fade&quot;,&quot;background_slideshow_transition_duration&quot;:500}\">\n\t\t\t\t\t\t<div class=\"elementor-container elementor-column-gap-no\">\n\t\t\t\t\t<div class=\"elementor-column elementor-col-100 elementor-top-column elementor-element elementor-element-ef3a358\" data-id=\"ef3a358\" data-element_type=\"column\" data-e-type=\"column\">\n\t\t\t<div class=\"elementor-widget-wrap\">\n\t\t\t\t\t\t\t<\/div>\n\t\t<\/div>\n\t\t\t\t\t<\/div>\n\t\t<\/section>\n\t\t\t\t<section class=\"elementor-section elementor-top-section elementor-element elementor-element-3a5b911 elementor-section-full_width elementor-section-height-default elementor-section-height-default\" data-id=\"3a5b911\" data-element_type=\"section\" data-e-type=\"section\">\n\t\t\t\t\t\t<div class=\"elementor-container elementor-column-gap-no\">\n\t\t\t\t\t<div class=\"elementor-column elementor-col-100 elementor-top-column elementor-element elementor-element-05aa3b0\" data-id=\"05aa3b0\" data-element_type=\"column\" data-e-type=\"column\">\n\t\t\t<div class=\"elementor-widget-wrap elementor-element-populated\">\n\t\t\t\t\t\t<div class=\"elementor-element elementor-element-0b28b67 elementor-widget__width-auto animated elementor-widget elementor-widget-heading\" data-id=\"0b28b67\" data-element_type=\"widget\" data-e-type=\"widget\" data-widget_type=\"heading.default\">\n\t\t\t\t<div class=\"elementor-widget-container\">\n\t\t\t\t\t<h2 class=\"elementor-heading-title elementor-size-xxl\">Retiros<\/h2>\t\t\t\t<\/div>\n\t\t\t\t<\/div>\n\t\t\t\t<section class=\"elementor-section elementor-inner-section elementor-element elementor-element-89f72d2 elementor-section-boxed elementor-section-height-default elementor-section-height-default\" data-id=\"89f72d2\" data-element_type=\"section\" data-e-type=\"section\">\n\t\t\t\t\t\t<div class=\"elementor-container elementor-column-gap-no\">\n\t\t\t\t\t<div class=\"elementor-column elementor-col-50 elementor-inner-column elementor-element elementor-element-6aa01dd\" data-id=\"6aa01dd\" data-element_type=\"column\" data-e-type=\"column\">\n\t\t\t<div class=\"elementor-widget-wrap elementor-element-populated\">\n\t\t\t\t\t\t<div class=\"elementor-element elementor-element-af1da01 elementor-widget elementor-widget-image\" data-id=\"af1da01\" data-element_type=\"widget\" data-e-type=\"widget\" data-widget_type=\"image.default\">\n\t\t\t\t<div class=\"elementor-widget-container\">\n\t\t\t\t\t\t\t\t\t\t\t\t\t\t\t<img fetchpriority=\"high\" decoding=\"async\" width=\"769\" height=\"1024\" src=\"https:\/\/verdeaguanatureza.com\/wp-content\/uploads\/2026\/03\/IMG_20241029_161045-769x1024.jpg\" class=\"attachment-large size-large wp-image-2690\" alt=\"\" srcset=\"https:\/\/verdeaguanatureza.com\/wp-content\/uploads\/2026\/03\/IMG_20241029_161045-769x1024.jpg 769w, https:\/\/verdeaguanatureza.com\/wp-content\/uploads\/2026\/03\/IMG_20241029_161045-225x300.jpg 225w, https:\/\/verdeaguanatureza.com\/wp-content\/uploads\/2026\/03\/IMG_20241029_161045-768x1022.jpg 768w, https:\/\/verdeaguanatureza.com\/wp-content\/uploads\/2026\/03\/IMG_20241029_161045.jpg 900w\" sizes=\"(max-width: 769px) 100vw, 769px\" \/>\t\t\t\t\t\t\t\t\t\t\t\t\t\t\t<\/div>\n\t\t\t\t<\/div>\n\t\t\t\t\t<\/div>\n\t\t<\/div>\n\t\t\t\t<div class=\"elementor-column elementor-col-50 elementor-inner-column elementor-element elementor-element-291671f\" data-id=\"291671f\" data-element_type=\"column\" data-e-type=\"column\">\n\t\t\t<div class=\"elementor-widget-wrap elementor-element-populated\">\n\t\t\t\t\t\t<div class=\"elementor-element elementor-element-00a4a90 elementor-widget elementor-widget-heading\" data-id=\"00a4a90\" data-element_type=\"widget\" data-e-type=\"widget\" data-widget_type=\"heading.default\">\n\t\t\t\t<div class=\"elementor-widget-container\">\n\t\t\t\t\t<h3 class=\"elementor-heading-title elementor-size-xl\">Din\u00e2micas na <span> Natureza <\/span><\/h3>\t\t\t\t<\/div>\n\t\t\t\t<\/div>\n\t\t\t\t<div class=\"elementor-element elementor-element-4ddc810 elementor-widget elementor-widget-text-editor\" data-id=\"4ddc810\" data-element_type=\"widget\" data-e-type=\"widget\" data-widget_type=\"text-editor.default\">\n\t\t\t\t<div class=\"elementor-widget-container\">\n\t\t\t\t\t\t\t\t\t<p>Com 10 hectares de natureza viva, a nossa quinta \u00e9 um lugar onde o tempo abranda e o essencial ganha espa\u00e7o. Um cen\u00e1rio ideal para retiros, din\u00e2micas de grupo, encontros conscientes e experi\u00eancias transformadoras, em profundo contacto com a terra e a \u00e1gua.<\/p>\n<p>A propriedade divide-se em 5 hectares de cultivo \u2014 com hortas, vinhas, morangais, espargueiras e pomares \u2014 e 5 hectares de floresta, que conduzem at\u00e9 ao rio Douro. Ao longo deste percurso natural, \u00e9 poss\u00edvel caminhar, meditar, dinamizar atividades ao ar livre ou simplesmente dar um mergulho refrescante no rio.<\/p>\n<p><strong>Espa\u00e7os exteriores<\/strong><\/p>\n<p>Os espa\u00e7os de conv\u00edvio foram pensados para relaxar e estar:<\/p>\n<ul>\n<li>Jardins e zonas verdes<\/li>\n<li>\u00c1reas com mesas e cadeiras<\/li>\n<li>Espa\u00e7os com redes para descanso<\/li>\n<li>Um tanque convertido em piscina de tratamento natural, perfeita para os dias quentes<\/li>\n<\/ul>\n\t\t\t\t\t\t\t\t<\/div>\n\t\t\t\t<\/div>\n\t\t\t\t\t<\/div>\n\t\t<\/div>\n\t\t\t\t\t<\/div>\n\t\t<\/section>\n\t\t\t\t<section class=\"elementor-section elementor-inner-section elementor-element elementor-element-fbaaa56 elementor-reverse-mobile elementor-section-boxed elementor-section-height-default elementor-section-height-default\" data-id=\"fbaaa56\" data-element_type=\"section\" data-e-type=\"section\">\n\t\t\t\t\t\t<div class=\"elementor-container elementor-column-gap-no\">\n\t\t\t\t\t<div class=\"elementor-column elementor-col-50 elementor-inner-column elementor-element elementor-element-7cb9666\" data-id=\"7cb9666\" data-element_type=\"column\" data-e-type=\"column\">\n\t\t\t<div class=\"elementor-widget-wrap elementor-element-populated\">\n\t\t\t\t\t\t<div class=\"elementor-element elementor-element-5e89f64 elementor-widget elementor-widget-text-editor\" data-id=\"5e89f64\" data-element_type=\"widget\" data-e-type=\"widget\" data-widget_type=\"text-editor.default\">\n\t\t\t\t<div class=\"elementor-widget-container\">\n\t\t\t\t\t\t\t\t\t<p><strong>Espa\u00e7o multiuso \/ Yoga Shala<\/strong><\/p>\n<p>Dispomos de um Yoga Shala \/ espa\u00e7o multiuso com 72 m\u00b2, totalmente equipado:<\/p>\n<ul>\n<li>Sistema de som<\/li>\n<li>Tapetes de yoga e mantas<\/li>\n<li>Projetor e ecr\u00e3, ideais para filmes, palestras ou apresenta\u00e7\u00f5es<\/li>\n<\/ul>\n<p>Este espa\u00e7o encontra-se junto a um ribeiro, rodeado por vegeta\u00e7\u00e3o, criando uma atmosfera calma, inspiradora e prop\u00edcia \u00e0 pr\u00e1tica, ao sil\u00eancio e \u00e0 criatividade.<\/p>\n<p><strong>Alojamento e alimenta\u00e7\u00e3o<\/strong><\/p>\n<p>A quinta tem capacidade para:<\/p>\n<ul>\n<li>23 pessoas em alojamento<\/li>\n<li>6 pessoas em campismo<\/li>\n<\/ul>\n<p>O que permite acolher grupos de diferentes dimens\u00f5es com conforto e proximidade \u00e0 natureza.<\/p>\n<p>Podemos disponibilizar refei\u00e7\u00f5es no local ou, em alternativa, o grupo pode trazer o seu pr\u00f3prio chef.<\/p>\n<p>\u00c0 chegada, realizamos sempre um pequeno tour de boas-vindas pela quinta, para que todos possam conhecer o espa\u00e7o, sentir-se em casa e explorar livremente tudo o que oferecemos.<\/p>\n\t\t\t\t\t\t\t\t<\/div>\n\t\t\t\t<\/div>\n\t\t\t\t\t<\/div>\n\t\t<\/div>\n\t\t\t\t<div class=\"elementor-column elementor-col-50 elementor-inner-column elementor-element elementor-element-d81fc61\" data-id=\"d81fc61\" data-element_type=\"column\" data-e-type=\"column\">\n\t\t\t<div class=\"elementor-widget-wrap elementor-element-populated\">\n\t\t\t\t\t\t<div class=\"elementor-element elementor-element-08303f2 elementor-widget elementor-widget-image\" data-id=\"08303f2\" data-element_type=\"widget\" data-e-type=\"widget\" data-widget_type=\"image.default\">\n\t\t\t\t<div class=\"elementor-widget-container\">\n\t\t\t\t\t\t\t\t\t\t\t\t\t\t\t<img decoding=\"async\" width=\"768\" height=\"1024\" src=\"https:\/\/verdeaguanatureza.com\/wp-content\/uploads\/2026\/03\/yoga-shala_V-768x1024.jpg\" class=\"attachment-large size-large wp-image-2691\" alt=\"\" srcset=\"https:\/\/verdeaguanatureza.com\/wp-content\/uploads\/2026\/03\/yoga-shala_V-768x1024.jpg 768w, https:\/\/verdeaguanatureza.com\/wp-content\/uploads\/2026\/03\/yoga-shala_V-225x300.jpg 225w, https:\/\/verdeaguanatureza.com\/wp-content\/uploads\/2026\/03\/yoga-shala_V.jpg 900w\" sizes=\"(max-width: 768px) 100vw, 768px\" \/>\t\t\t\t\t\t\t\t\t\t\t\t\t\t\t<\/div>\n\t\t\t\t<\/div>\n\t\t\t\t\t<\/div>\n\t\t<\/div>\n\t\t\t\t\t<\/div>\n\t\t<\/section>\n\t\t\t\t<section class=\"elementor-section elementor-inner-section elementor-element elementor-element-5fc9e79 elementor-section-boxed elementor-section-height-default elementor-section-height-default\" data-id=\"5fc9e79\" data-element_type=\"section\" data-e-type=\"section\">\n\t\t\t\t\t\t<div class=\"elementor-container elementor-column-gap-no\">\n\t\t\t\t\t<div class=\"elementor-column elementor-col-50 elementor-inner-column elementor-element elementor-element-fc81d11\" data-id=\"fc81d11\" data-element_type=\"column\" data-e-type=\"column\">\n\t\t\t<div class=\"elementor-widget-wrap elementor-element-populated\">\n\t\t\t\t\t\t<div class=\"elementor-element elementor-element-a71fc11 elementor-widget elementor-widget-image\" data-id=\"a71fc11\" data-element_type=\"widget\" data-e-type=\"widget\" data-widget_type=\"image.default\">\n\t\t\t\t<div class=\"elementor-widget-container\">\n\t\t\t\t\t\t\t\t\t\t\t\t\t\t\t<img decoding=\"async\" width=\"769\" height=\"1024\" src=\"https:\/\/verdeaguanatureza.com\/wp-content\/uploads\/2026\/03\/IMG-20241027-WA0038-769x1024.jpg\" class=\"attachment-large size-large wp-image-2692\" alt=\"\" srcset=\"https:\/\/verdeaguanatureza.com\/wp-content\/uploads\/2026\/03\/IMG-20241027-WA0038-769x1024.jpg 769w, https:\/\/verdeaguanatureza.com\/wp-content\/uploads\/2026\/03\/IMG-20241027-WA0038-225x300.jpg 225w, https:\/\/verdeaguanatureza.com\/wp-content\/uploads\/2026\/03\/IMG-20241027-WA0038-768x1023.jpg 768w, https:\/\/verdeaguanatureza.com\/wp-content\/uploads\/2026\/03\/IMG-20241027-WA0038.jpg 900w\" sizes=\"(max-width: 769px) 100vw, 769px\" \/>\t\t\t\t\t\t\t\t\t\t\t\t\t\t\t<\/div>\n\t\t\t\t<\/div>\n\t\t\t\t\t<\/div>\n\t\t<\/div>\n\t\t\t\t<div class=\"elementor-column elementor-col-50 elementor-inner-column elementor-element elementor-element-ab55b20\" data-id=\"ab55b20\" data-element_type=\"column\" data-e-type=\"column\">\n\t\t\t<div class=\"elementor-widget-wrap elementor-element-populated\">\n\t\t\t\t\t\t<div class=\"elementor-element elementor-element-fd17f82 elementor-widget elementor-widget-text-editor\" data-id=\"fd17f82\" data-element_type=\"widget\" data-e-type=\"widget\" data-widget_type=\"text-editor.default\">\n\t\t\t\t<div class=\"elementor-widget-container\">\n\t\t\t\t\t\t\t\t\t<p><strong>Vida na quinta<\/strong><\/p>\n<p>Este \u00e9 tamb\u00e9m o lar de v\u00e1rios animais \u2014 galinhas, patos, pav\u00f5es, cabras, um cavalo, um burro e c\u00e3es \u2014 que fazem parte do quotidiano da quinta e trazem uma energia alegre e aut\u00eantica ao espa\u00e7o.<\/p>\n<p><strong>Atividades complementares<\/strong><\/p>\n<p>Podemos apoiar na organiza\u00e7\u00e3o de atividades extra, para enriquecer a experi\u00eancia do retiro ou encontro:<\/p>\n<ul>\n<li>Massagem de relaxamento<\/li>\n<li>Concerto de ta\u00e7as tibetanas<\/li>\n<li>Passeios de barco no rio Paiva ou Douro (a 5 minutos da quinta)<\/li>\n<li>Tours de SUP no rio Paiva (a 5 minutos)<\/li>\n<li>Caminhadas na natureza<\/li>\n<li>Aulas de Yoga<\/li>\n<\/ul>\n<p>Tudo \u00e9 ajust\u00e1vel conforme o grupo, o tipo de retiro e as necessidades espec\u00edficas.<\/p>\n<p>Os or\u00e7amentos s\u00e3o personalizados, de acordo com o n\u00famero de pessoas e a \u00e9poca do ano.<\/p>\n<p>Pedidos de informa\u00e7\u00e3o e or\u00e7amentos:\u2028<a href=\"mailto:geral@verdeaguanatureza.com\">geral@verdeaguanatureza.com<\/a><\/p>\n\t\t\t\t\t\t\t\t<\/div>\n\t\t\t\t<\/div>\n\t\t\t\t\t<\/div>\n\t\t<\/div>\n\t\t\t\t\t<\/div>\n\t\t<\/section>\n\t\t\t\t\t<\/div>\n\t\t<\/div>\n\t\t\t\t\t<\/div>\n\t\t<\/section>\n\t\t\t\t<\/div>\n\t\t","protected":false},"excerpt":{"rendered":"<p>Retiros Din\u00e2micas na Natureza Com 10 hectares de natureza viva, a nossa quinta \u00e9 um lugar onde o tempo abranda e o essencial ganha espa\u00e7o. Um cen\u00e1rio ideal para retiros, din\u00e2micas de grupo, encontros conscientes e experi\u00eancias transformadoras, em profundo contacto com a terra e a \u00e1gua. A propriedade divide-se em 5 hectares de cultivo [&hellip;]<\/p>\n","protected":false},"author":1,"featured_media":0,"parent":0,"menu_order":0,"comment_status":"closed","ping_status":"closed","template":"","meta":{"footnotes":""},"class_list":["post-2699","page","type-page","status-publish","hentry"],"yoast_head":"<!-- This site is optimized with the Yoast SEO plugin v27.3 - https:\/\/yoast.com\/product\/yoast-seo-wordpress\/ -->\n<title>Retiros - Verde \u00c1gua Natureza<\/title>\n<meta name=\"robots\" content=\"index, follow, max-snippet:-1, max-image-preview:large, max-video-preview:-1\" \/>\n<link rel=\"canonical\" href=\"https:\/\/verdeaguanatureza.com\/pt-pt\/retiros\/\" \/>\n<meta property=\"og:locale\" content=\"pt_PT\" \/>\n<meta property=\"og:type\" content=\"article\" \/>\n<meta property=\"og:title\" content=\"Retiros - Verde \u00c1gua Natureza\" \/>\n<meta property=\"og:description\" content=\"Retiros Din\u00e2micas na Natureza Com 10 hectares de natureza viva, a nossa quinta \u00e9 um lugar onde o tempo abranda e o essencial ganha espa\u00e7o. Um cen\u00e1rio ideal para retiros, din\u00e2micas de grupo, encontros conscientes e experi\u00eancias transformadoras, em profundo contacto com a terra e a \u00e1gua. A propriedade divide-se em 5 hectares de cultivo [&hellip;]\" \/>\n<meta property=\"og:url\" content=\"https:\/\/verdeaguanatureza.com\/pt-pt\/retiros\/\" \/>\n<meta property=\"og:site_name\" content=\"Verde \u00c1gua Natureza\" \/>\n<meta property=\"article:publisher\" content=\"https:\/\/www.facebook.com\/verdeaguanatureza-112147207229298\" \/>\n<meta property=\"article:modified_time\" content=\"2026-03-20T12:05:15+00:00\" \/>\n<meta property=\"og:image\" content=\"https:\/\/verdeaguanatureza.com\/wp-content\/uploads\/2026\/03\/IMG_20241029_161045.jpg\" \/>\n\t<meta property=\"og:image:width\" content=\"900\" \/>\n\t<meta property=\"og:image:height\" content=\"1198\" \/>\n\t<meta property=\"og:image:type\" content=\"image\/jpeg\" \/>\n<meta name=\"twitter:card\" content=\"summary_large_image\" \/>\n<meta name=\"twitter:label1\" content=\"Tempo estimado de leitura\" \/>\n\t<meta name=\"twitter:data1\" content=\"2 minutos\" \/>\n<script type=\"application\/ld+json\" class=\"yoast-schema-graph\">{\"@context\":\"https:\\\/\\\/schema.org\",\"@graph\":[{\"@type\":\"WebPage\",\"@id\":\"https:\\\/\\\/verdeaguanatureza.com\\\/pt-pt\\\/retiros\\\/\",\"url\":\"https:\\\/\\\/verdeaguanatureza.com\\\/pt-pt\\\/retiros\\\/\",\"name\":\"Retiros - Verde \u00c1gua Natureza\",\"isPartOf\":{\"@id\":\"https:\\\/\\\/verdeaguanatureza.com\\\/pt-pt\\\/#website\"},\"primaryImageOfPage\":{\"@id\":\"https:\\\/\\\/verdeaguanatureza.com\\\/pt-pt\\\/retiros\\\/#primaryimage\"},\"image\":{\"@id\":\"https:\\\/\\\/verdeaguanatureza.com\\\/pt-pt\\\/retiros\\\/#primaryimage\"},\"thumbnailUrl\":\"https:\\\/\\\/verdeaguanatureza.com\\\/wp-content\\\/uploads\\\/2026\\\/03\\\/IMG_20241029_161045-769x1024.jpg\",\"datePublished\":\"2026-03-20T12:05:13+00:00\",\"dateModified\":\"2026-03-20T12:05:15+00:00\",\"breadcrumb\":{\"@id\":\"https:\\\/\\\/verdeaguanatureza.com\\\/pt-pt\\\/retiros\\\/#breadcrumb\"},\"inLanguage\":\"pt-PT\",\"potentialAction\":[{\"@type\":\"ReadAction\",\"target\":[\"https:\\\/\\\/verdeaguanatureza.com\\\/pt-pt\\\/retiros\\\/\"]}]},{\"@type\":\"ImageObject\",\"inLanguage\":\"pt-PT\",\"@id\":\"https:\\\/\\\/verdeaguanatureza.com\\\/pt-pt\\\/retiros\\\/#primaryimage\",\"url\":\"https:\\\/\\\/verdeaguanatureza.com\\\/wp-content\\\/uploads\\\/2026\\\/03\\\/IMG_20241029_161045-769x1024.jpg\",\"contentUrl\":\"https:\\\/\\\/verdeaguanatureza.com\\\/wp-content\\\/uploads\\\/2026\\\/03\\\/IMG_20241029_161045-769x1024.jpg\"},{\"@type\":\"BreadcrumbList\",\"@id\":\"https:\\\/\\\/verdeaguanatureza.com\\\/pt-pt\\\/retiros\\\/#breadcrumb\",\"itemListElement\":[{\"@type\":\"ListItem\",\"position\":1,\"name\":\"Home\",\"item\":\"https:\\\/\\\/verdeaguanatureza.com\\\/pt-pt\\\/\"},{\"@type\":\"ListItem\",\"position\":2,\"name\":\"Retiros\"}]},{\"@type\":\"WebSite\",\"@id\":\"https:\\\/\\\/verdeaguanatureza.com\\\/pt-pt\\\/#website\",\"url\":\"https:\\\/\\\/verdeaguanatureza.com\\\/pt-pt\\\/\",\"name\":\"Verde \u00c1gua\",\"description\":\"Agricultura Biol\u00f3gica | Agroturismo\",\"publisher\":{\"@id\":\"https:\\\/\\\/verdeaguanatureza.com\\\/pt-pt\\\/#organization\"},\"potentialAction\":[{\"@type\":\"SearchAction\",\"target\":{\"@type\":\"EntryPoint\",\"urlTemplate\":\"https:\\\/\\\/verdeaguanatureza.com\\\/pt-pt\\\/?s={search_term_string}\"},\"query-input\":{\"@type\":\"PropertyValueSpecification\",\"valueRequired\":true,\"valueName\":\"search_term_string\"}}],\"inLanguage\":\"pt-PT\"},{\"@type\":\"Organization\",\"@id\":\"https:\\\/\\\/verdeaguanatureza.com\\\/pt-pt\\\/#organization\",\"name\":\"Verde \u00c1gua Natureza\",\"url\":\"https:\\\/\\\/verdeaguanatureza.com\\\/pt-pt\\\/\",\"logo\":{\"@type\":\"ImageObject\",\"inLanguage\":\"pt-PT\",\"@id\":\"https:\\\/\\\/verdeaguanatureza.com\\\/pt-pt\\\/#\\\/schema\\\/logo\\\/image\\\/\",\"url\":\"https:\\\/\\\/verdeaguanatureza.com\\\/wp-content\\\/uploads\\\/2021\\\/01\\\/verde-agua-logo.svg\",\"contentUrl\":\"https:\\\/\\\/verdeaguanatureza.com\\\/wp-content\\\/uploads\\\/2021\\\/01\\\/verde-agua-logo.svg\",\"width\":1,\"height\":1,\"caption\":\"Verde \u00c1gua Natureza\"},\"image\":{\"@id\":\"https:\\\/\\\/verdeaguanatureza.com\\\/pt-pt\\\/#\\\/schema\\\/logo\\\/image\\\/\"},\"sameAs\":[\"https:\\\/\\\/www.facebook.com\\\/verdeaguanatureza-112147207229298\",\"https:\\\/\\\/www.instagram.com\\\/verdeaguanatureza\\\/\"]}]}<\/script>\n<!-- \/ Yoast SEO plugin. -->","yoast_head_json":{"title":"Retiros - Verde \u00c1gua Natureza","robots":{"index":"index","follow":"follow","max-snippet":"max-snippet:-1","max-image-preview":"max-image-preview:large","max-video-preview":"max-video-preview:-1"},"canonical":"https:\/\/verdeaguanatureza.com\/pt-pt\/retiros\/","og_locale":"pt_PT","og_type":"article","og_title":"Retiros - Verde \u00c1gua Natureza","og_description":"Retiros Din\u00e2micas na Natureza Com 10 hectares de natureza viva, a nossa quinta \u00e9 um lugar onde o tempo abranda e o essencial ganha espa\u00e7o. Um cen\u00e1rio ideal para retiros, din\u00e2micas de grupo, encontros conscientes e experi\u00eancias transformadoras, em profundo contacto com a terra e a \u00e1gua. A propriedade divide-se em 5 hectares de cultivo [&hellip;]","og_url":"https:\/\/verdeaguanatureza.com\/pt-pt\/retiros\/","og_site_name":"Verde \u00c1gua Natureza","article_publisher":"https:\/\/www.facebook.com\/verdeaguanatureza-112147207229298","article_modified_time":"2026-03-20T12:05:15+00:00","og_image":[{"width":900,"height":1198,"url":"https:\/\/verdeaguanatureza.com\/wp-content\/uploads\/2026\/03\/IMG_20241029_161045.jpg","type":"image\/jpeg"}],"twitter_card":"summary_large_image","twitter_misc":{"Tempo estimado de leitura":"2 minutos"},"schema":{"@context":"https:\/\/schema.org","@graph":[{"@type":"WebPage","@id":"https:\/\/verdeaguanatureza.com\/pt-pt\/retiros\/","url":"https:\/\/verdeaguanatureza.com\/pt-pt\/retiros\/","name":"Retiros - Verde \u00c1gua Natureza","isPartOf":{"@id":"https:\/\/verdeaguanatureza.com\/pt-pt\/#website"},"primaryImageOfPage":{"@id":"https:\/\/verdeaguanatureza.com\/pt-pt\/retiros\/#primaryimage"},"image":{"@id":"https:\/\/verdeaguanatureza.com\/pt-pt\/retiros\/#primaryimage"},"thumbnailUrl":"https:\/\/verdeaguanatureza.com\/wp-content\/uploads\/2026\/03\/IMG_20241029_161045-769x1024.jpg","datePublished":"2026-03-20T12:05:13+00:00","dateModified":"2026-03-20T12:05:15+00:00","breadcrumb":{"@id":"https:\/\/verdeaguanatureza.com\/pt-pt\/retiros\/#breadcrumb"},"inLanguage":"pt-PT","potentialAction":[{"@type":"ReadAction","target":["https:\/\/verdeaguanatureza.com\/pt-pt\/retiros\/"]}]},{"@type":"ImageObject","inLanguage":"pt-PT","@id":"https:\/\/verdeaguanatureza.com\/pt-pt\/retiros\/#primaryimage","url":"https:\/\/verdeaguanatureza.com\/wp-content\/uploads\/2026\/03\/IMG_20241029_161045-769x1024.jpg","contentUrl":"https:\/\/verdeaguanatureza.com\/wp-content\/uploads\/2026\/03\/IMG_20241029_161045-769x1024.jpg"},{"@type":"BreadcrumbList","@id":"https:\/\/verdeaguanatureza.com\/pt-pt\/retiros\/#breadcrumb","itemListElement":[{"@type":"ListItem","position":1,"name":"Home","item":"https:\/\/verdeaguanatureza.com\/pt-pt\/"},{"@type":"ListItem","position":2,"name":"Retiros"}]},{"@type":"WebSite","@id":"https:\/\/verdeaguanatureza.com\/pt-pt\/#website","url":"https:\/\/verdeaguanatureza.com\/pt-pt\/","name":"Verde \u00c1gua","description":"Agricultura Biol\u00f3gica | Agroturismo","publisher":{"@id":"https:\/\/verdeaguanatureza.com\/pt-pt\/#organization"},"potentialAction":[{"@type":"SearchAction","target":{"@type":"EntryPoint","urlTemplate":"https:\/\/verdeaguanatureza.com\/pt-pt\/?s={search_term_string}"},"query-input":{"@type":"PropertyValueSpecification","valueRequired":true,"valueName":"search_term_string"}}],"inLanguage":"pt-PT"},{"@type":"Organization","@id":"https:\/\/verdeaguanatureza.com\/pt-pt\/#organization","name":"Verde \u00c1gua Natureza","url":"https:\/\/verdeaguanatureza.com\/pt-pt\/","logo":{"@type":"ImageObject","inLanguage":"pt-PT","@id":"https:\/\/verdeaguanatureza.com\/pt-pt\/#\/schema\/logo\/image\/","url":"https:\/\/verdeaguanatureza.com\/wp-content\/uploads\/2021\/01\/verde-agua-logo.svg","contentUrl":"https:\/\/verdeaguanatureza.com\/wp-content\/uploads\/2021\/01\/verde-agua-logo.svg","width":1,"height":1,"caption":"Verde \u00c1gua Natureza"},"image":{"@id":"https:\/\/verdeaguanatureza.com\/pt-pt\/#\/schema\/logo\/image\/"},"sameAs":["https:\/\/www.facebook.com\/verdeaguanatureza-112147207229298","https:\/\/www.instagram.com\/verdeaguanatureza\/"]}]}},"_links":{"self":[{"href":"https:\/\/verdeaguanatureza.com\/pt-pt\/wp-json\/wp\/v2\/pages\/2699","targetHints":{"allow":["GET"]}}],"collection":[{"href":"https:\/\/verdeaguanatureza.com\/pt-pt\/wp-json\/wp\/v2\/pages"}],"about":[{"href":"https:\/\/verdeaguanatureza.com\/pt-pt\/wp-json\/wp\/v2\/types\/page"}],"author":[{"embeddable":true,"href":"https:\/\/verdeaguanatureza.com\/pt-pt\/wp-json\/wp\/v2\/users\/1"}],"replies":[{"embeddable":true,"href":"https:\/\/verdeaguanatureza.com\/pt-pt\/wp-json\/wp\/v2\/comments?post=2699"}],"version-history":[{"count":1,"href":"https:\/\/verdeaguanatureza.com\/pt-pt\/wp-json\/wp\/v2\/pages\/2699\/revisions"}],"predecessor-version":[{"id":2700,"href":"https:\/\/verdeaguanatureza.com\/pt-pt\/wp-json\/wp\/v2\/pages\/2699\/revisions\/2700"}],"wp:attachment":[{"href":"https:\/\/verdeaguanatureza.com\/pt-pt\/wp-json\/wp\/v2\/media?parent=2699"}],"curies":[{"name":"wp","href":"https:\/\/api.w.org\/{rel}","templated":true}]}}